{"id":582,"date":"2024-07-25T10:30:41","date_gmt":"2024-07-25T08:30:41","guid":{"rendered":"https:\/\/x3wa81tzml.onrocket.site\/?post_type=product&#038;p=582"},"modified":"2026-04-08T09:36:04","modified_gmt":"2026-04-08T07:36:04","slug":"sac-de-transport-coussin-aporia","status":"publish","type":"product","link":"https:\/\/blueportance.com\/en\/produits\/sac-de-transport-coussin-aporia\/","title":{"rendered":"Sac de transport coussin APORIA\u00ae"},"content":{"rendered":"","protected":false},"excerpt":{"rendered":"<p>Confectionn\u00e9 dans un tissu r\u00e9sistant et de qualit\u00e9, le sac de transport APORIA est fait\u00a0pour transporter votre coussin ergonomique partout avec vous ! Il dispose de deux jeux de poign\u00e9es de tailles diff\u00e9rentes pour un port\u00e9 main ou \u00e9paule. C&rsquo;est donc un sac tr\u00e8s pratique pour emporter votre coussin d&rsquo;assise\u00a0au cin\u00e9ma, dans votre voiture, dans le train, dans l&rsquo;avion&#8230;<\/p>","protected":false},"featured_media":583,"comment_status":"closed","ping_status":"closed","template":"","meta":{"_acf_changed":false},"product_brand":[],"product_cat":[76],"product_tag":[74],"class_list":{"0":"post-582","1":"product","2":"type-product","3":"status-publish","4":"has-post-thumbnail","6":"product_cat-accessoires","7":"product_tag-aporia","8":"product_shipping_class-livraison-sac-transport","10":"first","11":"instock","12":"taxable","13":"shipping-taxable","14":"purchasable","15":"product-type-simple","16":"add-to-wishlist-after_add_to_cart"},"acf":[],"yoast_head":"<!-- This site is optimized with the Yoast SEO Premium plugin v26.9 (Yoast SEO v27.3) - https:\/\/yoast.com\/product\/yoast-seo-premium-wordpress\/ -->\n<title>Sac de transport coussin APORIA\u00ae - Blue Portance<\/title>\n<meta name=\"robots\" content=\"index, follow, max-snippet:-1, max-image-preview:large, max-video-preview:-1\" \/>\n<link rel=\"canonical\" href=\"http:\/\/blueportance.com\/en\/produits\/sac-de-transport-coussin-aporia\/\" \/>\n<meta property=\"og:locale\" content=\"en_GB\" \/>\n<meta property=\"og:type\" content=\"article\" \/>\n<meta property=\"og:title\" content=\"Sac de transport coussin APORIA\u00ae\" \/>\n<meta property=\"og:description\" content=\"Confectionn\u00e9 dans un tissu r\u00e9sistant et de qualit\u00e9, le sac de transport APORIA est fait\u00a0pour transporter votre coussin ergonomique partout avec vous ! Il dispose de deux jeux de poign\u00e9es de tailles diff\u00e9rentes pour un port\u00e9 main ou \u00e9paule. C&#039;est donc un sac tr\u00e8s pratique pour emporter votre coussin d&#039;assise\u00a0au cin\u00e9ma, dans votre voiture, dans le train, dans l&#039;avion...\" \/>\n<meta property=\"og:url\" content=\"http:\/\/blueportance.com\/en\/produits\/sac-de-transport-coussin-aporia\/\" \/>\n<meta property=\"og:site_name\" content=\"Blue Portance\" \/>\n<meta property=\"article:publisher\" content=\"https:\/\/www.facebook.com\/people\/Blue-Portance\/100095243965964\/\" \/>\n<meta property=\"article:modified_time\" content=\"2026-04-08T07:36:04+00:00\" \/>\n<meta property=\"og:image\" content=\"http:\/\/blueportance.com\/wp-content\/uploads\/Sac-de-transport-coussin-Aporia.webp\" \/>\n\t<meta property=\"og:image:width\" content=\"725\" \/>\n\t<meta property=\"og:image:height\" content=\"480\" \/>\n\t<meta property=\"og:image:type\" content=\"image\/webp\" \/>\n<meta name=\"twitter:card\" content=\"summary_large_image\" \/>\n<meta name=\"twitter:label1\" content=\"Estimated reading time\" \/>\n\t<meta name=\"twitter:data1\" content=\"1 minute\" \/>\n<!-- \/ Yoast SEO Premium plugin. -->","yoast_head_json":{"title":"Sac de transport coussin APORIA\u00ae - Blue Portance","robots":{"index":"index","follow":"follow","max-snippet":"max-snippet:-1","max-image-preview":"max-image-preview:large","max-video-preview":"max-video-preview:-1"},"canonical":"http:\/\/blueportance.com\/en\/produits\/sac-de-transport-coussin-aporia\/","og_locale":"en_GB","og_type":"article","og_title":"Sac de transport coussin APORIA\u00ae","og_description":"Confectionn\u00e9 dans un tissu r\u00e9sistant et de qualit\u00e9, le sac de transport APORIA est fait\u00a0pour transporter votre coussin ergonomique partout avec vous ! Il dispose de deux jeux de poign\u00e9es de tailles diff\u00e9rentes pour un port\u00e9 main ou \u00e9paule. C'est donc un sac tr\u00e8s pratique pour emporter votre coussin d'assise\u00a0au cin\u00e9ma, dans votre voiture, dans le train, dans l'avion...","og_url":"http:\/\/blueportance.com\/en\/produits\/sac-de-transport-coussin-aporia\/","og_site_name":"Blue Portance","article_publisher":"https:\/\/www.facebook.com\/people\/Blue-Portance\/100095243965964\/","article_modified_time":"2026-04-08T07:36:04+00:00","og_image":[{"width":725,"height":480,"url":"http:\/\/blueportance.com\/wp-content\/uploads\/Sac-de-transport-coussin-Aporia.webp","type":"image\/webp"}],"twitter_card":"summary_large_image","twitter_misc":{"Estimated reading time":"1 minute"},"schema":{"@context":"https:\/\/schema.org","@graph":[{"@type":"WebPage","@id":"http:\/\/blueportance.com\/produits\/sac-de-transport-coussin-aporia\/","url":"http:\/\/blueportance.com\/produits\/sac-de-transport-coussin-aporia\/","name":"Sac de transport coussin APORIA\u00ae - Blue Portance","isPartOf":{"@id":"https:\/\/blueportance.com\/#website"},"primaryImageOfPage":{"@id":"http:\/\/blueportance.com\/produits\/sac-de-transport-coussin-aporia\/#primaryimage"},"image":{"@id":"http:\/\/blueportance.com\/produits\/sac-de-transport-coussin-aporia\/#primaryimage"},"thumbnailUrl":"https:\/\/blueportance.com\/wp-content\/uploads\/Sac-de-transport-coussin-Aporia.webp","datePublished":"2024-07-25T08:30:41+00:00","dateModified":"2026-04-08T07:36:04+00:00","breadcrumb":{"@id":"http:\/\/blueportance.com\/produits\/sac-de-transport-coussin-aporia\/#breadcrumb"},"inLanguage":"en-GB","potentialAction":[{"@type":"ReadAction","target":["http:\/\/blueportance.com\/produits\/sac-de-transport-coussin-aporia\/"]}]},{"@type":"ImageObject","inLanguage":"en-GB","@id":"http:\/\/blueportance.com\/produits\/sac-de-transport-coussin-aporia\/#primaryimage","url":"https:\/\/blueportance.com\/wp-content\/uploads\/Sac-de-transport-coussin-Aporia.webp","contentUrl":"https:\/\/blueportance.com\/wp-content\/uploads\/Sac-de-transport-coussin-Aporia.webp","width":725,"height":480,"caption":"Sac de transport pour coussin Aporia - BLUE PORTANCE"},{"@type":"BreadcrumbList","@id":"http:\/\/blueportance.com\/produits\/sac-de-transport-coussin-aporia\/#breadcrumb","itemListElement":[{"@type":"ListItem","position":1,"name":"Accueil","item":"https:\/\/blueportance.com\/"},{"@type":"ListItem","position":2,"name":"Boutique","item":"http:\/\/blueportance.com\/boutique\/"},{"@type":"ListItem","position":3,"name":"Sac de transport coussin APORIA\u00ae"}]},{"@type":"WebSite","@id":"https:\/\/blueportance.com\/#website","url":"https:\/\/blueportance.com\/","name":"Blue Portance","description":"Assises ergonomiques pour une posture saine et dynamique","publisher":{"@id":"https:\/\/blueportance.com\/#organization"},"potentialAction":[{"@type":"SearchAction","target":{"@type":"EntryPoint","urlTemplate":"https:\/\/blueportance.com\/?s={search_term_string}"},"query-input":{"@type":"PropertyValueSpecification","valueRequired":true,"valueName":"search_term_string"}}],"inLanguage":"en-GB"},{"@type":"Organization","@id":"https:\/\/blueportance.com\/#organization","name":"Blue Portance","url":"https:\/\/blueportance.com\/","logo":{"@type":"ImageObject","inLanguage":"en-GB","@id":"https:\/\/blueportance.com\/#\/schema\/logo\/image\/","url":"https:\/\/blueportance.com\/wp-content\/uploads\/Logo-Blue-Portance.webp","contentUrl":"https:\/\/blueportance.com\/wp-content\/uploads\/Logo-Blue-Portance.webp","width":246,"height":50,"caption":"Blue Portance"},"image":{"@id":"https:\/\/blueportance.com\/#\/schema\/logo\/image\/"},"sameAs":["https:\/\/www.facebook.com\/people\/Blue-Portance\/100095243965964\/"]}]}},"_links":{"self":[{"href":"https:\/\/blueportance.com\/en\/wp-json\/wp\/v2\/product\/582","targetHints":{"allow":["GET"]}}],"collection":[{"href":"https:\/\/blueportance.com\/en\/wp-json\/wp\/v2\/product"}],"about":[{"href":"https:\/\/blueportance.com\/en\/wp-json\/wp\/v2\/types\/product"}],"replies":[{"embeddable":true,"href":"https:\/\/blueportance.com\/en\/wp-json\/wp\/v2\/comments?post=582"}],"wp:featuredmedia":[{"embeddable":true,"href":"https:\/\/blueportance.com\/en\/wp-json\/wp\/v2\/media\/583"}],"wp:attachment":[{"href":"https:\/\/blueportance.com\/en\/wp-json\/wp\/v2\/media?parent=582"}],"wp:term":[{"taxonomy":"product_brand","embeddable":true,"href":"https:\/\/blueportance.com\/en\/wp-json\/wp\/v2\/product_brand?post=582"},{"taxonomy":"product_cat","embeddable":true,"href":"https:\/\/blueportance.com\/en\/wp-json\/wp\/v2\/product_cat?post=582"},{"taxonomy":"product_tag","embeddable":true,"href":"https:\/\/blueportance.com\/en\/wp-json\/wp\/v2\/product_tag?post=582"}],"curies":[{"name":"wp","href":"https:\/\/api.w.org\/{rel}","templated":true}]}}