{"id":3321,"date":"2025-10-13T16:33:56","date_gmt":"2025-10-13T14:33:56","guid":{"rendered":"https:\/\/blueportance.com\/?post_type=product&#038;p=3321"},"modified":"2026-04-08T09:36:04","modified_gmt":"2026-04-08T07:36:04","slug":"3321","status":"publish","type":"product","link":"https:\/\/blueportance.com\/en\/produits\/3321\/","title":{"rendered":"Repose-pieds universel pour chaise de bureau ou technique"},"content":{"rendered":"","protected":false},"excerpt":{"rendered":"<p>DESCRIPTION<\/p>\n<p>Le repose pieds r\u00e9glable universel fait un diam\u00e8tre de 44 cm, il s&rsquo;adapte sur tout type de chaises de bureau ergonomique et technique. Il se place sur le lift du si\u00e8ge ergonomique haut, et n\u00e9cessite un lift haut pour que le repose pieds universel soit \u00e0 bonne distance de l&rsquo;assise du si\u00e8ge. Pour faire de sa chaise de travail un si\u00e8ge haut de caisse, une chaise dessinateur, &#8230;<br \/>\nIl \u00e9quipe d&rsquo;origine les tabourets Chrysalis. Il peut \u00eatre associ\u00e9 au tabouret Essentia ou aux chaises de bureau sous r\u00e9serve de les \u00e9quiper d&rsquo;un lift haut. Son installation et simple gr\u00e2ce une manivelle permettant de le bloquer sur le lift.<\/p>","protected":false},"featured_media":3318,"comment_status":"closed","ping_status":"closed","template":"","meta":{"_acf_changed":false},"product_brand":[],"product_cat":[76],"product_tag":[],"class_list":{"0":"post-3321","1":"product","2":"type-product","3":"status-publish","4":"has-post-thumbnail","6":"product_cat-accessoires","7":"product_shipping_class-livraison-repose-pieds","9":"first","10":"instock","11":"taxable","12":"shipping-taxable","13":"purchasable","14":"product-type-simple","15":"add-to-wishlist-after_add_to_cart"},"acf":[],"yoast_head":"<!-- This site is optimized with the Yoast SEO Premium plugin v26.9 (Yoast SEO v27.3) - https:\/\/yoast.com\/product\/yoast-seo-premium-wordpress\/ -->\n<title>Repose-pieds universel pour chaise de bureau ou technique - Blue Portance<\/title>\n<meta name=\"robots\" content=\"index, follow, max-snippet:-1, max-image-preview:large, max-video-preview:-1\" \/>\n<link rel=\"canonical\" href=\"http:\/\/blueportance.com\/en\/produits\/3321\/\" \/>\n<meta property=\"og:locale\" content=\"en_GB\" \/>\n<meta property=\"og:type\" content=\"article\" \/>\n<meta property=\"og:title\" content=\"Repose-pieds universel pour chaise de bureau ou technique\" \/>\n<meta property=\"og:description\" content=\"DESCRIPTION  Le repose pieds r\u00e9glable universel fait un diam\u00e8tre de 44 cm, il s&#039;adapte sur tout type de chaises de bureau ergonomique et technique. Il se place sur le lift du si\u00e8ge ergonomique haut, et n\u00e9cessite un lift haut pour que le repose pieds universel soit \u00e0 bonne distance de l&#039;assise du si\u00e8ge. Pour faire de sa chaise de travail un si\u00e8ge haut de caisse, une chaise dessinateur, ...  Il \u00e9quipe d&#039;origine les tabourets Chrysalis. Il peut \u00eatre associ\u00e9 au tabouret Essentia ou aux chaises de bureau sous r\u00e9serve de les \u00e9quiper d&#039;un lift haut. Son installation et simple gr\u00e2ce une manivelle permettant de le bloquer sur le lift.\" \/>\n<meta property=\"og:url\" content=\"http:\/\/blueportance.com\/en\/produits\/3321\/\" \/>\n<meta property=\"og:site_name\" content=\"Blue Portance\" \/>\n<meta property=\"article:publisher\" content=\"https:\/\/www.facebook.com\/people\/Blue-Portance\/100095243965964\/\" \/>\n<meta property=\"article:modified_time\" content=\"2026-04-08T07:36:04+00:00\" \/>\n<meta property=\"og:image\" content=\"http:\/\/blueportance.com\/wp-content\/uploads\/repose-pieds-reglable-10203-1.jpg\" \/>\n\t<meta property=\"og:image:width\" content=\"878\" \/>\n\t<meta property=\"og:image:height\" content=\"806\" \/>\n\t<meta property=\"og:image:type\" content=\"image\/jpeg\" \/>\n<meta name=\"twitter:card\" content=\"summary_large_image\" \/>\n<meta name=\"twitter:label1\" content=\"Estimated reading time\" \/>\n\t<meta name=\"twitter:data1\" content=\"1 minute\" \/>\n<!-- \/ Yoast SEO Premium plugin. -->","yoast_head_json":{"title":"Repose-pieds universel pour chaise de bureau ou technique - Blue Portance","robots":{"index":"index","follow":"follow","max-snippet":"max-snippet:-1","max-image-preview":"max-image-preview:large","max-video-preview":"max-video-preview:-1"},"canonical":"http:\/\/blueportance.com\/en\/produits\/3321\/","og_locale":"en_GB","og_type":"article","og_title":"Repose-pieds universel pour chaise de bureau ou technique","og_description":"DESCRIPTION  Le repose pieds r\u00e9glable universel fait un diam\u00e8tre de 44 cm, il s'adapte sur tout type de chaises de bureau ergonomique et technique. Il se place sur le lift du si\u00e8ge ergonomique haut, et n\u00e9cessite un lift haut pour que le repose pieds universel soit \u00e0 bonne distance de l'assise du si\u00e8ge. Pour faire de sa chaise de travail un si\u00e8ge haut de caisse, une chaise dessinateur, ...  Il \u00e9quipe d'origine les tabourets Chrysalis. Il peut \u00eatre associ\u00e9 au tabouret Essentia ou aux chaises de bureau sous r\u00e9serve de les \u00e9quiper d'un lift haut. Son installation et simple gr\u00e2ce une manivelle permettant de le bloquer sur le lift.","og_url":"http:\/\/blueportance.com\/en\/produits\/3321\/","og_site_name":"Blue Portance","article_publisher":"https:\/\/www.facebook.com\/people\/Blue-Portance\/100095243965964\/","article_modified_time":"2026-04-08T07:36:04+00:00","og_image":[{"width":878,"height":806,"url":"http:\/\/blueportance.com\/wp-content\/uploads\/repose-pieds-reglable-10203-1.jpg","type":"image\/jpeg"}],"twitter_card":"summary_large_image","twitter_misc":{"Estimated reading time":"1 minute"},"schema":{"@context":"https:\/\/schema.org","@graph":[{"@type":"WebPage","@id":"http:\/\/blueportance.com\/produits\/3321\/","url":"http:\/\/blueportance.com\/produits\/3321\/","name":"Repose-pieds universel pour chaise de bureau ou technique - Blue Portance","isPartOf":{"@id":"https:\/\/blueportance.com\/#website"},"primaryImageOfPage":{"@id":"http:\/\/blueportance.com\/produits\/3321\/#primaryimage"},"image":{"@id":"http:\/\/blueportance.com\/produits\/3321\/#primaryimage"},"thumbnailUrl":"https:\/\/blueportance.com\/wp-content\/uploads\/repose-pieds-reglable-10203-1.jpg","datePublished":"2025-10-13T14:33:56+00:00","dateModified":"2026-04-08T07:36:04+00:00","breadcrumb":{"@id":"http:\/\/blueportance.com\/produits\/3321\/#breadcrumb"},"inLanguage":"en-GB","potentialAction":[{"@type":"ReadAction","target":["http:\/\/blueportance.com\/produits\/3321\/"]}]},{"@type":"ImageObject","inLanguage":"en-GB","@id":"http:\/\/blueportance.com\/produits\/3321\/#primaryimage","url":"https:\/\/blueportance.com\/wp-content\/uploads\/repose-pieds-reglable-10203-1.jpg","contentUrl":"https:\/\/blueportance.com\/wp-content\/uploads\/repose-pieds-reglable-10203-1.jpg","width":878,"height":806,"caption":"Permet d'avoir les pieds repos\u00e9s et les genoux \u00e0 la bonne hauteur"},{"@type":"BreadcrumbList","@id":"http:\/\/blueportance.com\/produits\/3321\/#breadcrumb","itemListElement":[{"@type":"ListItem","position":1,"name":"Accueil","item":"https:\/\/blueportance.com\/"},{"@type":"ListItem","position":2,"name":"Boutique","item":"http:\/\/blueportance.com\/boutique\/"},{"@type":"ListItem","position":3,"name":"Repose-pieds universel pour chaise de bureau ou technique"}]},{"@type":"WebSite","@id":"https:\/\/blueportance.com\/#website","url":"https:\/\/blueportance.com\/","name":"Blue Portance","description":"Assises ergonomiques pour une posture saine et dynamique","publisher":{"@id":"https:\/\/blueportance.com\/#organization"},"potentialAction":[{"@type":"SearchAction","target":{"@type":"EntryPoint","urlTemplate":"https:\/\/blueportance.com\/?s={search_term_string}"},"query-input":{"@type":"PropertyValueSpecification","valueRequired":true,"valueName":"search_term_string"}}],"inLanguage":"en-GB"},{"@type":"Organization","@id":"https:\/\/blueportance.com\/#organization","name":"Blue Portance","url":"https:\/\/blueportance.com\/","logo":{"@type":"ImageObject","inLanguage":"en-GB","@id":"https:\/\/blueportance.com\/#\/schema\/logo\/image\/","url":"https:\/\/blueportance.com\/wp-content\/uploads\/Logo-Blue-Portance.webp","contentUrl":"https:\/\/blueportance.com\/wp-content\/uploads\/Logo-Blue-Portance.webp","width":246,"height":50,"caption":"Blue Portance"},"image":{"@id":"https:\/\/blueportance.com\/#\/schema\/logo\/image\/"},"sameAs":["https:\/\/www.facebook.com\/people\/Blue-Portance\/100095243965964\/"]}]}},"_links":{"self":[{"href":"https:\/\/blueportance.com\/en\/wp-json\/wp\/v2\/product\/3321","targetHints":{"allow":["GET"]}}],"collection":[{"href":"https:\/\/blueportance.com\/en\/wp-json\/wp\/v2\/product"}],"about":[{"href":"https:\/\/blueportance.com\/en\/wp-json\/wp\/v2\/types\/product"}],"replies":[{"embeddable":true,"href":"https:\/\/blueportance.com\/en\/wp-json\/wp\/v2\/comments?post=3321"}],"wp:featuredmedia":[{"embeddable":true,"href":"https:\/\/blueportance.com\/en\/wp-json\/wp\/v2\/media\/3318"}],"wp:attachment":[{"href":"https:\/\/blueportance.com\/en\/wp-json\/wp\/v2\/media?parent=3321"}],"wp:term":[{"taxonomy":"product_brand","embeddable":true,"href":"https:\/\/blueportance.com\/en\/wp-json\/wp\/v2\/product_brand?post=3321"},{"taxonomy":"product_cat","embeddable":true,"href":"https:\/\/blueportance.com\/en\/wp-json\/wp\/v2\/product_cat?post=3321"},{"taxonomy":"product_tag","embeddable":true,"href":"https:\/\/blueportance.com\/en\/wp-json\/wp\/v2\/product_tag?post=3321"}],"curies":[{"name":"wp","href":"https:\/\/api.w.org\/{rel}","templated":true}]}}