{"id":2478,"date":"2025-05-02T17:24:05","date_gmt":"2025-05-02T15:24:05","guid":{"rendered":"https:\/\/x3wa81tzml.onrocket.site\/?post_type=product&#038;p=2478"},"modified":"2026-04-08T09:36:35","modified_gmt":"2026-04-08T07:36:35","slug":"tabouret-essentia","status":"publish","type":"product","link":"https:\/\/blueportance.com\/en\/produits\/tabouret-essentia\/","title":{"rendered":"Tabouret Essentia"},"content":{"rendered":"<p class=\"p1\"><span class=\"s1\">IDEAL POUR :<\/span> Les petits espaces ou<\/p>\n<p class=\"p1\">les configurations minimalistes<\/p>\n<p class=\"p2\">CARACTERISTIQUES : <span class=\"s2\">R\u00e9glage en<\/span><\/p>\n<p class=\"p1\">hauteur l Base stable et robuste l<\/p>\n<p class=\"p1\">Design compact l parfait pour les<\/p>\n<p class=\"p1\">environnements exigus<\/p>\n<p class=\"p2\">DIMENSIONS :<\/p>\n<p class=\"p1\">Largeur : 640 mm l Hauteur assise :<\/p>\n<p class=\"p1\">610-860 mm l Profondeur : 500 mm<\/p>","protected":false},"excerpt":{"rendered":"<h3 data-start=\"280\" data-end=\"775\"><strong data-start=\"143\" data-end=\"220\">Con\u00e7u pour les espaces exigus et les postures contraignantes.<\/strong><br data-start=\"220\" data-end=\"223\" \/><strong data-start=\"223\" data-end=\"331\">Lib\u00e9rez vos tensions et retrouvez votre mobilit\u00e9 pour de longues heures de bien-\u00eatre en position assise.<\/strong><\/h3>\n<p class=\"\" data-start=\"280\" data-end=\"775\">Con\u00e7u \u00e0 l\u2019origine pour les professionnels \u00e9voluant dans des espaces restreints ou soumis \u00e0 de fortes contraintes posturales (esth\u00e9ticiennes, tatoueurs, dentistes\u2026), <strong data-start=\"445\" data-end=\"457\">Essentia<\/strong> r\u00e9pond aux besoins de celles et ceux qui passent de longues heures assis, concentr\u00e9s, manipulant des outils de pr\u00e9cision et effectuant des gestes r\u00e9p\u00e9titifs. Pench\u00e9 en avant sur le patient ou le client, pi\u00e9tinant dans un espace limit\u00e9\u2026 chaque posture contraignante devient une source de surcharge musculosquelettique.<\/p>\n<p class=\"\" data-start=\"777\" data-end=\"960\"><strong data-start=\"777\" data-end=\"836\">L\u2019assise Essentia procure un maintien postural imm\u00e9diat<\/strong> et durable, lib\u00e9rant le corps des tensions pour de longues heures d&rsquo;activit\u00e9, avec une sensation de bien-\u00eatre incomparable.<\/p>\n<p class=\"\" data-start=\"962\" data-end=\"1044\">Essentia s\u2019adapte \u00e0 vos besoins sp\u00e9cifiques gr\u00e2ce \u00e0 ses trois versions d\u2019Exobase :<\/p>\n<ul data-start=\"1046\" data-end=\"1472\">\n<li class=\"\" data-start=\"1046\" data-end=\"1183\">\n<p class=\"\" data-start=\"1048\" data-end=\"1183\"><strong data-start=\"1048\" data-end=\"1068\">Version Standard<\/strong> : usage polyvalent \u2013 id\u00e9ale pour les TMS, lombalgies, hernies discales, fibromyalgie, n\u00e9vralgie clun\u00e9ale simple.<\/p>\n<\/li>\n<li class=\"\" data-start=\"1184\" data-end=\"1328\">\n<p class=\"\" data-start=\"1186\" data-end=\"1328\"><strong data-start=\"1186\" data-end=\"1205\">Version P\u00e9rin\u00e9e<\/strong> : con\u00e7ue pour soulager les douleurs p\u00e9rin\u00e9ales \u2013 n\u00e9vralgie pudendale, clun\u00e9ale combin\u00e9e, post-partum, endom\u00e9triose, etc.<\/p>\n<\/li>\n<li class=\"\" data-start=\"1329\" data-end=\"1472\">\n<p class=\"\" data-start=\"1331\" data-end=\"1472\"><strong data-start=\"1331\" data-end=\"1349\">Version Coccyx<\/strong> : recommand\u00e9e en cas de douleurs au coccyx, au sacrum ou au pli interfessier \u2013 coccygodynie, kyste pilonidal, h\u00e9morro\u00efdes\u2026<\/p>\n<\/li>\n<\/ul>\n<p class=\"\" data-start=\"1473\" data-end=\"1600\">En compl\u00e9ment, vous pouvez choisir <strong>avec ou sans repose-pieds r\u00e9glable en hauteur<\/strong>.<br \/>\nCet accessoire am\u00e9liore encore l\u2019ergonomie de l\u2019assise : il permet de garder les pieds bien ancr\u00e9s au sol, d\u2019adapter la hauteur \u00e0 chaque utilisateur et de maintenir une <em>stabilit\u00e9 optimale<\/em>, m\u00eame lors d\u2019un usage prolong\u00e9.<\/p>\n<blockquote data-start=\"1474\" data-end=\"1599\">\n<p class=\"\" data-start=\"1476\" data-end=\"1599\">L\u2019assise sur laquelle il est <strong data-start=\"1505\" data-end=\"1532\">impossible de s\u2019avachir<\/strong>.<br data-start=\"1533\" data-end=\"1536\" \/>Essayez <strong data-start=\"1546\" data-end=\"1558\">Essentia<\/strong> d\u00e8s aujourd\u2019hui et sentez la diff\u00e9rence.<\/p>\n<\/blockquote>\n<p data-start=\"1476\" data-end=\"1599\"><strong>Nos clients t\u00e9moignent :<\/strong><\/p>\n<p data-start=\"1476\" data-end=\"1599\"><em>\ud83d\udcac \u201c<\/em>\u00ab\u00a0Avec Essentia je ne peux plus m&rsquo;avachir &#8211; Guillaume S. &#8211; Market Academy<\/p>\n<p data-start=\"1476\" data-end=\"1599\"><em>\ud83d\udcac \u201c<\/em>\u00a0\u00bb Essntia a chang\u00e9 ma vie. Je suis lib\u00e9r\u00e9e de mes douleurs\u00a0\u00bb &#8211; Sabrina T. Instant Cil<\/p>","protected":false},"featured_media":577,"comment_status":"closed","ping_status":"closed","template":"","meta":{"_acf_changed":false},"product_brand":[],"product_cat":[75,250],"product_tag":[],"class_list":{"0":"post-2478","1":"product","2":"type-product","3":"status-publish","4":"has-post-thumbnail","6":"product_cat-assises-integrees","7":"product_cat-tabourets-tabourets","8":"product_shipping_class-livraison-tabouret-essential","10":"first","11":"instock","12":"taxable","13":"shipping-taxable","14":"purchasable","15":"product-type-variable","16":"add-to-wishlist-after_add_to_cart"},"acf":[],"yoast_head":"<!-- This site is optimized with the Yoast SEO Premium plugin v26.9 (Yoast SEO v27.3) - https:\/\/yoast.com\/product\/yoast-seo-premium-wordpress\/ -->\n<title>Tabouret Essentia - Blue Portance<\/title>\n<meta name=\"robots\" content=\"index, follow, max-snippet:-1, max-image-preview:large, max-video-preview:-1\" \/>\n<link rel=\"canonical\" href=\"https:\/\/blueportance.com\/en\/produits\/tabouret-essentia\/\" \/>\n<meta property=\"og:locale\" content=\"en_GB\" \/>\n<meta property=\"og:type\" content=\"article\" \/>\n<meta property=\"og:title\" content=\"Tabouret Essentia\" \/>\n<meta property=\"og:description\" content=\"Con\u00e7u pour les espaces exigus et les postures contraignantes.Lib\u00e9rez vos tensions et retrouvez votre mobilit\u00e9 pour de longues heures de bien-\u00eatre en position assise. Con\u00e7u \u00e0 l\u2019origine pour les professionnels \u00e9voluant dans des espaces restreints ou soumis \u00e0 de fortes contraintes posturales (esth\u00e9ticiennes, tatoueurs, dentistes\u2026), Essentia r\u00e9pond aux besoins de celles et ceux qui passent de longues heures assis, concentr\u00e9s, manipulant des outils de pr\u00e9cision et effectuant des gestes r\u00e9p\u00e9titifs. Pench\u00e9 en avant sur le patient ou le client, pi\u00e9tinant dans un espace limit\u00e9\u2026 chaque posture contraignante devient une source de surcharge musculosquelettique. L\u2019assise Essentia procure un maintien postural imm\u00e9diat et durable, lib\u00e9rant le corps des tensions pour de longues heures d&#039;activit\u00e9, avec une sensation de bien-\u00eatre incomparable. Essentia s\u2019adapte \u00e0 vos besoins sp\u00e9cifiques gr\u00e2ce \u00e0 ses trois versions d\u2019Exobase :     Version Standard : usage polyvalent \u2013 id\u00e9ale pour les TMS, lombalgies, hernies discales, fibromyalgie, n\u00e9vralgie clun\u00e9ale simple.    Version P\u00e9rin\u00e9e : con\u00e7ue pour soulager les douleurs p\u00e9rin\u00e9ales \u2013 n\u00e9vralgie pudendale, clun\u00e9ale combin\u00e9e, post-partum, endom\u00e9triose, etc.    Version Coccyx : recommand\u00e9e en cas de douleurs au coccyx, au sacrum ou au pli interfessier \u2013 coccygodynie, kyste pilonidal, h\u00e9morro\u00efdes\u2026   En compl\u00e9ment, vous pouvez choisir avec ou sans repose-pieds r\u00e9glable en hauteur. Cet accessoire am\u00e9liore encore l\u2019ergonomie de l\u2019assise : il permet de garder les pieds bien ancr\u00e9s au sol, d\u2019adapter la hauteur \u00e0 chaque utilisateur et de maintenir une stabilit\u00e9 optimale, m\u00eame lors d\u2019un usage prolong\u00e9.   L\u2019assise sur laquelle il est impossible de s\u2019avachir.Essayez Essentia d\u00e8s aujourd\u2019hui et sentez la diff\u00e9rence.  Nos clients t\u00e9moignent : \ud83d\udcac \u201c&quot;Avec Essentia je ne peux plus m&#039;avachir - Guillaume S. - Market Academy \ud83d\udcac \u201c&quot; Essntia a chang\u00e9 ma vie. Je suis lib\u00e9r\u00e9e de mes douleurs&quot; - Sabrina T. Instant Cil\" \/>\n<meta property=\"og:url\" content=\"https:\/\/blueportance.com\/en\/produits\/tabouret-essentia\/\" \/>\n<meta property=\"og:site_name\" content=\"Blue Portance\" \/>\n<meta property=\"article:publisher\" content=\"https:\/\/www.facebook.com\/people\/Blue-Portance\/100095243965964\/\" \/>\n<meta property=\"article:modified_time\" content=\"2026-04-08T07:36:35+00:00\" \/>\n<meta property=\"og:image\" content=\"https:\/\/blueportance.com\/wp-content\/uploads\/Tabouret-Ergonomique-Nevralgie-Pudendale-APORIA.webp\" \/>\n\t<meta property=\"og:image:width\" content=\"525\" \/>\n\t<meta property=\"og:image:height\" content=\"525\" \/>\n\t<meta property=\"og:image:type\" content=\"image\/webp\" \/>\n<meta name=\"twitter:card\" content=\"summary_large_image\" \/>\n<meta name=\"twitter:label1\" content=\"Estimated reading time\" \/>\n\t<meta name=\"twitter:data1\" content=\"1 minute\" \/>\n<!-- \/ Yoast SEO Premium plugin. -->","yoast_head_json":{"title":"Tabouret Essentia - Blue Portance","robots":{"index":"index","follow":"follow","max-snippet":"max-snippet:-1","max-image-preview":"max-image-preview:large","max-video-preview":"max-video-preview:-1"},"canonical":"https:\/\/blueportance.com\/en\/produits\/tabouret-essentia\/","og_locale":"en_GB","og_type":"article","og_title":"Tabouret Essentia","og_description":"Con\u00e7u pour les espaces exigus et les postures contraignantes.Lib\u00e9rez vos tensions et retrouvez votre mobilit\u00e9 pour de longues heures de bien-\u00eatre en position assise. Con\u00e7u \u00e0 l\u2019origine pour les professionnels \u00e9voluant dans des espaces restreints ou soumis \u00e0 de fortes contraintes posturales (esth\u00e9ticiennes, tatoueurs, dentistes\u2026), Essentia r\u00e9pond aux besoins de celles et ceux qui passent de longues heures assis, concentr\u00e9s, manipulant des outils de pr\u00e9cision et effectuant des gestes r\u00e9p\u00e9titifs. Pench\u00e9 en avant sur le patient ou le client, pi\u00e9tinant dans un espace limit\u00e9\u2026 chaque posture contraignante devient une source de surcharge musculosquelettique. L\u2019assise Essentia procure un maintien postural imm\u00e9diat et durable, lib\u00e9rant le corps des tensions pour de longues heures d'activit\u00e9, avec une sensation de bien-\u00eatre incomparable. Essentia s\u2019adapte \u00e0 vos besoins sp\u00e9cifiques gr\u00e2ce \u00e0 ses trois versions d\u2019Exobase :     Version Standard : usage polyvalent \u2013 id\u00e9ale pour les TMS, lombalgies, hernies discales, fibromyalgie, n\u00e9vralgie clun\u00e9ale simple.    Version P\u00e9rin\u00e9e : con\u00e7ue pour soulager les douleurs p\u00e9rin\u00e9ales \u2013 n\u00e9vralgie pudendale, clun\u00e9ale combin\u00e9e, post-partum, endom\u00e9triose, etc.    Version Coccyx : recommand\u00e9e en cas de douleurs au coccyx, au sacrum ou au pli interfessier \u2013 coccygodynie, kyste pilonidal, h\u00e9morro\u00efdes\u2026   En compl\u00e9ment, vous pouvez choisir avec ou sans repose-pieds r\u00e9glable en hauteur. Cet accessoire am\u00e9liore encore l\u2019ergonomie de l\u2019assise : il permet de garder les pieds bien ancr\u00e9s au sol, d\u2019adapter la hauteur \u00e0 chaque utilisateur et de maintenir une stabilit\u00e9 optimale, m\u00eame lors d\u2019un usage prolong\u00e9.   L\u2019assise sur laquelle il est impossible de s\u2019avachir.Essayez Essentia d\u00e8s aujourd\u2019hui et sentez la diff\u00e9rence.  Nos clients t\u00e9moignent : \ud83d\udcac \u201c\"Avec Essentia je ne peux plus m'avachir - Guillaume S. - Market Academy \ud83d\udcac \u201c\" Essntia a chang\u00e9 ma vie. Je suis lib\u00e9r\u00e9e de mes douleurs\" - Sabrina T. Instant Cil","og_url":"https:\/\/blueportance.com\/en\/produits\/tabouret-essentia\/","og_site_name":"Blue Portance","article_publisher":"https:\/\/www.facebook.com\/people\/Blue-Portance\/100095243965964\/","article_modified_time":"2026-04-08T07:36:35+00:00","og_image":[{"width":525,"height":525,"url":"https:\/\/blueportance.com\/wp-content\/uploads\/Tabouret-Ergonomique-Nevralgie-Pudendale-APORIA.webp","type":"image\/webp"}],"twitter_card":"summary_large_image","twitter_misc":{"Estimated reading time":"1 minute"},"schema":{"@context":"https:\/\/schema.org","@graph":[{"@type":"WebPage","@id":"https:\/\/blueportance.com\/produits\/tabouret-essentia\/","url":"https:\/\/blueportance.com\/produits\/tabouret-essentia\/","name":"Tabouret Essentia - Blue Portance","isPartOf":{"@id":"https:\/\/blueportance.com\/#website"},"primaryImageOfPage":{"@id":"https:\/\/blueportance.com\/produits\/tabouret-essentia\/#primaryimage"},"image":{"@id":"https:\/\/blueportance.com\/produits\/tabouret-essentia\/#primaryimage"},"thumbnailUrl":"https:\/\/blueportance.com\/wp-content\/uploads\/Tabouret-Ergonomique-Nevralgie-Pudendale-APORIA.webp","datePublished":"2025-05-02T15:24:05+00:00","dateModified":"2026-04-08T07:36:35+00:00","breadcrumb":{"@id":"https:\/\/blueportance.com\/produits\/tabouret-essentia\/#breadcrumb"},"inLanguage":"en-GB","potentialAction":[{"@type":"ReadAction","target":["https:\/\/blueportance.com\/produits\/tabouret-essentia\/"]}]},{"@type":"ImageObject","inLanguage":"en-GB","@id":"https:\/\/blueportance.com\/produits\/tabouret-essentia\/#primaryimage","url":"https:\/\/blueportance.com\/wp-content\/uploads\/Tabouret-Ergonomique-Nevralgie-Pudendale-APORIA.webp","contentUrl":"https:\/\/blueportance.com\/wp-content\/uploads\/Tabouret-Ergonomique-Nevralgie-Pudendale-APORIA.webp","width":525,"height":525,"caption":"Tabouret Ergonomique N\u00e9vralgie Pudendale APORIA by Blue Portance"},{"@type":"BreadcrumbList","@id":"https:\/\/blueportance.com\/produits\/tabouret-essentia\/#breadcrumb","itemListElement":[{"@type":"ListItem","position":1,"name":"Accueil","item":"https:\/\/blueportance.com\/"},{"@type":"ListItem","position":2,"name":"Boutique","item":"http:\/\/blueportance.com\/boutique\/"},{"@type":"ListItem","position":3,"name":"Tabouret Essentia"}]},{"@type":"WebSite","@id":"https:\/\/blueportance.com\/#website","url":"https:\/\/blueportance.com\/","name":"Blue Portance","description":"Assises ergonomiques pour une posture saine et dynamique","publisher":{"@id":"https:\/\/blueportance.com\/#organization"},"potentialAction":[{"@type":"SearchAction","target":{"@type":"EntryPoint","urlTemplate":"https:\/\/blueportance.com\/?s={search_term_string}"},"query-input":{"@type":"PropertyValueSpecification","valueRequired":true,"valueName":"search_term_string"}}],"inLanguage":"en-GB"},{"@type":"Organization","@id":"https:\/\/blueportance.com\/#organization","name":"Blue Portance","url":"https:\/\/blueportance.com\/","logo":{"@type":"ImageObject","inLanguage":"en-GB","@id":"https:\/\/blueportance.com\/#\/schema\/logo\/image\/","url":"https:\/\/blueportance.com\/wp-content\/uploads\/Logo-Blue-Portance.webp","contentUrl":"https:\/\/blueportance.com\/wp-content\/uploads\/Logo-Blue-Portance.webp","width":246,"height":50,"caption":"Blue Portance"},"image":{"@id":"https:\/\/blueportance.com\/#\/schema\/logo\/image\/"},"sameAs":["https:\/\/www.facebook.com\/people\/Blue-Portance\/100095243965964\/"]}]}},"_links":{"self":[{"href":"https:\/\/blueportance.com\/en\/wp-json\/wp\/v2\/product\/2478","targetHints":{"allow":["GET"]}}],"collection":[{"href":"https:\/\/blueportance.com\/en\/wp-json\/wp\/v2\/product"}],"about":[{"href":"https:\/\/blueportance.com\/en\/wp-json\/wp\/v2\/types\/product"}],"replies":[{"embeddable":true,"href":"https:\/\/blueportance.com\/en\/wp-json\/wp\/v2\/comments?post=2478"}],"wp:featuredmedia":[{"embeddable":true,"href":"https:\/\/blueportance.com\/en\/wp-json\/wp\/v2\/media\/577"}],"wp:attachment":[{"href":"https:\/\/blueportance.com\/en\/wp-json\/wp\/v2\/media?parent=2478"}],"wp:term":[{"taxonomy":"product_brand","embeddable":true,"href":"https:\/\/blueportance.com\/en\/wp-json\/wp\/v2\/product_brand?post=2478"},{"taxonomy":"product_cat","embeddable":true,"href":"https:\/\/blueportance.com\/en\/wp-json\/wp\/v2\/product_cat?post=2478"},{"taxonomy":"product_tag","embeddable":true,"href":"https:\/\/blueportance.com\/en\/wp-json\/wp\/v2\/product_tag?post=2478"}],"curies":[{"name":"wp","href":"https:\/\/api.w.org\/{rel}","templated":true}]}}