{"id":2245,"date":"2025-04-22T22:42:41","date_gmt":"2025-04-22T20:42:41","guid":{"rendered":"https:\/\/x3wa81tzml.onrocket.site\/?post_type=product&#038;p=2245"},"modified":"2026-04-08T09:36:35","modified_gmt":"2026-04-08T07:36:35","slug":"tabouret-chrysalis","status":"publish","type":"product","link":"https:\/\/blueportance.com\/en\/produits\/tabouret-chrysalis\/","title":{"rendered":"Tabouret Chrysalis"},"content":{"rendered":"\n\t<section class=\"section\" id=\"section_480813300\">\n\t\t<div class=\"section-bg fill\" >\n\t\t\t\t\t\t\t\t\t\n\t\t\t\n\n\t\t<\/div>\n\n\t\t\n\n\t\t<div class=\"section-content relative\">\n\t\t\t\n\n<p>script&gt;<br \/>\ndocument.addEventListener(&lsquo;DOMContentLoaded&rsquo;, function() {<br \/>\nsetTimeout(function() {<br \/>\n\/\/ Lire la version s\u00e9lectionn\u00e9e depuis localStorage<br \/>\nconst selectedVersion = localStorage.getItem(&lsquo;selectedVersion&rsquo;);<\/p>\n<p>\/\/ Mettre \u00e0 jour la liste d\u00e9roulante des versions<br \/>\nif (selectedVersion) {<br \/>\nconst versionDropdown = document.querySelector(&lsquo;select[name=\u00a0\u00bbattribute_version\u00a0\u00bb]&rsquo;);<\/p>\n<p>if (versionDropdown) {<br \/>\n\/\/ Parcourir les options de la liste d\u00e9roulante et s\u00e9lectionner celle qui correspond \u00e0 la version stock\u00e9e<br \/>\nfor (let i = 0; i &lt; versionDropdown.options.length; i++) {<br \/>\nif (versionDropdown.options[i].value === selectedVersion) {<br \/>\nversionDropdown.selectedIndex = i;<\/p>\n<p>\/\/ D\u00e9clencher l&rsquo;\u00e9v\u00e9nement &lsquo;change&rsquo; pour mettre \u00e0 jour la s\u00e9lection<br \/>\nconst event = new Event(&lsquo;change&rsquo;);<br \/>\nversionDropdown.dispatchEvent(event);<\/p>\n<p>break;<br \/>\n}<br \/>\n}<br \/>\n} else {<br \/>\nconsole.log(&lsquo;Liste d\u00e9roulante des versions non trouv\u00e9e.&rsquo;);<br \/>\n}<br \/>\n} else {<br \/>\nconsole.log(&lsquo;Aucune version s\u00e9lectionn\u00e9e.&rsquo;);<br \/>\n}<br \/>\n}, 2000); \/\/ D\u00e9lai de 2 secondes<br \/>\n});<\/p>\n\n<p class=\"p1\"><span class=\"s1\">IDEAL POUR :<\/span> Postures hautes et usages polyvalents<\/p>\n<p class=\"p2\">CARACTERISTIQUES :<\/p>\n<p class=\"p2\"><span class=\"s2\">R\u00e9glages <\/span>ind\u00e9pendants de l\u2019assise et du dossier pour une adaptation personnalis\u00e9e<\/p>\n<p class=\"p2\">Repose-pieds ajustable pour un confort optimal en position haute l<\/p>\n<p class=\"p1\">Base \u00e9largie pour une stabilit\u00e9 renforc\u00e9e<\/p>\n<p class=\"p2\">DIMENSIONS :<\/p>\n<p class=\"p1\">Largeur : 640 mm l Hauteur assise :<\/p>\n<p class=\"p1\">610-860 mm l Hauteur dossier : 990-<\/p>\n<p class=\"p1\">1240 mm l Profondeur : 500 mm<\/p>\n\t\t<\/div>\n\n\t\t\n<style>\n#section_480813300 {\n  padding-top: 30px;\n  padding-bottom: 30px;\n}\n<\/style>\n\t<\/section>\n\t\n","protected":false},"excerpt":{"rendered":"<h3 class=\"\" data-start=\"400\" data-end=\"503\"><strong data-start=\"407\" data-end=\"503\">Chrysalis : le tabouret ergonomique qui allie mobilit\u00e9 posturale et stabilit\u00e9 permanente<\/strong><\/h3>\n<h3 data-start=\"231\" data-end=\"337\"><strong>un confort ma\u00eetris\u00e9 dans des environnements de travail modulables<\/strong><\/h3>\n<p class=\"\" data-start=\"594\" data-end=\"879\">Pens\u00e9 pour accompagner les professionnels aux postures vari\u00e9es, <strong data-start=\"658\" data-end=\"671\">Chrysalis<\/strong> offre une r\u00e9ponse ergonomique \u00e0 la fois <strong data-start=\"712\" data-end=\"743\">mobile, stable et intuitive<\/strong>. Son <strong data-start=\"749\" data-end=\"773\">m\u00e9canisme asynchrone<\/strong> permet un r\u00e9glage ind\u00e9pendant de l\u2019assise et du dossier, pour une posture personnalis\u00e9e, m\u00eame en hauteur.<\/p>\n<p class=\"\" data-start=\"881\" data-end=\"1237\">Au c\u0153ur de Chrysalis : l\u2019<strong data-start=\"906\" data-end=\"925\">Exobase Aporia\u00ae<\/strong>, une technologie biom\u00e9canique unique, qui permet au bassin et aux hanches de rester mobiles en position assise. Elle offre les bienfaits du ballon de Pilates \u2014 <strong data-start=\"1086\" data-end=\"1188\">lib\u00e9ration des tensions, micro-mouvements stabilisateurs, activation douce des cha\u00eenes musculaires<\/strong> \u2014 <strong data-start=\"1191\" data-end=\"1237\">sans son principal d\u00e9faut : l\u2019instabilit\u00e9.<\/strong><\/p>\n<p class=\"\" data-start=\"1239\" data-end=\"1382\">Le <strong data-start=\"1242\" data-end=\"1266\">repose-pieds int\u00e9gr\u00e9<\/strong> assure un appui confortable en position haute, tandis que le soutien dorsal discret renforce l\u2019alignement postural.<\/p>\n<p class=\"\" data-start=\"1384\" data-end=\"1571\"><strong data-start=\"1384\" data-end=\"1414\">Chrysalis est id\u00e9al pour :<\/strong><br data-start=\"1414\" data-end=\"1417\" \/>\u2013 Postes assis-debout ou semi-statiques<br data-start=\"1456\" data-end=\"1459\" \/>\u2013 Bureaux cr\u00e9atifs, ateliers techniques, environnements tertiaires<br data-start=\"1525\" data-end=\"1528\" \/>\u2013 Espaces de travail partag\u00e9s et modulables<\/p>\n<p class=\"\" data-start=\"733\" data-end=\"928\"><strong data-start=\"733\" data-end=\"777\">Chrysalis s\u2019adapte \u00e0 vos besoins sp\u00e9cifiques<\/strong> gr\u00e2ce \u00e0 ses trois versions d\u2019Exobase :<br data-start=\"815\" data-end=\"818\" \/>\u2013 <em data-start=\"820\" data-end=\"842\"><strong>Version Standart :<\/strong>usage polyvalent \u2013 TMS, lombalgie, hernie discale, fibromyalgie, clun\u00e9ale simple<\/em><br data-start=\"842\" data-end=\"845\" \/>\u2013 <em data-start=\"847\" data-end=\"888\"><strong>Version P\u00e9rin\u00e9e :<\/strong>douleurs p\u00e9rin\u00e9ales \u2013 n\u00e9vralgie pudendale combin\u00e9e ou non avec n\u00e9vralgie clun\u00e9ale, post-partum, endom\u00e9triose\u2026<\/em><br data-start=\"888\" data-end=\"891\" \/>\u2013 <em data-start=\"893\" data-end=\"928\"><strong>Version Coccyx :<\/strong>douleurs au coccyx, sacrum ou pli interfessier, kyste pilonidal, h\u00e9morro\u00efdes\u2026<\/em><\/p>\n<p class=\"\" data-start=\"1708\" data-end=\"1820\"><strong data-start=\"1708\" data-end=\"1820\">Chrysalis accompagne vos postures, sans jamais contraindre vos mouvements. D\u00e9couvrez une nouvelle stabilit\u00e9.<\/strong><\/p>","protected":false},"featured_media":2250,"comment_status":"closed","ping_status":"closed","template":"","meta":{"_acf_changed":false},"product_brand":[],"product_cat":[75,250],"product_tag":[],"class_list":{"0":"post-2245","1":"product","2":"type-product","3":"status-publish","4":"has-post-thumbnail","6":"product_cat-assises-integrees","7":"product_cat-tabourets-tabourets","8":"product_shipping_class-livraison-tabouret-chysalis-et-chaise-de-bureau-evolia-et-imago","10":"first","11":"instock","12":"taxable","13":"shipping-taxable","14":"purchasable","15":"product-type-variable","16":"add-to-wishlist-after_add_to_cart"},"acf":[],"yoast_head":"<!-- This site is optimized with the Yoast SEO Premium plugin v26.9 (Yoast SEO v27.3) - https:\/\/yoast.com\/product\/yoast-seo-premium-wordpress\/ -->\n<title>Tabouret Chrysalis - Blue Portance<\/title>\n<meta name=\"description\" content=\"Le tabouret ergonomique Chrysalis int\u00e8gre l\u2019Exobase Aporia\u00ae pour lib\u00e9rer les tensions et activer en douceur la mobilit\u00e9 du bassin. Stable, r\u00e9glable et dot\u00e9 d\u2019un repose-pieds, il assure une posture fluide, m\u00eame en position haute. Id\u00e9al pour postes assis-debout, ateliers ou bureaux cr\u00e9atifs.\" \/>\n<meta name=\"robots\" content=\"index, follow, max-snippet:-1, max-image-preview:large, max-video-preview:-1\" \/>\n<link rel=\"canonical\" href=\"http:\/\/blueportance.com\/en\/produits\/tabouret-chrysalis\/\" \/>\n<meta property=\"og:locale\" content=\"en_GB\" \/>\n<meta property=\"og:type\" content=\"article\" \/>\n<meta property=\"og:title\" content=\"Tabouret Chrysalis\" \/>\n<meta property=\"og:description\" content=\"Le tabouret ergonomique Chrysalis int\u00e8gre l\u2019Exobase Aporia\u00ae pour lib\u00e9rer les tensions et activer en douceur la mobilit\u00e9 du bassin. Stable, r\u00e9glable et dot\u00e9 d\u2019un repose-pieds, il assure une posture fluide, m\u00eame en position haute. Id\u00e9al pour postes assis-debout, ateliers ou bureaux cr\u00e9atifs.\" \/>\n<meta property=\"og:url\" content=\"http:\/\/blueportance.com\/en\/produits\/tabouret-chrysalis\/\" \/>\n<meta property=\"og:site_name\" content=\"Blue Portance\" \/>\n<meta property=\"article:publisher\" content=\"https:\/\/www.facebook.com\/people\/Blue-Portance\/100095243965964\/\" \/>\n<meta property=\"article:modified_time\" content=\"2026-04-08T07:36:35+00:00\" \/>\n<meta property=\"og:image\" content=\"http:\/\/blueportance.com\/wp-content\/uploads\/Capture-decran-2025-04-23-a-11.24.02.png\" \/>\n\t<meta property=\"og:image:width\" content=\"700\" \/>\n\t<meta property=\"og:image:height\" content=\"1064\" \/>\n\t<meta property=\"og:image:type\" content=\"image\/png\" \/>\n<meta name=\"twitter:card\" content=\"summary_large_image\" \/>\n<meta name=\"twitter:label1\" content=\"Estimated reading time\" \/>\n\t<meta name=\"twitter:data1\" content=\"1 minute\" \/>\n<!-- \/ Yoast SEO Premium plugin. -->","yoast_head_json":{"title":"Tabouret Chrysalis - Blue Portance","description":"Le tabouret ergonomique Chrysalis int\u00e8gre l\u2019Exobase Aporia\u00ae pour lib\u00e9rer les tensions et activer en douceur la mobilit\u00e9 du bassin. Stable, r\u00e9glable et dot\u00e9 d\u2019un repose-pieds, il assure une posture fluide, m\u00eame en position haute. Id\u00e9al pour postes assis-debout, ateliers ou bureaux cr\u00e9atifs.","robots":{"index":"index","follow":"follow","max-snippet":"max-snippet:-1","max-image-preview":"max-image-preview:large","max-video-preview":"max-video-preview:-1"},"canonical":"http:\/\/blueportance.com\/en\/produits\/tabouret-chrysalis\/","og_locale":"en_GB","og_type":"article","og_title":"Tabouret Chrysalis","og_description":"Le tabouret ergonomique Chrysalis int\u00e8gre l\u2019Exobase Aporia\u00ae pour lib\u00e9rer les tensions et activer en douceur la mobilit\u00e9 du bassin. Stable, r\u00e9glable et dot\u00e9 d\u2019un repose-pieds, il assure une posture fluide, m\u00eame en position haute. Id\u00e9al pour postes assis-debout, ateliers ou bureaux cr\u00e9atifs.","og_url":"http:\/\/blueportance.com\/en\/produits\/tabouret-chrysalis\/","og_site_name":"Blue Portance","article_publisher":"https:\/\/www.facebook.com\/people\/Blue-Portance\/100095243965964\/","article_modified_time":"2026-04-08T07:36:35+00:00","og_image":[{"width":700,"height":1064,"url":"http:\/\/blueportance.com\/wp-content\/uploads\/Capture-decran-2025-04-23-a-11.24.02.png","type":"image\/png"}],"twitter_card":"summary_large_image","twitter_misc":{"Estimated reading time":"1 minute"},"schema":{"@context":"https:\/\/schema.org","@graph":[{"@type":"WebPage","@id":"http:\/\/blueportance.com\/produits\/tabouret-chrysalis\/","url":"http:\/\/blueportance.com\/produits\/tabouret-chrysalis\/","name":"Tabouret Chrysalis - Blue Portance","isPartOf":{"@id":"https:\/\/blueportance.com\/#website"},"primaryImageOfPage":{"@id":"http:\/\/blueportance.com\/produits\/tabouret-chrysalis\/#primaryimage"},"image":{"@id":"http:\/\/blueportance.com\/produits\/tabouret-chrysalis\/#primaryimage"},"thumbnailUrl":"https:\/\/blueportance.com\/wp-content\/uploads\/Capture-decran-2025-04-23-a-11.24.02.png","datePublished":"2025-04-22T20:42:41+00:00","dateModified":"2026-04-08T07:36:35+00:00","description":"Le tabouret ergonomique Chrysalis int\u00e8gre l\u2019Exobase Aporia\u00ae pour lib\u00e9rer les tensions et activer en douceur la mobilit\u00e9 du bassin. Stable, r\u00e9glable et dot\u00e9 d\u2019un repose-pieds, il assure une posture fluide, m\u00eame en position haute. Id\u00e9al pour postes assis-debout, ateliers ou bureaux cr\u00e9atifs.","breadcrumb":{"@id":"http:\/\/blueportance.com\/produits\/tabouret-chrysalis\/#breadcrumb"},"inLanguage":"en-GB","potentialAction":[{"@type":"ReadAction","target":["http:\/\/blueportance.com\/produits\/tabouret-chrysalis\/"]}]},{"@type":"ImageObject","inLanguage":"en-GB","@id":"http:\/\/blueportance.com\/produits\/tabouret-chrysalis\/#primaryimage","url":"https:\/\/blueportance.com\/wp-content\/uploads\/Capture-decran-2025-04-23-a-11.24.02.png","contentUrl":"https:\/\/blueportance.com\/wp-content\/uploads\/Capture-decran-2025-04-23-a-11.24.02.png","width":700,"height":1064,"caption":"Le tabouret ergonomique pour postes assis-debout, avec r\u00e9glages pr\u00e9cis et confort dynamique"},{"@type":"BreadcrumbList","@id":"http:\/\/blueportance.com\/produits\/tabouret-chrysalis\/#breadcrumb","itemListElement":[{"@type":"ListItem","position":1,"name":"Accueil","item":"https:\/\/blueportance.com\/"},{"@type":"ListItem","position":2,"name":"Boutique","item":"http:\/\/blueportance.com\/boutique\/"},{"@type":"ListItem","position":3,"name":"Tabouret Chrysalis"}]},{"@type":"WebSite","@id":"https:\/\/blueportance.com\/#website","url":"https:\/\/blueportance.com\/","name":"Blue Portance","description":"Assises ergonomiques pour une posture saine et dynamique","publisher":{"@id":"https:\/\/blueportance.com\/#organization"},"potentialAction":[{"@type":"SearchAction","target":{"@type":"EntryPoint","urlTemplate":"https:\/\/blueportance.com\/?s={search_term_string}"},"query-input":{"@type":"PropertyValueSpecification","valueRequired":true,"valueName":"search_term_string"}}],"inLanguage":"en-GB"},{"@type":"Organization","@id":"https:\/\/blueportance.com\/#organization","name":"Blue Portance","url":"https:\/\/blueportance.com\/","logo":{"@type":"ImageObject","inLanguage":"en-GB","@id":"https:\/\/blueportance.com\/#\/schema\/logo\/image\/","url":"https:\/\/blueportance.com\/wp-content\/uploads\/Logo-Blue-Portance.webp","contentUrl":"https:\/\/blueportance.com\/wp-content\/uploads\/Logo-Blue-Portance.webp","width":246,"height":50,"caption":"Blue Portance"},"image":{"@id":"https:\/\/blueportance.com\/#\/schema\/logo\/image\/"},"sameAs":["https:\/\/www.facebook.com\/people\/Blue-Portance\/100095243965964\/"]}]}},"_links":{"self":[{"href":"https:\/\/blueportance.com\/en\/wp-json\/wp\/v2\/product\/2245","targetHints":{"allow":["GET"]}}],"collection":[{"href":"https:\/\/blueportance.com\/en\/wp-json\/wp\/v2\/product"}],"about":[{"href":"https:\/\/blueportance.com\/en\/wp-json\/wp\/v2\/types\/product"}],"replies":[{"embeddable":true,"href":"https:\/\/blueportance.com\/en\/wp-json\/wp\/v2\/comments?post=2245"}],"wp:featuredmedia":[{"embeddable":true,"href":"https:\/\/blueportance.com\/en\/wp-json\/wp\/v2\/media\/2250"}],"wp:attachment":[{"href":"https:\/\/blueportance.com\/en\/wp-json\/wp\/v2\/media?parent=2245"}],"wp:term":[{"taxonomy":"product_brand","embeddable":true,"href":"https:\/\/blueportance.com\/en\/wp-json\/wp\/v2\/product_brand?post=2245"},{"taxonomy":"product_cat","embeddable":true,"href":"https:\/\/blueportance.com\/en\/wp-json\/wp\/v2\/product_cat?post=2245"},{"taxonomy":"product_tag","embeddable":true,"href":"https:\/\/blueportance.com\/en\/wp-json\/wp\/v2\/product_tag?post=2245"}],"curies":[{"name":"wp","href":"https:\/\/api.w.org\/{rel}","templated":true}]}}