{"id":2241,"date":"2025-04-22T21:53:13","date_gmt":"2025-04-22T19:53:13","guid":{"rendered":"https:\/\/x3wa81tzml.onrocket.site\/?post_type=product&#038;p=2241"},"modified":"2026-04-08T09:36:35","modified_gmt":"2026-04-08T07:36:35","slug":"chaise-evolia","status":"publish","type":"product","link":"https:\/\/blueportance.com\/en\/produits\/chaise-evolia\/","title":{"rendered":"Chaise Evolia"},"content":{"rendered":"<p class=\"p1\"><span class=\"s1\">IDEAL POUR :<\/span> Maintenir une position de travail ergonomique adapt\u00e9e \u00e0 vos besoins.<\/p>\n<p class=\"p2\">CARACTERISTIQUES : <span class=\"s2\">Structure <\/span>asynchrone avec r\u00e9glages ind\u00e9pendants de l\u2019assise et du dossier<\/p>\n<p class=\"p1\">Design \u00e9l\u00e9gant et adaptable \u00e0 tout environnement de bureau<\/p>\n<p class=\"p1\">Conception robuste pour un usage intensif.<\/p>\n<p class=\"p2\">DIMENSIONS (mm) :<\/p>\n<p class=\"p1\">Largeur : 680 mm l Hauteur assise :<\/p>\n<p class=\"p1\">500-630 mm l Hauteur dossier :<\/p>\n<p class=\"p1\">1030-1160 mm l Profondeur : 500 mm<\/p>","protected":false},"excerpt":{"rendered":"<h3 class=\"\" data-start=\"420\" data-end=\"508\"><strong data-start=\"427\" data-end=\"508\">Evolia : la chaise qui stabilise votre dos tout en lib\u00e9rant votre bassin<\/strong><\/h3>\n<h3 class=\"\" data-start=\"510\" data-end=\"578\"><strong data-start=\"517\" data-end=\"578\">Soutien lombaire constant, mobilit\u00e9 active du bassin<\/strong><\/h3>\n<p class=\"\" data-start=\"580\" data-end=\"850\"><strong data-start=\"580\" data-end=\"590\">Evolia<\/strong>, c\u2019est l\u2019\u00e9quilibre parfait entre <strong data-start=\"624\" data-end=\"647\">stabilit\u00e9 posturale<\/strong> et <strong data-start=\"651\" data-end=\"676\">mobilit\u00e9 intelligente<\/strong>. Son <strong data-start=\"682\" data-end=\"706\">m\u00e9canisme asynchrone<\/strong> assure un dossier stable pour un <strong data-start=\"740\" data-end=\"780\">soutien lombaire pr\u00e9cis et rassurant<\/strong>, id\u00e9al pour les personnes recherchant un appui fixe au niveau du dos.<\/p>\n<p class=\"\" data-start=\"852\" data-end=\"1116\">Mais Evolia int\u00e8gre \u00e9galement l\u2019<strong data-start=\"884\" data-end=\"903\">Exobase Aporia\u00ae<\/strong>, une assise r\u00e9volutionnaire qui permet au bassin et aux hanches de rester mobiles, m\u00eame en position assise prolong\u00e9e. R\u00e9sultat : la posture reste dynamique, les tensions s\u2019\u00e9vitent, et la circulation se maintient.<\/p>\n<p class=\"\" data-start=\"733\" data-end=\"928\"><strong data-start=\"733\" data-end=\"777\">Evolia s\u2019adapte \u00e0 vos besoins sp\u00e9cifiques<\/strong> gr\u00e2ce \u00e0 ses trois versions d\u2019Exobase :<br data-start=\"815\" data-end=\"818\" \/>\u2013 <em data-start=\"820\" data-end=\"842\"><strong>Version Standart :<\/strong>usage polyvalent \u2013 TMS, lombalgie, hernie discale, fibromyalgie, clun\u00e9ale simple<\/em><br data-start=\"842\" data-end=\"845\" \/>\u2013 <em data-start=\"847\" data-end=\"888\"><strong>Version P\u00e9rin\u00e9e :<\/strong>douleurs p\u00e9rin\u00e9ales \u2013 n\u00e9vralgie pudendale combin\u00e9e ou non avec n\u00e9vralgie clun\u00e9ale, post-partum, endom\u00e9triose\u2026<\/em><br data-start=\"888\" data-end=\"891\" \/>\u2013 <em data-start=\"893\" data-end=\"928\"><strong>Version Coccyx :<\/strong>douleurs au coccyx, sacrum ou pli interfessier, kyste pilonidal, h\u00e9morro\u00efdes\u2026<\/em><\/p>\n<p><strong>Evolia est convient aux professionnels comme aux t\u00e9l\u00e9travailleurs<\/strong>, en qu\u00eate de confort ma\u00eetris\u00e9 et de bien-\u00eatre au quotidien.<\/p>\n<p class=\"\" data-start=\"1416\" data-end=\"1527\"><strong data-start=\"1416\" data-end=\"1527\">Conservez un dos bien soutenu sans sacrifier la mobilit\u00e9. Adoptez Evolia, l\u2019assise hybride et intelligente.<\/strong><\/p>","protected":false},"featured_media":2249,"comment_status":"closed","ping_status":"closed","template":"","meta":{"_acf_changed":false},"product_brand":[],"product_cat":[75,248],"product_tag":[],"class_list":{"0":"post-2241","1":"product","2":"type-product","3":"status-publish","4":"has-post-thumbnail","6":"product_cat-assises-integrees","7":"product_cat-chaises-de-bureau","8":"product_shipping_class-livraison-tabouret-chysalis-et-chaise-de-bureau-evolia-et-imago","10":"first","11":"instock","12":"taxable","13":"shipping-taxable","14":"purchasable","15":"product-type-variable","16":"add-to-wishlist-after_add_to_cart"},"acf":[],"yoast_head":"<!-- This site is optimized with the Yoast SEO Premium plugin v26.9 (Yoast SEO v27.3) - https:\/\/yoast.com\/product\/yoast-seo-premium-wordpress\/ -->\n<title>Chaise Evolia - Blue Portance<\/title>\n<meta name=\"description\" content=\"La chaise de bureau Evolia combine une assise mobile Exobase Aporia\u00ae et un dossier stable pour soulager le dos tout en lib\u00e9rant le bassin. Id\u00e9ale pour les douleurs lombaires, p\u00e9rin\u00e9ales ou coccygiennes.\" \/>\n<meta name=\"robots\" content=\"index, follow, max-snippet:-1, max-image-preview:large, max-video-preview:-1\" \/>\n<link rel=\"canonical\" href=\"https:\/\/blueportance.com\/en\/produits\/chaise-evolia\/\" \/>\n<meta property=\"og:locale\" content=\"en_GB\" \/>\n<meta property=\"og:type\" content=\"article\" \/>\n<meta property=\"og:title\" content=\"Chaise Evolia\" \/>\n<meta property=\"og:description\" content=\"La chaise de bureau Evolia combine une assise mobile Exobase Aporia\u00ae et un dossier stable pour soulager le dos tout en lib\u00e9rant le bassin. Id\u00e9ale pour les douleurs lombaires, p\u00e9rin\u00e9ales ou coccygiennes.\" \/>\n<meta property=\"og:url\" content=\"https:\/\/blueportance.com\/en\/produits\/chaise-evolia\/\" \/>\n<meta property=\"og:site_name\" content=\"Blue Portance\" \/>\n<meta property=\"article:publisher\" content=\"https:\/\/www.facebook.com\/people\/Blue-Portance\/100095243965964\/\" \/>\n<meta property=\"article:modified_time\" content=\"2026-04-08T07:36:35+00:00\" \/>\n<meta property=\"og:image\" content=\"https:\/\/blueportance.com\/wp-content\/uploads\/Capture-decran-2025-04-23-a-11.23.38.png\" \/>\n\t<meta property=\"og:image:width\" content=\"698\" \/>\n\t<meta property=\"og:image:height\" content=\"1058\" \/>\n\t<meta property=\"og:image:type\" content=\"image\/png\" \/>\n<meta name=\"twitter:card\" content=\"summary_large_image\" \/>\n<meta name=\"twitter:label1\" content=\"Estimated reading time\" \/>\n\t<meta name=\"twitter:data1\" content=\"1 minute\" \/>\n<!-- \/ Yoast SEO Premium plugin. -->","yoast_head_json":{"title":"Chaise Evolia - Blue Portance","description":"La chaise de bureau Evolia combine une assise mobile Exobase Aporia\u00ae et un dossier stable pour soulager le dos tout en lib\u00e9rant le bassin. Id\u00e9ale pour les douleurs lombaires, p\u00e9rin\u00e9ales ou coccygiennes.","robots":{"index":"index","follow":"follow","max-snippet":"max-snippet:-1","max-image-preview":"max-image-preview:large","max-video-preview":"max-video-preview:-1"},"canonical":"https:\/\/blueportance.com\/en\/produits\/chaise-evolia\/","og_locale":"en_GB","og_type":"article","og_title":"Chaise Evolia","og_description":"La chaise de bureau Evolia combine une assise mobile Exobase Aporia\u00ae et un dossier stable pour soulager le dos tout en lib\u00e9rant le bassin. Id\u00e9ale pour les douleurs lombaires, p\u00e9rin\u00e9ales ou coccygiennes.","og_url":"https:\/\/blueportance.com\/en\/produits\/chaise-evolia\/","og_site_name":"Blue Portance","article_publisher":"https:\/\/www.facebook.com\/people\/Blue-Portance\/100095243965964\/","article_modified_time":"2026-04-08T07:36:35+00:00","og_image":[{"width":698,"height":1058,"url":"https:\/\/blueportance.com\/wp-content\/uploads\/Capture-decran-2025-04-23-a-11.23.38.png","type":"image\/png"}],"twitter_card":"summary_large_image","twitter_misc":{"Estimated reading time":"1 minute"},"schema":{"@context":"https:\/\/schema.org","@graph":[{"@type":"WebPage","@id":"https:\/\/blueportance.com\/produits\/chaise-evolia\/","url":"https:\/\/blueportance.com\/produits\/chaise-evolia\/","name":"Chaise Evolia - Blue Portance","isPartOf":{"@id":"https:\/\/blueportance.com\/#website"},"primaryImageOfPage":{"@id":"https:\/\/blueportance.com\/produits\/chaise-evolia\/#primaryimage"},"image":{"@id":"https:\/\/blueportance.com\/produits\/chaise-evolia\/#primaryimage"},"thumbnailUrl":"https:\/\/blueportance.com\/wp-content\/uploads\/Capture-decran-2025-04-23-a-11.23.38.png","datePublished":"2025-04-22T19:53:13+00:00","dateModified":"2026-04-08T07:36:35+00:00","description":"La chaise de bureau Evolia combine une assise mobile Exobase Aporia\u00ae et un dossier stable pour soulager le dos tout en lib\u00e9rant le bassin. Id\u00e9ale pour les douleurs lombaires, p\u00e9rin\u00e9ales ou coccygiennes.","breadcrumb":{"@id":"https:\/\/blueportance.com\/produits\/chaise-evolia\/#breadcrumb"},"inLanguage":"en-GB","potentialAction":[{"@type":"ReadAction","target":["https:\/\/blueportance.com\/produits\/chaise-evolia\/"]}]},{"@type":"ImageObject","inLanguage":"en-GB","@id":"https:\/\/blueportance.com\/produits\/chaise-evolia\/#primaryimage","url":"https:\/\/blueportance.com\/wp-content\/uploads\/Capture-decran-2025-04-23-a-11.23.38.png","contentUrl":"https:\/\/blueportance.com\/wp-content\/uploads\/Capture-decran-2025-04-23-a-11.23.38.png","width":698,"height":1058,"caption":"Pour des r\u00e9glages posturaux personnalis\u00e9s, tout en conservant la mobilit\u00e9 adaptative du bassin via Aporia\u00ae"},{"@type":"BreadcrumbList","@id":"https:\/\/blueportance.com\/produits\/chaise-evolia\/#breadcrumb","itemListElement":[{"@type":"ListItem","position":1,"name":"Accueil","item":"https:\/\/blueportance.com\/"},{"@type":"ListItem","position":2,"name":"Boutique","item":"http:\/\/blueportance.com\/boutique\/"},{"@type":"ListItem","position":3,"name":"Chaise Evolia"}]},{"@type":"WebSite","@id":"https:\/\/blueportance.com\/#website","url":"https:\/\/blueportance.com\/","name":"Blue Portance","description":"Assises ergonomiques pour une posture saine et dynamique","publisher":{"@id":"https:\/\/blueportance.com\/#organization"},"potentialAction":[{"@type":"SearchAction","target":{"@type":"EntryPoint","urlTemplate":"https:\/\/blueportance.com\/?s={search_term_string}"},"query-input":{"@type":"PropertyValueSpecification","valueRequired":true,"valueName":"search_term_string"}}],"inLanguage":"en-GB"},{"@type":"Organization","@id":"https:\/\/blueportance.com\/#organization","name":"Blue Portance","url":"https:\/\/blueportance.com\/","logo":{"@type":"ImageObject","inLanguage":"en-GB","@id":"https:\/\/blueportance.com\/#\/schema\/logo\/image\/","url":"https:\/\/blueportance.com\/wp-content\/uploads\/Logo-Blue-Portance.webp","contentUrl":"https:\/\/blueportance.com\/wp-content\/uploads\/Logo-Blue-Portance.webp","width":246,"height":50,"caption":"Blue Portance"},"image":{"@id":"https:\/\/blueportance.com\/#\/schema\/logo\/image\/"},"sameAs":["https:\/\/www.facebook.com\/people\/Blue-Portance\/100095243965964\/"]}]}},"_links":{"self":[{"href":"https:\/\/blueportance.com\/en\/wp-json\/wp\/v2\/product\/2241","targetHints":{"allow":["GET"]}}],"collection":[{"href":"https:\/\/blueportance.com\/en\/wp-json\/wp\/v2\/product"}],"about":[{"href":"https:\/\/blueportance.com\/en\/wp-json\/wp\/v2\/types\/product"}],"replies":[{"embeddable":true,"href":"https:\/\/blueportance.com\/en\/wp-json\/wp\/v2\/comments?post=2241"}],"wp:featuredmedia":[{"embeddable":true,"href":"https:\/\/blueportance.com\/en\/wp-json\/wp\/v2\/media\/2249"}],"wp:attachment":[{"href":"https:\/\/blueportance.com\/en\/wp-json\/wp\/v2\/media?parent=2241"}],"wp:term":[{"taxonomy":"product_brand","embeddable":true,"href":"https:\/\/blueportance.com\/en\/wp-json\/wp\/v2\/product_brand?post=2241"},{"taxonomy":"product_cat","embeddable":true,"href":"https:\/\/blueportance.com\/en\/wp-json\/wp\/v2\/product_cat?post=2241"},{"taxonomy":"product_tag","embeddable":true,"href":"https:\/\/blueportance.com\/en\/wp-json\/wp\/v2\/product_tag?post=2241"}],"curies":[{"name":"wp","href":"https:\/\/api.w.org\/{rel}","templated":true}]}}