{"id":2238,"date":"2025-04-22T20:54:49","date_gmt":"2025-04-22T18:54:49","guid":{"rendered":"https:\/\/x3wa81tzml.onrocket.site\/?post_type=product&#038;p=2238"},"modified":"2026-04-08T09:36:35","modified_gmt":"2026-04-08T07:36:35","slug":"chaise-imago","status":"publish","type":"product","link":"https:\/\/blueportance.com\/en\/produits\/chaise-imago\/","title":{"rendered":"Chaise Imago"},"content":{"rendered":"<p class=\"p1\"><span class=\"s1\">IDEAL POUR :<\/span> Allier position de travail et relaxation<\/p>\n<p class=\"p2\">CARACTERISTIQUES : <span class=\"s2\">Inclinaison<\/span><\/p>\n<p class=\"p1\">synchronis\u00e9e pour un soutien harmonieux en mouvement l<\/p>\n<p class=\"p1\">Position relax pour une d\u00e9tente optimale gr\u00e2ce au m\u00e9canisme synchrone l<\/p>\n<p class=\"p1\">Support lombaire r\u00e9glable pour un alignement ergonomique parfait<\/p>\n<p class=\"p1\">Accoudoirs r\u00e9glables 3D et appuie t\u00eate<\/p>\n<p class=\"p1\">Design haut de gamme et finitions premium<\/p>\n<p class=\"p2\">DIMENSIONS (mm) :<\/p>\n<p class=\"p1\">Largeur : 680 mm l Hauteur assise :<\/p>\n<p class=\"p1\">500-630 mm l Hauteur dossier : 990 &#8211;<\/p>\n<p class=\"p1\">1120-1320 mm l Profondeur : 500 mm<\/p>\n<p>&nbsp;<\/p>","protected":false},"excerpt":{"rendered":"<h3>Imago : le si\u00e8ge ergonomique haut de gamme qui bouge avec vous<\/h3>\n<h3>Pour un confort int\u00e9gral au bureau<\/h3>\n<p class=\"\" data-start=\"209\" data-end=\"452\"><strong data-start=\"209\" data-end=\"218\">Imago<\/strong>, c\u2019est l\u2019alliance d\u2019un design haut de gamme et de la technologie biom\u00e9canique avanc\u00e9e. Int\u00e9grant l\u2019<strong data-start=\"318\" data-end=\"337\">Exobase Aporia\u00ae<\/strong>, il transforme l\u2019assise en une exp\u00e9rience dynamique qui suit vos mouvements tout en maintenant une posture id\u00e9ale, toujours \u00e9quilibr\u00e9e et lib\u00e9r\u00e9e de toute tension..<\/p>\n<p class=\"\" data-start=\"454\" data-end=\"731\">Son <strong data-start=\"458\" data-end=\"481\">m\u00e9canisme synchrone<\/strong> accompagne le corps dans toutes ses transitions posturales : concentration, rel\u00e2chement, repos. Le <strong data-start=\"581\" data-end=\"611\">support lombaire ajustable<\/strong> permet de restaurer la courbure naturelle du dos (lordose), soulageant les tensions et pr\u00e9venant les douleurs dorsales.<\/p>\n<p class=\"\" data-start=\"733\" data-end=\"928\"><strong data-start=\"733\" data-end=\"777\">Imago s\u2019adapte \u00e0 vos besoins sp\u00e9cifiques<\/strong> gr\u00e2ce \u00e0 ses trois versions d\u2019Exobase :<br data-start=\"815\" data-end=\"818\" \/>\u2013 <em data-start=\"820\" data-end=\"842\"><strong>Version Standart :<\/strong>usage polyvalent \u2013 TMS, lombalgie, hernie discale, fibromyalgie, clun\u00e9ale simple<\/em><br data-start=\"842\" data-end=\"845\" \/>\u2013 <em data-start=\"847\" data-end=\"888\"><strong>Version P\u00e9rin\u00e9e :<\/strong>douleurs p\u00e9rin\u00e9ales \u2013 n\u00e9vralgie pudendale combin\u00e9e ou non avec n\u00e9vralgie clun\u00e9ale, post-partum, endom\u00e9triose\u2026<\/em><br data-start=\"888\" data-end=\"891\" \/>\u2013 <em data-start=\"893\" data-end=\"928\"><strong>Version Coccyx :<\/strong>douleurs au coccyx, sacrum ou pli interfessier, kyste pilonidal, h\u00e9morro\u00efdes\u2026<\/em><\/p>\n<p data-start=\"733\" data-end=\"928\"><strong>Testez une nouvelle \u00e8re du confort assis. Essayez Imago d\u00e8s aujourd\u2019hui et sentez la diff\u00e9rence. <\/strong><\/p>","protected":false},"featured_media":2248,"comment_status":"closed","ping_status":"closed","template":"","meta":{"_acf_changed":false},"product_brand":[],"product_cat":[75,248],"product_tag":[],"class_list":{"0":"post-2238","1":"product","2":"type-product","3":"status-publish","4":"has-post-thumbnail","6":"product_cat-assises-integrees","7":"product_cat-chaises-de-bureau","8":"product_shipping_class-livraison-tabouret-chysalis-et-chaise-de-bureau-evolia-et-imago","10":"first","11":"instock","12":"taxable","13":"shipping-taxable","14":"purchasable","15":"product-type-variable","16":"add-to-wishlist-after_add_to_cart"},"acf":[],"yoast_head":"<!-- This site is optimized with the Yoast SEO Premium plugin v26.9 (Yoast SEO v27.3) - https:\/\/yoast.com\/product\/yoast-seo-premium-wordpress\/ -->\n<title>Chaise Imago - Blue Portance<\/title>\n<meta name=\"description\" content=\"D\u00e9couvrez Imago, le si\u00e8ge ergonomique haut de gamme int\u00e9grant l\u2019Exobase Aporia\u00ae. Soulagez mal de dos, douleurs p\u00e9rin\u00e9ales et coccygodynie gr\u00e2ce \u00e0 une assise dynamique, un soutien lombaire ajust\u00e9 et un m\u00e9canisme synchrone favorisant le mouvement et la d\u00e9tente.\" \/>\n<meta name=\"robots\" content=\"index, follow, max-snippet:-1, max-image-preview:large, max-video-preview:-1\" \/>\n<link rel=\"canonical\" href=\"https:\/\/blueportance.com\/en\/produits\/chaise-imago\/\" \/>\n<meta property=\"og:locale\" content=\"en_GB\" \/>\n<meta property=\"og:type\" content=\"article\" \/>\n<meta property=\"og:title\" content=\"Chaise Imago\" \/>\n<meta property=\"og:description\" content=\"D\u00e9couvrez Imago, le si\u00e8ge ergonomique haut de gamme int\u00e9grant l\u2019Exobase Aporia\u00ae. Soulagez mal de dos, douleurs p\u00e9rin\u00e9ales et coccygodynie gr\u00e2ce \u00e0 une assise dynamique, un soutien lombaire ajust\u00e9 et un m\u00e9canisme synchrone favorisant le mouvement et la d\u00e9tente.\" \/>\n<meta property=\"og:url\" content=\"https:\/\/blueportance.com\/en\/produits\/chaise-imago\/\" \/>\n<meta property=\"og:site_name\" content=\"Blue Portance\" \/>\n<meta property=\"article:publisher\" content=\"https:\/\/www.facebook.com\/people\/Blue-Portance\/100095243965964\/\" \/>\n<meta property=\"article:modified_time\" content=\"2026-04-08T07:36:35+00:00\" \/>\n<meta property=\"og:image\" content=\"https:\/\/blueportance.com\/wp-content\/uploads\/Capture-decran-2025-04-23-a-11.23.09.png\" \/>\n\t<meta property=\"og:image:width\" content=\"702\" \/>\n\t<meta property=\"og:image:height\" content=\"1062\" \/>\n\t<meta property=\"og:image:type\" content=\"image\/png\" \/>\n<meta name=\"twitter:card\" content=\"summary_large_image\" \/>\n<meta name=\"twitter:label1\" content=\"Estimated reading time\" \/>\n\t<meta name=\"twitter:data1\" content=\"1 minute\" \/>\n<!-- \/ Yoast SEO Premium plugin. -->","yoast_head_json":{"title":"Chaise Imago - Blue Portance","description":"D\u00e9couvrez Imago, le si\u00e8ge ergonomique haut de gamme int\u00e9grant l\u2019Exobase Aporia\u00ae. Soulagez mal de dos, douleurs p\u00e9rin\u00e9ales et coccygodynie gr\u00e2ce \u00e0 une assise dynamique, un soutien lombaire ajust\u00e9 et un m\u00e9canisme synchrone favorisant le mouvement et la d\u00e9tente.","robots":{"index":"index","follow":"follow","max-snippet":"max-snippet:-1","max-image-preview":"max-image-preview:large","max-video-preview":"max-video-preview:-1"},"canonical":"https:\/\/blueportance.com\/en\/produits\/chaise-imago\/","og_locale":"en_GB","og_type":"article","og_title":"Chaise Imago","og_description":"D\u00e9couvrez Imago, le si\u00e8ge ergonomique haut de gamme int\u00e9grant l\u2019Exobase Aporia\u00ae. Soulagez mal de dos, douleurs p\u00e9rin\u00e9ales et coccygodynie gr\u00e2ce \u00e0 une assise dynamique, un soutien lombaire ajust\u00e9 et un m\u00e9canisme synchrone favorisant le mouvement et la d\u00e9tente.","og_url":"https:\/\/blueportance.com\/en\/produits\/chaise-imago\/","og_site_name":"Blue Portance","article_publisher":"https:\/\/www.facebook.com\/people\/Blue-Portance\/100095243965964\/","article_modified_time":"2026-04-08T07:36:35+00:00","og_image":[{"width":702,"height":1062,"url":"https:\/\/blueportance.com\/wp-content\/uploads\/Capture-decran-2025-04-23-a-11.23.09.png","type":"image\/png"}],"twitter_card":"summary_large_image","twitter_misc":{"Estimated reading time":"1 minute"},"schema":{"@context":"https:\/\/schema.org","@graph":[{"@type":"WebPage","@id":"https:\/\/blueportance.com\/produits\/chaise-imago\/","url":"https:\/\/blueportance.com\/produits\/chaise-imago\/","name":"Chaise Imago - Blue Portance","isPartOf":{"@id":"https:\/\/blueportance.com\/#website"},"primaryImageOfPage":{"@id":"https:\/\/blueportance.com\/produits\/chaise-imago\/#primaryimage"},"image":{"@id":"https:\/\/blueportance.com\/produits\/chaise-imago\/#primaryimage"},"thumbnailUrl":"https:\/\/blueportance.com\/wp-content\/uploads\/Capture-decran-2025-04-23-a-11.23.09.png","datePublished":"2025-04-22T18:54:49+00:00","dateModified":"2026-04-08T07:36:35+00:00","description":"D\u00e9couvrez Imago, le si\u00e8ge ergonomique haut de gamme int\u00e9grant l\u2019Exobase Aporia\u00ae. Soulagez mal de dos, douleurs p\u00e9rin\u00e9ales et coccygodynie gr\u00e2ce \u00e0 une assise dynamique, un soutien lombaire ajust\u00e9 et un m\u00e9canisme synchrone favorisant le mouvement et la d\u00e9tente.","breadcrumb":{"@id":"https:\/\/blueportance.com\/produits\/chaise-imago\/#breadcrumb"},"inLanguage":"en-GB","potentialAction":[{"@type":"ReadAction","target":["https:\/\/blueportance.com\/produits\/chaise-imago\/"]}]},{"@type":"ImageObject","inLanguage":"en-GB","@id":"https:\/\/blueportance.com\/produits\/chaise-imago\/#primaryimage","url":"https:\/\/blueportance.com\/wp-content\/uploads\/Capture-decran-2025-04-23-a-11.23.09.png","contentUrl":"https:\/\/blueportance.com\/wp-content\/uploads\/Capture-decran-2025-04-23-a-11.23.09.png","width":702,"height":1062,"caption":"Pour un usage fluide, polyvalent, sans r\u00e9glage complexe, avec libert\u00e9 dynamique du bassin d\u00e9j\u00e0 assur\u00e9e par l\u2019assise"},{"@type":"BreadcrumbList","@id":"https:\/\/blueportance.com\/produits\/chaise-imago\/#breadcrumb","itemListElement":[{"@type":"ListItem","position":1,"name":"Accueil","item":"https:\/\/blueportance.com\/"},{"@type":"ListItem","position":2,"name":"Boutique","item":"http:\/\/blueportance.com\/boutique\/"},{"@type":"ListItem","position":3,"name":"Chaise Imago"}]},{"@type":"WebSite","@id":"https:\/\/blueportance.com\/#website","url":"https:\/\/blueportance.com\/","name":"Blue Portance","description":"Assises ergonomiques pour une posture saine et dynamique","publisher":{"@id":"https:\/\/blueportance.com\/#organization"},"potentialAction":[{"@type":"SearchAction","target":{"@type":"EntryPoint","urlTemplate":"https:\/\/blueportance.com\/?s={search_term_string}"},"query-input":{"@type":"PropertyValueSpecification","valueRequired":true,"valueName":"search_term_string"}}],"inLanguage":"en-GB"},{"@type":"Organization","@id":"https:\/\/blueportance.com\/#organization","name":"Blue Portance","url":"https:\/\/blueportance.com\/","logo":{"@type":"ImageObject","inLanguage":"en-GB","@id":"https:\/\/blueportance.com\/#\/schema\/logo\/image\/","url":"https:\/\/blueportance.com\/wp-content\/uploads\/Logo-Blue-Portance.webp","contentUrl":"https:\/\/blueportance.com\/wp-content\/uploads\/Logo-Blue-Portance.webp","width":246,"height":50,"caption":"Blue Portance"},"image":{"@id":"https:\/\/blueportance.com\/#\/schema\/logo\/image\/"},"sameAs":["https:\/\/www.facebook.com\/people\/Blue-Portance\/100095243965964\/"]}]}},"_links":{"self":[{"href":"https:\/\/blueportance.com\/en\/wp-json\/wp\/v2\/product\/2238","targetHints":{"allow":["GET"]}}],"collection":[{"href":"https:\/\/blueportance.com\/en\/wp-json\/wp\/v2\/product"}],"about":[{"href":"https:\/\/blueportance.com\/en\/wp-json\/wp\/v2\/types\/product"}],"replies":[{"embeddable":true,"href":"https:\/\/blueportance.com\/en\/wp-json\/wp\/v2\/comments?post=2238"}],"wp:featuredmedia":[{"embeddable":true,"href":"https:\/\/blueportance.com\/en\/wp-json\/wp\/v2\/media\/2248"}],"wp:attachment":[{"href":"https:\/\/blueportance.com\/en\/wp-json\/wp\/v2\/media?parent=2238"}],"wp:term":[{"taxonomy":"product_brand","embeddable":true,"href":"https:\/\/blueportance.com\/en\/wp-json\/wp\/v2\/product_brand?post=2238"},{"taxonomy":"product_cat","embeddable":true,"href":"https:\/\/blueportance.com\/en\/wp-json\/wp\/v2\/product_cat?post=2238"},{"taxonomy":"product_tag","embeddable":true,"href":"https:\/\/blueportance.com\/en\/wp-json\/wp\/v2\/product_tag?post=2238"}],"curies":[{"name":"wp","href":"https:\/\/api.w.org\/{rel}","templated":true}]}}