{"id":4757,"date":"2026-03-16T21:19:11","date_gmt":"2026-03-16T20:19:11","guid":{"rendered":"https:\/\/blueportance.com\/?page_id=4757"},"modified":"2026-03-17T12:39:01","modified_gmt":"2026-03-17T11:39:01","slug":"partager-nos-experiences","status":"publish","type":"page","link":"https:\/\/blueportance.com\/en\/partager-nos-experiences\/","title":{"rendered":"MENU_Partager nos exp\u00e9riences"},"content":{"rendered":"<section class=\"bp-page-hub-experiences\">\n\n  <div class=\"bp-hub-hero\">\n    <h1>Partager nos exp\u00e9riences<\/h1>\n    <p class=\"bp-intro\">\n      Quand la douleur s\u2019installe, il est souvent difficile de savoir si ce que l\u2019on vit est isol\u00e9,\n      fr\u00e9quent, ou d\u00e9j\u00e0 rencontr\u00e9 par d\u2019autres. Cette page rassemble plusieurs formes de retours\n      d\u2019exp\u00e9rience pour vous aider \u00e0 <strong>vous reconna\u00eetre<\/strong>, \u00e0 <strong>mieux comprendre certains parcours<\/strong>\n      et, si vous le souhaitez, \u00e0 <strong>partager votre propre exp\u00e9rience<\/strong>.\n    <\/p>\n  <\/div>\n\n  <div class=\"bp-hub-grid\">\n\n    <!-- BLOC 1 -->\n    <article class=\"bp-hub-card\">\n      <div class=\"bp-card-figure\">\n        <img decoding=\"async\"\n          src=\"http:\/\/blueportance.com\/wp-content\/uploads\/Trust-Pilot-mars-2026.png\"\n          alt=\"Avis\" trust pilot mars 2026\"\n>\n      <\/div>\n      <h2>Avis d\u2019utilisateurs<\/h2>\n      <p>\n        Des retours courts pour d\u00e9couvrir rapidement comment d\u2019autres personnes ont v\u00e9cu\n        l\u2019utilisation d\u2019Aporia et ce que cela a chang\u00e9 dans leur quotidien.\n      <\/p>\n      <p>\n        <strong>Des t\u00e9moignages brefs, concrets et faciles \u00e0 parcourir<\/strong>\n        pour se faire une premi\u00e8re id\u00e9e.\n      <\/p>\n      <a class=\"bp-btn\" href=\"https:\/\/blueportance.com\/en\/avis-blue-portance-aporia\/\">Lire les avis<\/a>\n    <\/article>\n\n    <!-- BLOC 2 -->\n    <article class=\"bp-hub-card\">\n      <div class=\"bp-card-figure\">\n        <img decoding=\"async\"\n          src=\"http:\/\/blueportance.com\/wp-content\/uploads\/Micro-tendu.png\"\n          alt=\"R\u00e9cits d'exp\u00e9rience et parcours de douleur\"\n        >\n      <\/div>\n      <h2>R\u00e9cits d\u2019exp\u00e9rience<\/h2>\n      <p>\n        Des t\u00e9moignages plus d\u00e9velopp\u00e9s pour suivre un parcours, comprendre l\u2019\u00e9volution d\u2019une douleur,\n        les essais r\u00e9alis\u00e9s, les obstacles rencontr\u00e9s et ce qui a permis d\u2019avancer.\n      <\/p>\n      <p>\n        <strong>Des parcours plus d\u00e9taill\u00e9s pour mieux se reconna\u00eetre dans une situation v\u00e9cue<\/strong>.\n      <\/p>\n      <a class=\"bp-btn\" href=\"https:\/\/blueportance.com\/en\/avis-blue-portance-aporia\/#recit-experience\/\">D\u00e9couvrir les r\u00e9cits<\/a>\n    <\/article>\n\n    <!-- BLOC 3 -->\n    <article class=\"bp-hub-card\">\n      <div class=\"bp-card-figure\">\n        <img decoding=\"async\"\n          src=\"http:\/\/blueportance.com\/wp-content\/uploads\/reliance-connexion-entre-personnes.png\"\n          alt=\"Partage d'exp\u00e9riences structur\u00e9 li\u00e9 aux douleurs en position assise\"\n        >\n      <\/div>\n      <h2>Espace Reliance<\/h2>\n      <p>\n        Un espace structur\u00e9 pour partager ou consulter des exp\u00e9riences li\u00e9es \u00e0 la douleur,\n        aux traitements essay\u00e9s, aux praticiens rencontr\u00e9s et aux situations concr\u00e8tes du quotidien.\n      <\/p>\n      <p>\n        <strong>Un outil pour faire \u00e9merger des rep\u00e8res utiles et aider \u00e0 sortir de l\u2019errance m\u00e9dicale<\/strong>.\n      <\/p>\n           <a class=\"bp-btn\" href=\"https:\/\/blueportance.com\/en\/reliance\/\">Acc\u00e9der \u00e0 l&rsquo;Espace de Partage<\/a>\n    <\/article>\n\n  <\/div>\n\n  <div class=\"bp-hub-focus\">\n    <h2>Trois fa\u00e7ons de s\u2019appuyer sur l\u2019exp\u00e9rience des autres<\/h2>\n    <p>\n      Certaines personnes cherchent simplement un <strong>avis rapide<\/strong>. D\u2019autres ont besoin de lire\n      un <strong>parcours plus d\u00e9taill\u00e9<\/strong>. D\u2019autres encore veulent acc\u00e9der \u00e0 un espace plus structur\u00e9\n      pour comprendre les situations d\u00e9j\u00e0 v\u00e9cues, les traitements essay\u00e9s et les professionnels consult\u00e9s.\n    <\/p>\n    <p>\n      Cette page a \u00e9t\u00e9 con\u00e7ue pour rendre ces trois niveaux plus lisibles.\n    <\/p>\n  <\/div>\n\n<\/section>\n\n<style>\n.bp-page-hub-experiences {\n  max-width: 1180px;\n  margin: auto;\n  padding: 32px 20px 48px;\n  color: #1f2937;\n}\n\n.bp-hub-hero {\n  text-align: center;\n  margin-bottom: 32px;\n}\n\n.bp-hub-hero h1 {\n  font-size: 2.1rem;\n  color: #123b6d;\n  margin-bottom: 14px;\n  line-height: 1.15;\n}\n\n.bp-intro {\n  max-width: 860px;\n  margin: auto;\n  line-height: 1.75;\n  font-size: 1.05rem;\n}\n\n.bp-hub-grid {\n  display: grid;\n  grid-template-columns: repeat(3, 1fr);\n  gap: 24px;\n  align-items: stretch;\n}\n\n.bp-hub-card {\n  background: #fff;\n  border: 1px solid #dbe5f0;\n  border-radius: 18px;\n  padding: 24px;\n  box-shadow: 0 10px 22px rgba(0, 0, 0, 0.05);\n  display: flex;\n  flex-direction: column;\n  transition: transform 0.28s ease, box-shadow 0.28s ease, border-color 0.28s ease;\n}\n\n.bp-card-figure {\n  text-align: center;\n  margin-bottom: 18px;\n  min-height: 190px;\n  display: flex;\n  align-items: center;\n  justify-content: center;\n}\n\n.bp-card-figure img {\n  max-width: 75%;\n  max-height: 180px;\n  width: auto;\n  height: auto;\n  transition: transform 0.28s ease;\n}\n\n.bp-hub-card h2 {\n  text-align: center;\n  color: #123b6d;\n  font-size: 1.25rem;\n  margin-bottom: 12px;\n  line-height: 1.3;\n}\n\n.bp-hub-card p {\n  font-size: 0.98rem;\n  line-height: 1.72;\n  margin-bottom: 14px;\n}\n\n.bp-hub-card strong {\n  color: #123b6d;\n}\n\n.bp-btn {\n  background: #1c5fa8;\n  color: #fff !important;\n  padding: 11px 20px;\n  border-radius: 999px;\n  text-decoration: none;\n  font-weight: 600;\n  align-self: center;\n  display: inline-block;\n  text-align: center;\n  transition: transform 0.22s ease, box-shadow 0.22s ease, background 0.22s ease;\n  box-shadow: 0 8px 18px rgba(28, 95, 168, 0.16);\n}\n\n.bp-btn:hover {\n  background: #154d89;\n}\n\n.bp-btn-secondary {\n  background: #198754;\n  box-shadow: 0 8px 18px rgba(25, 135, 84, 0.18);\n}\n\n.bp-btn-secondary:hover {\n  background: #146c43;\n}\n\n.bp-dual-buttons {\n  margin-top: auto;\n  display: flex;\n  flex-direction: column;\n  gap: 12px;\n  align-items: center;\n}\n\n.bp-hub-card:hover {\n  transform: translateY(-8px);\n  box-shadow: 0 18px 40px rgba(18, 59, 109, 0.12);\n  border-color: #c7d8eb;\n}\n\n.bp-hub-card:hover .bp-card-figure img {\n  transform: translateY(-4px) scale(1.02);\n}\n\n.bp-hub-card:hover .bp-btn {\n  transform: scale(1.04);\n}\n\n.bp-hub-card:nth-child(3) {\n  border-color: #d6eadf;\n}\n\n.bp-hub-card:nth-child(3):hover {\n  box-shadow: 0 20px 42px rgba(25, 135, 84, 0.14);\n  border-color: #b8dbc8;\n}\n\n.bp-hub-focus {\n  background: #f7fbff;\n  border: 1px solid #d9e3f0;\n  border-radius: 18px;\n  padding: 24px 26px;\n  margin-top: 28px;\n}\n\n.bp-hub-focus h2 {\n  font-size: 1.35rem;\n  margin-bottom: 14px;\n  color: #123b6d;\n  text-align: center;\n}\n\n.bp-hub-focus p {\n  font-size: 1rem;\n  line-height: 1.75;\n  margin-bottom: 12px;\n  text-align: center;\n}\n\n@media (max-width: 1000px) {\n  .bp-hub-grid {\n    grid-template-columns: 1fr;\n  }\n\n  .bp-card-figure img {\n    max-width: 50%;\n  }\n}\n\n@media (max-width: 768px) {\n  .bp-page-hub-experiences {\n    padding: 26px 16px 38px;\n  }\n\n  .bp-hub-hero h1 {\n    font-size: 1.82rem;\n  }\n\n  .bp-intro {\n    font-size: 1rem;\n  }\n\n  .bp-hub-card {\n    padding: 22px 18px 24px;\n  }\n\n  .bp-card-figure {\n    min-height: auto;\n  }\n\n  .bp-card-figure img {\n    max-width: 64%;\n    max-height: 180px;\n  }\n\n  .bp-hub-card h2 {\n    font-size: 1.18rem;\n  }\n}\n<\/style>","protected":false},"excerpt":{"rendered":"<p>Partager nos exp\u00e9riences Quand la douleur s\u2019installe, il est souvent difficile de savoir si ce que l\u2019on vit est isol\u00e9, fr\u00e9quent, ou d\u00e9j\u00e0 rencontr\u00e9 par d\u2019autres. Cette page rassemble plusieurs formes de retours d\u2019exp\u00e9rience pour vous aider \u00e0 vous reconna\u00eetre, \u00e0 mieux comprendre certains parcours et, si vous le souhaitez, \u00e0 partager votre propre exp\u00e9rience.<\/p>","protected":false},"author":6,"featured_media":0,"parent":0,"menu_order":0,"comment_status":"closed","ping_status":"closed","template":"","meta":{"_acf_changed":false,"footnotes":""},"pathologie_secondaire":[],"effet_positif":[],"class_list":["post-4757","page","type-page","status-publish","hentry"],"acf":[],"yoast_head":"<!-- This site is optimized with the Yoast SEO Premium plugin v26.9 (Yoast SEO v27.3) - https:\/\/yoast.com\/product\/yoast-seo-premium-wordpress\/ -->\n<title>Partager nos exp\u00e9riences face \u00e0a la douleur \u00ac Blue Portance<\/title>\n<meta name=\"description\" content=\"D\u00e9couvrez t\u00e9moignages, r\u00e9cits d\u2019exp\u00e9rience et un espace de partage pour mieux comprendre les parcours face \u00e0 la douleur en position assise.\" \/>\n<meta name=\"robots\" content=\"index, follow, max-snippet:-1, max-image-preview:large, max-video-preview:-1\" \/>\n<link rel=\"canonical\" href=\"https:\/\/blueportance.com\/en\/partager-nos-experiences\/\" \/>\n<meta property=\"og:locale\" content=\"en_GB\" \/>\n<meta property=\"og:type\" content=\"article\" \/>\n<meta property=\"og:title\" content=\"MENU_Partager nos exp\u00e9riences\" \/>\n<meta property=\"og:description\" content=\"D\u00e9couvrez t\u00e9moignages, r\u00e9cits d\u2019exp\u00e9rience et un espace de partage pour mieux comprendre les parcours face \u00e0 la douleur en position assise.\" \/>\n<meta property=\"og:url\" content=\"https:\/\/blueportance.com\/en\/partager-nos-experiences\/\" \/>\n<meta property=\"og:site_name\" content=\"Blue Portance\" \/>\n<meta property=\"article:publisher\" content=\"https:\/\/www.facebook.com\/people\/Blue-Portance\/100095243965964\/\" \/>\n<meta property=\"article:modified_time\" content=\"2026-03-17T11:39:01+00:00\" \/>\n<meta property=\"og:image\" content=\"https:\/\/blueportance.com\/wp-content\/uploads\/Logo-Blue-Portance.webp\" \/>\n\t<meta property=\"og:image:width\" content=\"246\" \/>\n\t<meta property=\"og:image:height\" content=\"50\" \/>\n\t<meta property=\"og:image:type\" content=\"image\/webp\" \/>\n<meta name=\"twitter:card\" content=\"summary_large_image\" \/>\n<meta name=\"twitter:label1\" content=\"Estimated reading time\" \/>\n\t<meta name=\"twitter:data1\" content=\"2 minutes\" \/>\n<!-- \/ Yoast SEO Premium plugin. -->","yoast_head_json":{"title":"Partager nos exp\u00e9riences face \u00e0a la douleur \u00ac Blue Portance","description":"D\u00e9couvrez t\u00e9moignages, r\u00e9cits d\u2019exp\u00e9rience et un espace de partage pour mieux comprendre les parcours face \u00e0 la douleur en position assise.","robots":{"index":"index","follow":"follow","max-snippet":"max-snippet:-1","max-image-preview":"max-image-preview:large","max-video-preview":"max-video-preview:-1"},"canonical":"https:\/\/blueportance.com\/en\/partager-nos-experiences\/","og_locale":"en_GB","og_type":"article","og_title":"MENU_Partager nos exp\u00e9riences","og_description":"D\u00e9couvrez t\u00e9moignages, r\u00e9cits d\u2019exp\u00e9rience et un espace de partage pour mieux comprendre les parcours face \u00e0 la douleur en position assise.","og_url":"https:\/\/blueportance.com\/en\/partager-nos-experiences\/","og_site_name":"Blue Portance","article_publisher":"https:\/\/www.facebook.com\/people\/Blue-Portance\/100095243965964\/","article_modified_time":"2026-03-17T11:39:01+00:00","og_image":[{"width":246,"height":50,"url":"https:\/\/blueportance.com\/wp-content\/uploads\/Logo-Blue-Portance.webp","type":"image\/webp"}],"twitter_card":"summary_large_image","twitter_misc":{"Estimated reading time":"2 minutes"},"schema":{"@context":"https:\/\/schema.org","@graph":[{"@type":"WebPage","@id":"https:\/\/blueportance.com\/partager-nos-experiences\/","url":"https:\/\/blueportance.com\/partager-nos-experiences\/","name":"Partager nos exp\u00e9riences face \u00e0a la douleur \u00ac Blue Portance","isPartOf":{"@id":"https:\/\/blueportance.com\/#website"},"datePublished":"2026-03-16T20:19:11+00:00","dateModified":"2026-03-17T11:39:01+00:00","description":"D\u00e9couvrez t\u00e9moignages, r\u00e9cits d\u2019exp\u00e9rience et un espace de partage pour mieux comprendre les parcours face \u00e0 la douleur en position assise.","breadcrumb":{"@id":"https:\/\/blueportance.com\/partager-nos-experiences\/#breadcrumb"},"inLanguage":"en-GB","potentialAction":[{"@type":"ReadAction","target":["https:\/\/blueportance.com\/partager-nos-experiences\/"]}]},{"@type":"BreadcrumbList","@id":"https:\/\/blueportance.com\/partager-nos-experiences\/#breadcrumb","itemListElement":[{"@type":"ListItem","position":1,"name":"Accueil","item":"https:\/\/blueportance.com\/"},{"@type":"ListItem","position":2,"name":"MENU_Partager nos exp\u00e9riences"}]},{"@type":"WebSite","@id":"https:\/\/blueportance.com\/#website","url":"https:\/\/blueportance.com\/","name":"Blue Portance","description":"Assises ergonomiques pour une posture saine et dynamique","publisher":{"@id":"https:\/\/blueportance.com\/#organization"},"potentialAction":[{"@type":"SearchAction","target":{"@type":"EntryPoint","urlTemplate":"https:\/\/blueportance.com\/?s={search_term_string}"},"query-input":{"@type":"PropertyValueSpecification","valueRequired":true,"valueName":"search_term_string"}}],"inLanguage":"en-GB"},{"@type":"Organization","@id":"https:\/\/blueportance.com\/#organization","name":"Blue Portance","url":"https:\/\/blueportance.com\/","logo":{"@type":"ImageObject","inLanguage":"en-GB","@id":"https:\/\/blueportance.com\/#\/schema\/logo\/image\/","url":"https:\/\/blueportance.com\/wp-content\/uploads\/Logo-Blue-Portance.webp","contentUrl":"https:\/\/blueportance.com\/wp-content\/uploads\/Logo-Blue-Portance.webp","width":246,"height":50,"caption":"Blue Portance"},"image":{"@id":"https:\/\/blueportance.com\/#\/schema\/logo\/image\/"},"sameAs":["https:\/\/www.facebook.com\/people\/Blue-Portance\/100095243965964\/"]}]}},"_links":{"self":[{"href":"https:\/\/blueportance.com\/en\/wp-json\/wp\/v2\/pages\/4757","targetHints":{"allow":["GET"]}}],"collection":[{"href":"https:\/\/blueportance.com\/en\/wp-json\/wp\/v2\/pages"}],"about":[{"href":"https:\/\/blueportance.com\/en\/wp-json\/wp\/v2\/types\/page"}],"author":[{"embeddable":true,"href":"https:\/\/blueportance.com\/en\/wp-json\/wp\/v2\/users\/6"}],"replies":[{"embeddable":true,"href":"https:\/\/blueportance.com\/en\/wp-json\/wp\/v2\/comments?post=4757"}],"version-history":[{"count":10,"href":"https:\/\/blueportance.com\/en\/wp-json\/wp\/v2\/pages\/4757\/revisions"}],"predecessor-version":[{"id":4797,"href":"https:\/\/blueportance.com\/en\/wp-json\/wp\/v2\/pages\/4757\/revisions\/4797"}],"wp:attachment":[{"href":"https:\/\/blueportance.com\/en\/wp-json\/wp\/v2\/media?parent=4757"}],"wp:term":[{"taxonomy":"pathologie_secondaire","embeddable":true,"href":"https:\/\/blueportance.com\/en\/wp-json\/wp\/v2\/pathologie_secondaire?post=4757"},{"taxonomy":"effet_positif","embeddable":true,"href":"https:\/\/blueportance.com\/en\/wp-json\/wp\/v2\/effet_positif?post=4757"}],"curies":[{"name":"wp","href":"https:\/\/api.w.org\/{rel}","templated":true}]}}