{"id":4748,"date":"2026-03-16T20:35:55","date_gmt":"2026-03-16T19:35:55","guid":{"rendered":"https:\/\/blueportance.com\/?page_id=4748"},"modified":"2026-03-16T21:04:17","modified_gmt":"2026-03-16T20:04:17","slug":"comprendre-la-douleur","status":"publish","type":"page","link":"https:\/\/blueportance.com\/en\/comprendre-la-douleur\/","title":{"rendered":"MENU_Comprendre la douleur"},"content":{"rendered":"<section class=\"bp-page-hub-douleur\">\n\n  <div class=\"bp-hub-hero\">\n    <h1>Comprendre la douleur en position assise<\/h1>\n    <p class=\"bp-intro\">\n      Cette page vous aide \u00e0 vous orienter entre trois ressources compl\u00e9mentaires :\n      le <strong>Blog<\/strong>, la <strong>Base de connaissances<\/strong> et le\n      <strong>Syst\u00e8me expert d\u2019analyse de la douleur<\/strong>.\n    <\/p>\n  <\/div>\n\n  <div class=\"bp-hub-grid\">\n\n    <!-- BLOC 1 -->\n    <article class=\"bp-hub-card\">\n      <div class=\"bp-card-figure\">\n        <img decoding=\"async\"\n          src=\"http:\/\/blueportance.com\/wp-content\/uploads\/Liseuse-Comprendre-la-douleur.png\"\n          alt=\"Lecture d'articles pour comprendre les douleurs\"\n        >\n      <\/div>\n      <h2>Le Blog<\/h2>\n      <p>\n        Des articles pour vous apporter un \u00e9clairage accessible et vous aider \u00e0\n        <strong>comprendre les douleurs<\/strong> li\u00e9es \u00e0 la position assise :\n        coccyx, bassin, lombaires, tensions musculaires ou inconfort pelvien.\n      <\/p>\n      <a class=\"bp-btn\" href=\"\/en\/blog\/\">Lire les articles<\/a>\n    <\/article>\n\n    <!-- BLOC 2 -->\n    <article class=\"bp-hub-card\">\n      <div class=\"bp-card-figure\">\n        <img decoding=\"async\"\n          src=\"http:\/\/blueportance.com\/wp-content\/uploads\/equilibre-theorique-fonctionnel.png\"\n          alt=\"Sch\u00e9ma de l'\u00e9quilibre fonctionnel du corps\"\n        >\n      <\/div>\n      <h2>Base de connaissances<\/h2>\n      <p>\n        Approfondir les processus de d\u00e9clenchement, d\u2019entretien et de diffusion\n        de la douleur et d\u00e9couvrir les\n        <strong>m\u00e9canismes de la douleur dans le corps<\/strong> lorsque l\u2019assise\n        devient une contrainte.\n      <\/p>\n      <a class=\"bp-btn\" href=\"\/en\/base-de-connaissances\/\">Explorer la base<\/a>\n    <\/article>\n\n    <!-- BLOC 3 -->\n    <article class=\"bp-hub-card\">\n      <div class=\"bp-card-figure\">\n        <img decoding=\"async\"\n          src=\"http:\/\/blueportance.com\/wp-content\/uploads\/corps-assis-point-tension.png\"\n          alt=\"Analyse des tensions du corps en position assise\"\n        >\n      <\/div>\n      <h2>Syst\u00e8me expert<\/h2>\n      <p>\n        Acc\u00e9der \u00e0 <strong>mon analyse personnalis\u00e9e de la douleur<\/strong>\n        pour mieux comprendre les logiques m\u00e9caniques susceptibles de contribuer\n        \u00e0 l\u2019apparition, \u00e0 l\u2019entretien ou \u00e0 l\u2019aggravation de vos douleurs.\n      <\/p>\n      <a class=\"bp-btn bp-btn-secondary\" href=\"\/en\/analyse-personnalisee-douleur\/\">Analyser ma douleur<\/a>\n    <\/article>\n\n  <\/div>\n\n<\/section>\n\n<style>\n.bp-page-hub-douleur {\n  max-width: 1180px;\n  margin: auto;\n  padding: 32px 20px 48px;\n}\n\n.bp-hub-hero {\n  text-align: center;\n  margin-bottom: 32px;\n}\n\n.bp-hub-hero h1 {\n  font-size: 2.1rem;\n  color: #123b6d;\n  margin-bottom: 14px;\n  line-height: 1.15;\n}\n\n.bp-intro {\n  max-width: 820px;\n  margin: auto;\n  line-height: 1.7;\n  font-size: 1.05rem;\n}\n\n.bp-hub-grid {\n  display: grid;\n  grid-template-columns: repeat(3, 1fr);\n  gap: 24px;\n  align-items: stretch;\n}\n\n.bp-hub-card {\n  background: #fff;\n  border: 1px solid #dbe5f0;\n  border-radius: 18px;\n  padding: 24px;\n  box-shadow: 0 10px 22px rgba(0, 0, 0, 0.05);\n  display: flex;\n  flex-direction: column;\n  transition: transform 0.28s ease, box-shadow 0.28s ease, border-color 0.28s ease;\n}\n\n.bp-card-figure {\n  text-align: center;\n  margin-bottom: 18px;\n  min-height: 190px;\n  display: flex;\n  align-items: center;\n  justify-content: center;\n}\n\n.bp-card-figure img {\n  max-width: 75%;\n  max-height: 180px;\n  width: auto;\n  height: auto;\n  transition: transform 0.28s ease;\n}\n\n.bp-hub-card h2 {\n  text-align: center;\n  color: #123b6d;\n  font-size: 1.25rem;\n  margin-bottom: 12px;\n  line-height: 1.3;\n}\n\n.bp-hub-card p {\n  font-size: 0.98rem;\n  line-height: 1.7;\n  margin-bottom: 16px;\n}\n\n.bp-hub-card strong {\n  color: #123b6d;\n}\n\n.bp-btn {\n  background: #1c5fa8;\n  color: #fff !important;\n  padding: 11px 20px;\n  border-radius: 999px;\n  text-decoration: none;\n  font-weight: 600;\n  align-self: center;\n  display: inline-block;\n  transition: transform 0.22s ease, box-shadow 0.22s ease, background 0.22s ease;\n  box-shadow: 0 8px 18px rgba(28, 95, 168, 0.16);\n}\n\n.bp-btn:hover {\n  background: #154d89;\n}\n\n.bp-btn-secondary {\n  background: #198754;\n  box-shadow: 0 8px 18px rgba(25, 135, 84, 0.18);\n}\n\n.bp-btn-secondary:hover {\n  background: #146c43;\n}\n\n\/* Hover sur les 3 blocs *\/\n.bp-hub-card:hover {\n  transform: translateY(-8px);\n  box-shadow: 0 18px 40px rgba(18, 59, 109, 0.12);\n  border-color: #c7d8eb;\n}\n\n.bp-hub-card:hover .bp-card-figure img {\n  transform: translateY(-4px) scale(1.02);\n}\n\n.bp-hub-card:hover .bp-btn {\n  transform: scale(1.05);\n}\n\n\/* L\u00e9ger accent suppl\u00e9mentaire sur le 3e bloc *\/\n.bp-hub-card:nth-child(3) {\n  border-color: #d6eadf;\n}\n\n.bp-hub-card:nth-child(3):hover {\n  box-shadow: 0 20px 42px rgba(25, 135, 84, 0.14);\n  border-color: #b8dbc8;\n}\n\n@media (max-width: 1000px) {\n  .bp-hub-grid {\n    grid-template-columns: 1fr;\n  }\n\n  .bp-card-figure img {\n    max-width: 50%;\n  }\n}\n\n@media (max-width: 768px) {\n  .bp-page-hub-douleur {\n    padding: 26px 16px 38px;\n  }\n\n  .bp-hub-hero h1 {\n    font-size: 1.82rem;\n  }\n\n  .bp-intro {\n    font-size: 1rem;\n  }\n\n  .bp-hub-card {\n    padding: 22px 18px 24px;\n  }\n\n  .bp-card-figure {\n    min-height: auto;\n  }\n\n  .bp-card-figure img {\n    max-width: 64%;\n    max-height: 180px;\n  }\n\n  .bp-hub-card h2 {\n    font-size: 1.18rem;\n  }\n}\n<\/style>\n\n\n\n<p><\/p>","protected":false},"excerpt":{"rendered":"<p>Comprendre la douleur en position assise Cette page vous aide \u00e0 vous orienter entre trois ressources compl\u00e9mentaires : le Blog, la Base de connaissances et le Syst\u00e8me expert d\u2019analyse de la douleur. Le Blog Des articles pour vous apporter un \u00e9clairage accessible et vous aider \u00e0 comprendre les douleurs li\u00e9es \u00e0 la position assise : [&#8230;]\n","protected":false},"author":6,"featured_media":0,"parent":0,"menu_order":0,"comment_status":"closed","ping_status":"closed","template":"","meta":{"_acf_changed":false,"footnotes":""},"pathologie_secondaire":[],"effet_positif":[],"class_list":["post-4748","page","type-page","status-publish","hentry"],"acf":[],"yoast_head":"<!-- This site is optimized with the Yoast SEO Premium plugin v26.9 (Yoast SEO v27.3) - https:\/\/yoast.com\/product\/yoast-seo-premium-wordpress\/ -->\n<title>Comprendre la douleur en position assise | Blue Portance<\/title>\n<meta name=\"description\" content=\"Comprendre la douleur en position assise : causes possibles, m\u00e9canismes du corps et acc\u00e8s \u00e0 une analyse personnalis\u00e9e.\" \/>\n<meta name=\"robots\" content=\"index, follow, max-snippet:-1, max-image-preview:large, max-video-preview:-1\" \/>\n<link rel=\"canonical\" href=\"https:\/\/blueportance.com\/en\/comprendre-la-douleur\/\" \/>\n<meta property=\"og:locale\" content=\"en_GB\" \/>\n<meta property=\"og:type\" content=\"article\" \/>\n<meta property=\"og:title\" content=\"MENU_Comprendre la douleur\" \/>\n<meta property=\"og:description\" content=\"Comprendre la douleur en position assise : causes possibles, m\u00e9canismes du corps et acc\u00e8s \u00e0 une analyse personnalis\u00e9e.\" \/>\n<meta property=\"og:url\" content=\"https:\/\/blueportance.com\/en\/comprendre-la-douleur\/\" \/>\n<meta property=\"og:site_name\" content=\"Blue Portance\" \/>\n<meta property=\"article:publisher\" content=\"https:\/\/www.facebook.com\/people\/Blue-Portance\/100095243965964\/\" \/>\n<meta property=\"article:modified_time\" content=\"2026-03-16T20:04:17+00:00\" \/>\n<meta property=\"og:image\" content=\"https:\/\/blueportance.com\/wp-content\/uploads\/Logo-Blue-Portance.webp\" \/>\n\t<meta property=\"og:image:width\" content=\"246\" \/>\n\t<meta property=\"og:image:height\" content=\"50\" \/>\n\t<meta property=\"og:image:type\" content=\"image\/webp\" \/>\n<meta name=\"twitter:card\" content=\"summary_large_image\" \/>\n<meta name=\"twitter:label1\" content=\"Estimated reading time\" \/>\n\t<meta name=\"twitter:data1\" content=\"2 minutes\" \/>\n<!-- \/ Yoast SEO Premium plugin. -->","yoast_head_json":{"title":"Comprendre la douleur en position assise | Blue Portance","description":"Comprendre la douleur en position assise : causes possibles, m\u00e9canismes du corps et acc\u00e8s \u00e0 une analyse personnalis\u00e9e.","robots":{"index":"index","follow":"follow","max-snippet":"max-snippet:-1","max-image-preview":"max-image-preview:large","max-video-preview":"max-video-preview:-1"},"canonical":"https:\/\/blueportance.com\/en\/comprendre-la-douleur\/","og_locale":"en_GB","og_type":"article","og_title":"MENU_Comprendre la douleur","og_description":"Comprendre la douleur en position assise : causes possibles, m\u00e9canismes du corps et acc\u00e8s \u00e0 une analyse personnalis\u00e9e.","og_url":"https:\/\/blueportance.com\/en\/comprendre-la-douleur\/","og_site_name":"Blue Portance","article_publisher":"https:\/\/www.facebook.com\/people\/Blue-Portance\/100095243965964\/","article_modified_time":"2026-03-16T20:04:17+00:00","og_image":[{"width":246,"height":50,"url":"https:\/\/blueportance.com\/wp-content\/uploads\/Logo-Blue-Portance.webp","type":"image\/webp"}],"twitter_card":"summary_large_image","twitter_misc":{"Estimated reading time":"2 minutes"},"schema":{"@context":"https:\/\/schema.org","@graph":[{"@type":"WebPage","@id":"https:\/\/blueportance.com\/comprendre-la-douleur\/","url":"https:\/\/blueportance.com\/comprendre-la-douleur\/","name":"Comprendre la douleur en position assise | Blue Portance","isPartOf":{"@id":"https:\/\/blueportance.com\/#website"},"datePublished":"2026-03-16T19:35:55+00:00","dateModified":"2026-03-16T20:04:17+00:00","description":"Comprendre la douleur en position assise : causes possibles, m\u00e9canismes du corps et acc\u00e8s \u00e0 une analyse personnalis\u00e9e.","breadcrumb":{"@id":"https:\/\/blueportance.com\/comprendre-la-douleur\/#breadcrumb"},"inLanguage":"en-GB","potentialAction":[{"@type":"ReadAction","target":["https:\/\/blueportance.com\/comprendre-la-douleur\/"]}]},{"@type":"BreadcrumbList","@id":"https:\/\/blueportance.com\/comprendre-la-douleur\/#breadcrumb","itemListElement":[{"@type":"ListItem","position":1,"name":"Accueil","item":"https:\/\/blueportance.com\/"},{"@type":"ListItem","position":2,"name":"MENU_Comprendre la douleur"}]},{"@type":"WebSite","@id":"https:\/\/blueportance.com\/#website","url":"https:\/\/blueportance.com\/","name":"Blue Portance","description":"Assises ergonomiques pour une posture saine et dynamique","publisher":{"@id":"https:\/\/blueportance.com\/#organization"},"potentialAction":[{"@type":"SearchAction","target":{"@type":"EntryPoint","urlTemplate":"https:\/\/blueportance.com\/?s={search_term_string}"},"query-input":{"@type":"PropertyValueSpecification","valueRequired":true,"valueName":"search_term_string"}}],"inLanguage":"en-GB"},{"@type":"Organization","@id":"https:\/\/blueportance.com\/#organization","name":"Blue Portance","url":"https:\/\/blueportance.com\/","logo":{"@type":"ImageObject","inLanguage":"en-GB","@id":"https:\/\/blueportance.com\/#\/schema\/logo\/image\/","url":"https:\/\/blueportance.com\/wp-content\/uploads\/Logo-Blue-Portance.webp","contentUrl":"https:\/\/blueportance.com\/wp-content\/uploads\/Logo-Blue-Portance.webp","width":246,"height":50,"caption":"Blue Portance"},"image":{"@id":"https:\/\/blueportance.com\/#\/schema\/logo\/image\/"},"sameAs":["https:\/\/www.facebook.com\/people\/Blue-Portance\/100095243965964\/"]}]}},"_links":{"self":[{"href":"https:\/\/blueportance.com\/en\/wp-json\/wp\/v2\/pages\/4748","targetHints":{"allow":["GET"]}}],"collection":[{"href":"https:\/\/blueportance.com\/en\/wp-json\/wp\/v2\/pages"}],"about":[{"href":"https:\/\/blueportance.com\/en\/wp-json\/wp\/v2\/types\/page"}],"author":[{"embeddable":true,"href":"https:\/\/blueportance.com\/en\/wp-json\/wp\/v2\/users\/6"}],"replies":[{"embeddable":true,"href":"https:\/\/blueportance.com\/en\/wp-json\/wp\/v2\/comments?post=4748"}],"version-history":[{"count":4,"href":"https:\/\/blueportance.com\/en\/wp-json\/wp\/v2\/pages\/4748\/revisions"}],"predecessor-version":[{"id":4756,"href":"https:\/\/blueportance.com\/en\/wp-json\/wp\/v2\/pages\/4748\/revisions\/4756"}],"wp:attachment":[{"href":"https:\/\/blueportance.com\/en\/wp-json\/wp\/v2\/media?parent=4748"}],"wp:term":[{"taxonomy":"pathologie_secondaire","embeddable":true,"href":"https:\/\/blueportance.com\/en\/wp-json\/wp\/v2\/pathologie_secondaire?post=4748"},{"taxonomy":"effet_positif","embeddable":true,"href":"https:\/\/blueportance.com\/en\/wp-json\/wp\/v2\/effet_positif?post=4748"}],"curies":[{"name":"wp","href":"https:\/\/api.w.org\/{rel}","templated":true}]}}