{"id":466,"date":"2024-07-24T10:20:53","date_gmt":"2024-07-24T08:20:53","guid":{"rendered":"https:\/\/x3wa81tzml.onrocket.site\/?page_id=466"},"modified":"2025-05-12T09:15:24","modified_gmt":"2025-05-12T07:15:24","slug":"mentions-legales","status":"publish","type":"page","link":"https:\/\/blueportance.com\/en\/mentions-legales\/","title":{"rendered":"Mentions l\u00e9gales"},"content":{"rendered":"<p>Date de derni\u00e8re mise \u00e0 jour : 30\/03\/2025.<\/p>\n\n\n\n<p><\/p>\n\n\n\n<p><\/p>\n\n\n\n<p>Blue Portance<\/p>\n\n\n\n<ul class=\"wp-block-list\">\n<li>D\u00e9nomination sociale : BLUE PORTANCE<\/li>\n\n\n\n<li>Adresse du si\u00e8ge social de l\u2019entreprise : 6 Impasse des Valli\u00e8res, 06800 Cagnes-sur-mer &#8211; FRANCE<\/li>\n\n\n\n<li>Dirigeant de l\u2019entreprise : AVENE 26 SAS, repr\u00e9sent\u00e9e par son pr\u00e9sident Gil AYACHE<\/li>\n\n\n\n<li>Adresse e-mail de l&rsquo;entreprise :&nbsp;<a href=\"mailto:contact@blueportance.com\">contact@blueportance.com<\/a><\/li>\n\n\n\n<li>Num\u00e9ro de SIREN : 898653514<\/li>\n\n\n\n<li>Forme juridique de l\u2019entreprise : SAS, soci\u00e9t\u00e9 par actions simplifi\u00e9e<\/li>\n\n\n\n<li>Montant du Capital Social : 51 996.00 Euros<\/li>\n\n\n\n<li>Immatriculation au RCS : 901 276 055 RCS Antibes<\/li>\n<\/ul>\n\n\n\n<p>Ce site est h\u00e9berg\u00e9 par l&rsquo;entreprise fran\u00e7aise OVH.<\/p>\n\n\n\n<p>\u200bRetrouvez les mentions l\u00e9gales relatives \u00e0 :<\/p>\n\n\n\n<ul class=\"wp-block-list\">\n<li>L&rsquo;utilisation de&nbsp;<a href=\"https:\/\/blueportance.com\/en\/politique-de-confidentialit%C3%A9\/\">donn\u00e9es personnelles<\/a><\/li>\n\n\n\n<li>L&rsquo;utilisation de&nbsp;<a href=\"https:\/\/blueportance.com\/en\/politique-de-cookies\/\">cookies&nbsp;<\/a><\/li>\n<\/ul>","protected":false},"excerpt":{"rendered":"<p>Date de derni\u00e8re mise \u00e0 jour : 30\/03\/2025. Blue Portance Ce site est h\u00e9berg\u00e9 par l&rsquo;entreprise fran\u00e7aise OVH. \u200bRetrouvez les mentions l\u00e9gales relatives \u00e0 :<\/p>","protected":false},"author":6,"featured_media":0,"parent":0,"menu_order":0,"comment_status":"closed","ping_status":"closed","template":"","meta":{"_acf_changed":false,"footnotes":""},"pathologie_secondaire":[],"effet_positif":[],"class_list":["post-466","page","type-page","status-publish","hentry"],"acf":[],"yoast_head":"<!-- This site is optimized with the Yoast SEO Premium plugin v26.9 (Yoast SEO v27.3) - https:\/\/yoast.com\/product\/yoast-seo-premium-wordpress\/ -->\n<title>Mentions l\u00e9gales<\/title>\n<meta name=\"robots\" content=\"noindex, follow\" \/>\n<meta property=\"og:locale\" content=\"en_GB\" \/>\n<meta property=\"og:type\" content=\"article\" \/>\n<meta property=\"og:title\" content=\"Mentions l\u00e9gales\" \/>\n<meta property=\"og:description\" content=\"Date de derni\u00e8re mise \u00e0 jour : 30\/03\/2025. Blue Portance Ce site est h\u00e9berg\u00e9 par l&rsquo;entreprise fran\u00e7aise OVH. \u200bRetrouvez les mentions l\u00e9gales relatives \u00e0 :\" \/>\n<meta property=\"og:url\" content=\"http:\/\/blueportance.com\/en\/mentions-legales\/\" \/>\n<meta property=\"og:site_name\" content=\"Blue Portance\" \/>\n<meta property=\"article:publisher\" content=\"https:\/\/www.facebook.com\/people\/Blue-Portance\/100095243965964\/\" \/>\n<meta property=\"article:modified_time\" content=\"2025-05-12T07:15:24+00:00\" \/>\n<meta property=\"og:image\" content=\"https:\/\/blueportance.com\/wp-content\/uploads\/Logo-Blue-Portance.webp\" \/>\n\t<meta property=\"og:image:width\" content=\"246\" \/>\n\t<meta property=\"og:image:height\" content=\"50\" \/>\n\t<meta property=\"og:image:type\" content=\"image\/webp\" \/>\n<meta name=\"twitter:card\" content=\"summary_large_image\" \/>\n<meta name=\"twitter:label1\" content=\"Estimated reading time\" \/>\n\t<meta name=\"twitter:data1\" content=\"1 minute\" \/>\n<!-- \/ Yoast SEO Premium plugin. -->","yoast_head_json":{"title":"Mentions l\u00e9gales","robots":{"index":"noindex","follow":"follow"},"og_locale":"en_GB","og_type":"article","og_title":"Mentions l\u00e9gales","og_description":"Date de derni\u00e8re mise \u00e0 jour : 30\/03\/2025. Blue Portance Ce site est h\u00e9berg\u00e9 par l&rsquo;entreprise fran\u00e7aise OVH. \u200bRetrouvez les mentions l\u00e9gales relatives \u00e0 :","og_url":"http:\/\/blueportance.com\/en\/mentions-legales\/","og_site_name":"Blue Portance","article_publisher":"https:\/\/www.facebook.com\/people\/Blue-Portance\/100095243965964\/","article_modified_time":"2025-05-12T07:15:24+00:00","og_image":[{"width":246,"height":50,"url":"https:\/\/blueportance.com\/wp-content\/uploads\/Logo-Blue-Portance.webp","type":"image\/webp"}],"twitter_card":"summary_large_image","twitter_misc":{"Estimated reading time":"1 minute"},"schema":{"@context":"https:\/\/schema.org","@graph":[{"@type":"WebPage","@id":"http:\/\/blueportance.com\/mentions-legales\/","url":"http:\/\/blueportance.com\/mentions-legales\/","name":"Mentions l\u00e9gales","isPartOf":{"@id":"https:\/\/blueportance.com\/#website"},"datePublished":"2024-07-24T08:20:53+00:00","dateModified":"2025-05-12T07:15:24+00:00","breadcrumb":{"@id":"http:\/\/blueportance.com\/mentions-legales\/#breadcrumb"},"inLanguage":"en-GB","potentialAction":[{"@type":"ReadAction","target":["http:\/\/blueportance.com\/mentions-legales\/"]}]},{"@type":"BreadcrumbList","@id":"http:\/\/blueportance.com\/mentions-legales\/#breadcrumb","itemListElement":[{"@type":"ListItem","position":1,"name":"Accueil","item":"https:\/\/blueportance.com\/"},{"@type":"ListItem","position":2,"name":"Mentions l\u00e9gales"}]},{"@type":"WebSite","@id":"https:\/\/blueportance.com\/#website","url":"https:\/\/blueportance.com\/","name":"Blue Portance","description":"Assises ergonomiques pour une posture saine et dynamique","publisher":{"@id":"https:\/\/blueportance.com\/#organization"},"potentialAction":[{"@type":"SearchAction","target":{"@type":"EntryPoint","urlTemplate":"https:\/\/blueportance.com\/?s={search_term_string}"},"query-input":{"@type":"PropertyValueSpecification","valueRequired":true,"valueName":"search_term_string"}}],"inLanguage":"en-GB"},{"@type":"Organization","@id":"https:\/\/blueportance.com\/#organization","name":"Blue Portance","url":"https:\/\/blueportance.com\/","logo":{"@type":"ImageObject","inLanguage":"en-GB","@id":"https:\/\/blueportance.com\/#\/schema\/logo\/image\/","url":"https:\/\/blueportance.com\/wp-content\/uploads\/Logo-Blue-Portance.webp","contentUrl":"https:\/\/blueportance.com\/wp-content\/uploads\/Logo-Blue-Portance.webp","width":246,"height":50,"caption":"Blue Portance"},"image":{"@id":"https:\/\/blueportance.com\/#\/schema\/logo\/image\/"},"sameAs":["https:\/\/www.facebook.com\/people\/Blue-Portance\/100095243965964\/"]}]}},"_links":{"self":[{"href":"https:\/\/blueportance.com\/en\/wp-json\/wp\/v2\/pages\/466","targetHints":{"allow":["GET"]}}],"collection":[{"href":"https:\/\/blueportance.com\/en\/wp-json\/wp\/v2\/pages"}],"about":[{"href":"https:\/\/blueportance.com\/en\/wp-json\/wp\/v2\/types\/page"}],"author":[{"embeddable":true,"href":"https:\/\/blueportance.com\/en\/wp-json\/wp\/v2\/users\/6"}],"replies":[{"embeddable":true,"href":"https:\/\/blueportance.com\/en\/wp-json\/wp\/v2\/comments?post=466"}],"version-history":[{"count":1,"href":"https:\/\/blueportance.com\/en\/wp-json\/wp\/v2\/pages\/466\/revisions"}],"predecessor-version":[{"id":2782,"href":"https:\/\/blueportance.com\/en\/wp-json\/wp\/v2\/pages\/466\/revisions\/2782"}],"wp:attachment":[{"href":"https:\/\/blueportance.com\/en\/wp-json\/wp\/v2\/media?parent=466"}],"wp:term":[{"taxonomy":"pathologie_secondaire","embeddable":true,"href":"https:\/\/blueportance.com\/en\/wp-json\/wp\/v2\/pathologie_secondaire?post=466"},{"taxonomy":"effet_positif","embeddable":true,"href":"https:\/\/blueportance.com\/en\/wp-json\/wp\/v2\/effet_positif?post=466"}],"curies":[{"name":"wp","href":"https:\/\/api.w.org\/{rel}","templated":true}]}}