{"id":460,"date":"2024-07-24T10:14:22","date_gmt":"2024-07-24T08:14:22","guid":{"rendered":"https:\/\/x3wa81tzml.onrocket.site\/?page_id=460"},"modified":"2025-02-15T09:15:48","modified_gmt":"2025-02-15T08:15:48","slug":"politique-de-cookies","status":"publish","type":"page","link":"https:\/\/blueportance.com\/en\/politique-de-cookies\/","title":{"rendered":"Politique de cookies"},"content":{"rendered":"<h2 class=\"wp-block-heading\">1. Qu&rsquo;est-ce qu&rsquo;un cookie ?<\/h2>\n\n\n\n<p>Un cookie est un petit fichier constitu\u00e9 de lettres et de chiffres, et t\u00e9l\u00e9charg\u00e9 sur votre ordinateur lorsque vous acc\u00e9dez \u00e0 certains sites Web. En g\u00e9n\u00e9ral, les cookies permettent \u00e0 un site Web de reconna\u00eetre l&rsquo;ordinateur de l\u2019utilisateur.<\/p>\n\n\n\n<p>La chose la plus importante \u00e0 savoir sur les cookies que nous pla\u00e7ons est qu&rsquo;ils servent \u00e0 am\u00e9liorer la convivialit\u00e9 de notre site web, par exemple en m\u00e9morisant les pr\u00e9f\u00e9rences du site et les param\u00e8tres linguistiques.<\/p>\n\n\n\n<h2 class=\"wp-block-heading\">2. Pourquoi utilisons-nous des cookies ?<\/h2>\n\n\n\n<p>Nous pouvons utiliser des cookies et d&rsquo;autres technologies similaires pour un certain nombre de raisons : pour des besoins de s\u00e9curit\u00e9 ou de protection contre la fraude, et afin d&rsquo;identifier et de pr\u00e9venir les cyber-attaques, mais aussi pour contr\u00f4ler et analyser les performances, le fonctionnement et l&rsquo;efficacit\u00e9 de notre service et enfin am\u00e9liorer votre exp\u00e9rience utilisateur.<\/p>\n\n\n\n<h2 class=\"wp-block-heading\">3. Tableau des cookies :<\/h2>\n\n\n\n<p>Les cookies que nous utilisons sur notre site sont les suivants : Google Analytics, Google Ads.\u00a0<\/p>\n\n\n\n<h2 class=\"wp-block-heading\">4. Vos choix :<\/h2>\n\n\n\n<p>Pour en savoir plus sur les cookies, notamment sur la mani\u00e8re de voir quels cookies ont \u00e9t\u00e9 d\u00e9finis et de comprendre comment les g\u00e9rer, les supprimer ou les bloquer, visitez&nbsp;<a href=\"https:\/\/www.aboutcookies.org\/\" target=\"_blank\" rel=\"noreferrer noopener\">https:\/\/aboutcookies.org\/<\/a>&nbsp;ou <a href=\"https:\/\/allaboutcookies.org\/fr\" target=\"_blank\" rel=\"noreferrer noopener\">https:\/\/www.allaboutcookies.org\/fr\/<\/a>.<\/p>\n\n\n\n<p>Il est \u00e9galement possible d&#8217;emp\u00eacher votre navigateur d&rsquo;accepter les cookies en modifiant les param\u00e8tres concern\u00e9s dans votre navigateur. Vous pouvez g\u00e9n\u00e9ralement trouver ces param\u00e8tres dans le menu \u00ab Options \u00bb ou \u00ab Pr\u00e9f\u00e9rences \u00bb de votre navigateur.<\/p>\n\n\n\n<p>Veuillez noter que la suppression de nos cookies ou la d\u00e9sactivation de futurs cookies ou technologies de suivi pourront vous emp\u00eacher d&rsquo;acc\u00e9der \u00e0 certaines zones ou fonctionnalit\u00e9s de nos services, ou pourront autrement affecter n\u00e9gativement votre exp\u00e9rience d&rsquo;utilisateur.<\/p>\n\n\n\n<p>Les liens suivants peuvent \u00eatre utiles, ou vous pouvez utiliser l&rsquo;option \u00ab Aide \u00bb de votre navigateur :\u200b\u200b<\/p>\n\n\n\n<ul class=\"wp-block-list\">\n<li><a href=\"https:\/\/support.google.com\/chrome\/answer\/95647?hl=fr&amp;co=GENIE.Platform=Desktop\" target=\"_blank\" rel=\"noreferrer noopener\">Param\u00e8tres des cookies dans Google Chrome<\/a><\/li>\n\n\n\n<li><a href=\"https:\/\/support.apple.com\/fr-fr\/guide\/safari\/sfri11471\/mac\" target=\"_blank\" rel=\"noreferrer noopener\">Param\u00e8tres des cookies dans Safari<\/a><\/li>\n\n\n\n<li><a href=\"https:\/\/support.mozilla.org\/fr\/kb\/effacer-cookies-donnees-site-firefox\" target=\"_blank\" rel=\"noreferrer noopener\">Param\u00e8tres des cookies dans Firefox<\/a><\/li>\n\n\n\n<li><a href=\"https:\/\/support.microsoft.com\/fr-fr\/windows\/supprimer-et-g%C3%A9rer-les-cookies-168dab11-0753-043d-7c16-ede5947fc64d\" target=\"_blank\" rel=\"noreferrer noopener\">Param\u00e8tres des cookies dans Internet Explorer<\/a><\/li>\n<\/ul>\n\n\n\n<p>Pour refuser et emp\u00eacher que vos donn\u00e9es soient utilis\u00e9es par Google Analytics sur tous les sites Web, consultez les instructions en&nbsp;<a href=\"https:\/\/tools.google.com\/dlpage\/gaoptout?hl=fr\" target=\"_blank\" rel=\"noreferrer noopener\">cliquant ici<\/a>.<\/p>\n\n\n\n<p>Il se peut que nous modifiions cette politique en mati\u00e8re de cookies. Nous vous encourageons \u00e0 consulter r\u00e9guli\u00e8rement cette page pour obtenir les derni\u00e8res informations sur les cookies.<\/p>\n\n\n\n<h2 class=\"wp-block-heading\">5. Des questions :<\/h2>\n\n\n\n<p>Pour toute question, contactez-nous \u00e0 l\u2019adresse mail suivante :&nbsp;<a href=\"mailto:sharon@blueportance.com?subject=Question%20:\">sharon@blueportance.com<\/a>.<\/p>","protected":false},"excerpt":{"rendered":"<p>1. Qu&rsquo;est-ce qu&rsquo;un cookie ? Un cookie est un petit fichier constitu\u00e9 de lettres et de chiffres, et t\u00e9l\u00e9charg\u00e9 sur votre ordinateur lorsque vous acc\u00e9dez \u00e0 certains sites Web. En g\u00e9n\u00e9ral, les cookies permettent \u00e0 un site Web de reconna\u00eetre l&rsquo;ordinateur de l\u2019utilisateur. La chose la plus importante \u00e0 savoir sur les cookies que nous [&#8230;]\n","protected":false},"author":6,"featured_media":0,"parent":0,"menu_order":0,"comment_status":"closed","ping_status":"closed","template":"","meta":{"_acf_changed":false,"footnotes":""},"pathologie_secondaire":[],"effet_positif":[],"class_list":["post-460","page","type-page","status-publish","hentry"],"acf":[],"yoast_head":"<!-- This site is optimized with the Yoast SEO Premium plugin v26.9 (Yoast SEO v27.3) - https:\/\/yoast.com\/product\/yoast-seo-premium-wordpress\/ -->\n<title>Politique de cookies<\/title>\n<meta name=\"robots\" content=\"noindex, follow\" \/>\n<meta property=\"og:locale\" content=\"en_GB\" \/>\n<meta property=\"og:type\" content=\"article\" \/>\n<meta property=\"og:title\" content=\"Politique de cookies\" \/>\n<meta property=\"og:description\" content=\"1. Qu&rsquo;est-ce qu&rsquo;un cookie ? Un cookie est un petit fichier constitu\u00e9 de lettres et de chiffres, et t\u00e9l\u00e9charg\u00e9 sur votre ordinateur lorsque vous acc\u00e9dez \u00e0 certains sites Web. En g\u00e9n\u00e9ral, les cookies permettent \u00e0 un site Web de reconna\u00eetre l&rsquo;ordinateur de l\u2019utilisateur. La chose la plus importante \u00e0 savoir sur les cookies que nous [...]\" \/>\n<meta property=\"og:url\" content=\"http:\/\/blueportance.com\/en\/politique-de-cookies\/\" \/>\n<meta property=\"og:site_name\" content=\"Blue Portance\" \/>\n<meta property=\"article:publisher\" content=\"https:\/\/www.facebook.com\/people\/Blue-Portance\/100095243965964\/\" \/>\n<meta property=\"article:modified_time\" content=\"2025-02-15T08:15:48+00:00\" \/>\n<meta property=\"og:image\" content=\"https:\/\/blueportance.com\/wp-content\/uploads\/Logo-Blue-Portance.webp\" \/>\n\t<meta property=\"og:image:width\" content=\"246\" \/>\n\t<meta property=\"og:image:height\" content=\"50\" \/>\n\t<meta property=\"og:image:type\" content=\"image\/webp\" \/>\n<meta name=\"twitter:card\" content=\"summary_large_image\" \/>\n<meta name=\"twitter:label1\" content=\"Estimated reading time\" \/>\n\t<meta name=\"twitter:data1\" content=\"2 minutes\" \/>\n<!-- \/ Yoast SEO Premium plugin. -->","yoast_head_json":{"title":"Politique de cookies","robots":{"index":"noindex","follow":"follow"},"og_locale":"en_GB","og_type":"article","og_title":"Politique de cookies","og_description":"1. Qu&rsquo;est-ce qu&rsquo;un cookie ? Un cookie est un petit fichier constitu\u00e9 de lettres et de chiffres, et t\u00e9l\u00e9charg\u00e9 sur votre ordinateur lorsque vous acc\u00e9dez \u00e0 certains sites Web. En g\u00e9n\u00e9ral, les cookies permettent \u00e0 un site Web de reconna\u00eetre l&rsquo;ordinateur de l\u2019utilisateur. La chose la plus importante \u00e0 savoir sur les cookies que nous [...]","og_url":"http:\/\/blueportance.com\/en\/politique-de-cookies\/","og_site_name":"Blue Portance","article_publisher":"https:\/\/www.facebook.com\/people\/Blue-Portance\/100095243965964\/","article_modified_time":"2025-02-15T08:15:48+00:00","og_image":[{"width":246,"height":50,"url":"https:\/\/blueportance.com\/wp-content\/uploads\/Logo-Blue-Portance.webp","type":"image\/webp"}],"twitter_card":"summary_large_image","twitter_misc":{"Estimated reading time":"2 minutes"},"schema":{"@context":"https:\/\/schema.org","@graph":[{"@type":"WebPage","@id":"http:\/\/blueportance.com\/politique-de-cookies\/","url":"http:\/\/blueportance.com\/politique-de-cookies\/","name":"Politique de cookies","isPartOf":{"@id":"https:\/\/blueportance.com\/#website"},"datePublished":"2024-07-24T08:14:22+00:00","dateModified":"2025-02-15T08:15:48+00:00","breadcrumb":{"@id":"http:\/\/blueportance.com\/politique-de-cookies\/#breadcrumb"},"inLanguage":"en-GB","potentialAction":[{"@type":"ReadAction","target":["http:\/\/blueportance.com\/politique-de-cookies\/"]}]},{"@type":"BreadcrumbList","@id":"http:\/\/blueportance.com\/politique-de-cookies\/#breadcrumb","itemListElement":[{"@type":"ListItem","position":1,"name":"Accueil","item":"https:\/\/blueportance.com\/"},{"@type":"ListItem","position":2,"name":"Politique de cookies"}]},{"@type":"WebSite","@id":"https:\/\/blueportance.com\/#website","url":"https:\/\/blueportance.com\/","name":"Blue Portance","description":"Assises ergonomiques pour une posture saine et dynamique","publisher":{"@id":"https:\/\/blueportance.com\/#organization"},"potentialAction":[{"@type":"SearchAction","target":{"@type":"EntryPoint","urlTemplate":"https:\/\/blueportance.com\/?s={search_term_string}"},"query-input":{"@type":"PropertyValueSpecification","valueRequired":true,"valueName":"search_term_string"}}],"inLanguage":"en-GB"},{"@type":"Organization","@id":"https:\/\/blueportance.com\/#organization","name":"Blue Portance","url":"https:\/\/blueportance.com\/","logo":{"@type":"ImageObject","inLanguage":"en-GB","@id":"https:\/\/blueportance.com\/#\/schema\/logo\/image\/","url":"https:\/\/blueportance.com\/wp-content\/uploads\/Logo-Blue-Portance.webp","contentUrl":"https:\/\/blueportance.com\/wp-content\/uploads\/Logo-Blue-Portance.webp","width":246,"height":50,"caption":"Blue Portance"},"image":{"@id":"https:\/\/blueportance.com\/#\/schema\/logo\/image\/"},"sameAs":["https:\/\/www.facebook.com\/people\/Blue-Portance\/100095243965964\/"]}]}},"_links":{"self":[{"href":"https:\/\/blueportance.com\/en\/wp-json\/wp\/v2\/pages\/460","targetHints":{"allow":["GET"]}}],"collection":[{"href":"https:\/\/blueportance.com\/en\/wp-json\/wp\/v2\/pages"}],"about":[{"href":"https:\/\/blueportance.com\/en\/wp-json\/wp\/v2\/types\/page"}],"author":[{"embeddable":true,"href":"https:\/\/blueportance.com\/en\/wp-json\/wp\/v2\/users\/6"}],"replies":[{"embeddable":true,"href":"https:\/\/blueportance.com\/en\/wp-json\/wp\/v2\/comments?post=460"}],"version-history":[{"count":0,"href":"https:\/\/blueportance.com\/en\/wp-json\/wp\/v2\/pages\/460\/revisions"}],"wp:attachment":[{"href":"https:\/\/blueportance.com\/en\/wp-json\/wp\/v2\/media?parent=460"}],"wp:term":[{"taxonomy":"pathologie_secondaire","embeddable":true,"href":"https:\/\/blueportance.com\/en\/wp-json\/wp\/v2\/pathologie_secondaire?post=460"},{"taxonomy":"effet_positif","embeddable":true,"href":"https:\/\/blueportance.com\/en\/wp-json\/wp\/v2\/effet_positif?post=460"}],"curies":[{"name":"wp","href":"https:\/\/api.w.org\/{rel}","templated":true}]}}