{"id":4194,"date":"2026-02-09T12:21:02","date_gmt":"2026-02-09T11:21:02","guid":{"rendered":"https:\/\/blueportance.com\/?page_id=4194"},"modified":"2026-02-09T12:31:09","modified_gmt":"2026-02-09T11:31:09","slug":"suggestion-question","status":"publish","type":"page","link":"https:\/\/blueportance.com\/en\/base-de-connaissances\/faq\/suggestion-question\/","title":{"rendered":"FAQ_00 : Suggestion de question"},"content":{"rendered":"<!-- =========================================================\n     ADD-A-QUESTION (FAQ FOOTER BLOCK) \u2014 Blue Portance BDC\n     Place this block just BEFORE the NAVIGATION box + final note.\n========================================================== -->\n\n<section class=\"bp-faq-ask\" aria-label=\"Ajouter une question \u00e0 la FAQ\">\n  <h2>Vous ne trouvez pas votre question&nbsp;?<\/h2>\n\n  <p>\n    Certaines situations ne se r\u00e9sument pas \u00e0 une question standardis\u00e9e.\n    Si votre interrogation n\u2019appara\u00eet pas encore dans cette FAQ, vous pouvez nous la soumettre.\n    Les questions pertinentes pourront \u00eatre int\u00e9gr\u00e9es progressivement afin de pr\u00e9server la coh\u00e9rence scientifique\n    et p\u00e9dagogique de la Base de connaissances.\n  <\/p>\n<p class=\"bp-faq-ask-safe\">\n  Votre question peut \u00eatre formul\u00e9e librement.\n  Elle sera analys\u00e9e avant int\u00e9gration afin de pr\u00e9server\n  la coh\u00e9rence p\u00e9dagogique de la Base de connaissances.\n<\/p>\n\n\n<div class=\"wpcf7 no-js\" id=\"wpcf7-f4191-o1\" lang=\"fr-FR\" dir=\"ltr\" data-wpcf7-id=\"4191\">\n<div class=\"screen-reader-response\"><p role=\"status\" aria-live=\"polite\" aria-atomic=\"true\"><\/p> <ul><\/ul><\/div>\n<form action=\"\/en\/wp-json\/wp\/v2\/pages\/4194#wpcf7-f4191-o1\" method=\"post\" class=\"wpcf7-form init\" aria-label=\"Formulaire de contact\" novalidate=\"novalidate\" data-status=\"init\" data-trp-original-action=\"\/en\/wp-json\/wp\/v2\/pages\/4194#wpcf7-f4191-o1\">\n<fieldset class=\"hidden-fields-container\"><input type=\"hidden\" name=\"_wpcf7\" value=\"4191\" \/><input type=\"hidden\" name=\"_wpcf7_version\" value=\"6.1.5\" \/><input type=\"hidden\" name=\"_wpcf7_locale\" value=\"fr_FR\" \/><input type=\"hidden\" name=\"_wpcf7_unit_tag\" value=\"wpcf7-f4191-o1\" \/><input type=\"hidden\" name=\"_wpcf7_container_post\" value=\"0\" \/><input type=\"hidden\" name=\"_wpcf7_posted_data_hash\" value=\"\" \/><input type=\"hidden\" name=\"_wpcf7_recaptcha_response\" value=\"\" \/>\n<\/fieldset>\n<p><label> Votre question *<br \/>\n<span class=\"wpcf7-form-control-wrap\" data-name=\"bdc-question\"><input size=\"40\" maxlength=\"400\" class=\"wpcf7-form-control wpcf7-text wpcf7-validates-as-required\" aria-required=\"true\" aria-invalid=\"false\" placeholder=\"D\u00e9crivez votre question (m\u00e9canismes, contraintes, exp\u00e9rience en position assise)\" value=\"\" type=\"text\" name=\"bdc-question\" \/><\/span><br \/>\n<\/label>\n<\/p>\n<p><label> Contexte (facultatif)<br \/>\n<span class=\"wpcf7-form-control-wrap\" data-name=\"bdc-contexte\"><textarea cols=\"40\" rows=\"10\" maxlength=\"2000\" class=\"wpcf7-form-control wpcf7-textarea\" aria-invalid=\"false\" placeholder=\"Contexte utile : position assise, dur\u00e9e, situations aggravantes, sans diagnostic m\u00e9dical\" name=\"bdc-contexte\"><\/textarea><\/span><br \/>\n<\/label>\n<\/p>\n<p><label> Page ou dossier concern\u00e9<br \/>\n<span class=\"wpcf7-form-control-wrap\" data-name=\"bdc-page\"><input size=\"40\" maxlength=\"400\" class=\"wpcf7-form-control wpcf7-text\" aria-invalid=\"false\" placeholder=\"Ex. FAQ n\u00e9vralgie pudendale, coccygodynie, fascias\u2026\" value=\"\" type=\"text\" name=\"bdc-page\" \/><\/span><br \/>\n<\/label>\n<\/p>\n<p><label> Votre email *<br \/>\n<span class=\"wpcf7-form-control-wrap\" data-name=\"bdc-email\"><input size=\"40\" maxlength=\"400\" class=\"wpcf7-form-control wpcf7-email wpcf7-validates-as-required wpcf7-text wpcf7-validates-as-email\" aria-required=\"true\" aria-invalid=\"false\" placeholder=\"email@exemple.com\" value=\"\" type=\"email\" name=\"bdc-email\" \/><\/span><br \/>\n<\/label>\n<\/p>\n<p><span class=\"wpcf7-form-control-wrap\" data-name=\"bdc-acceptance\"><span class=\"wpcf7-form-control wpcf7-acceptance\"><span class=\"wpcf7-list-item\"><label><input type=\"checkbox\" name=\"bdc-acceptance\" value=\"1\" aria-invalid=\"false\" \/><span class=\"wpcf7-list-item-label\">J\u2019ai compris que la Base de connaissances fournit un contenu \u00e9ducatif et non m\u00e9dical.<\/span><\/label><\/span><\/span><\/span>\n<\/p>\n<p><input class=\"wpcf7-form-control wpcf7-submit has-spinner\" type=\"submit\" value=\"Envoyer la question\" \/>\n<\/p><div class=\"wpcf7-response-output\" aria-hidden=\"true\"><\/div>\n<input type=\"hidden\" name=\"trp-form-language\" value=\"en\"\/><\/form>\n<\/div>\n\n\n  <a class=\"bp-faq-ask-btn\" href=\"\/en\/base-de-connaissances\/faq\/suggestion-question\/\">\n    Ajouter une question \u2192\n  <\/a>\n<\/section>\n\n<style>\n\/* FAQ \u2014 Add-a-question footer block *\/\n.bp-faq-ask{\n  margin-top: 18px;\n  border: 1px solid rgba(0,0,0,.08);\n  border-radius: 14px;\n  padding: 18px;\n  background: rgba(0,0,0,.02);\n}\n.bp-faq-ask h2{\n  margin: 0 0 10px;\n  font-size: 18px;\n}\n.bp-faq-ask p{\n  margin: 0 0 10px;\n  opacity: .95;\n}\n.bp-faq-ask-safe{\n  padding: 12px 14px;\n  border-left: 4px solid rgba(0,0,0,.25);\n  background: rgba(0,0,0,.03);\n  border-radius: 10px;\n}\n.bp-faq-ask-btn{\n  display: inline-block;\n  margin-top: 6px;\n  padding: 10px 14px;\n  border-radius: 999px;\n  border: 1px solid rgba(0,0,0,.12);\n  text-decoration: none;\n  font-weight: 700;\n}\n<\/style>\n\n\n\n\n<p><\/p>","protected":false},"excerpt":{"rendered":"<p>Vous ne trouvez pas votre question&nbsp;? Certaines situations ne se r\u00e9sument pas \u00e0 une question standardis\u00e9e. Si votre interrogation n\u2019appara\u00eet pas encore dans cette FAQ, vous pouvez nous la soumettre. Les questions pertinentes pourront \u00eatre int\u00e9gr\u00e9es progressivement afin de pr\u00e9server la coh\u00e9rence scientifique et p\u00e9dagogique de la Base de connaissances. Votre question peut \u00eatre formul\u00e9e [&#8230;]\n","protected":false},"author":6,"featured_media":0,"parent":4177,"menu_order":0,"comment_status":"closed","ping_status":"closed","template":"","meta":{"_acf_changed":false,"footnotes":""},"pathologie_secondaire":[],"effet_positif":[],"class_list":["post-4194","page","type-page","status-publish","hentry"],"acf":[],"yoast_head":"<!-- This site is optimized with the Yoast SEO Premium plugin v27.4 (Yoast SEO v27.5) - https:\/\/yoast.com\/product\/yoast-seo-premium-wordpress\/ -->\n<title>FAF | Suggestion de question<\/title>\n<meta name=\"description\" content=\"Proposer une question \u00e0 la Base de connaissances. Les questions sont analys\u00e9es avant int\u00e9gration afin de pr\u00e9server la coh\u00e9rence p\u00e9dagogique.\" \/>\n<meta name=\"robots\" content=\"index, follow, max-snippet:-1, max-image-preview:large, max-video-preview:-1\" \/>\n<link rel=\"canonical\" href=\"http:\/\/blueportance.com\/en\/base-de-connaissances\/faq\/suggestion-question\/\" \/>\n<meta property=\"og:locale\" content=\"en_GB\" \/>\n<meta property=\"og:type\" content=\"article\" \/>\n<meta property=\"og:title\" content=\"FAQ_00 : Suggestion de question\" \/>\n<meta property=\"og:description\" content=\"Proposer une question \u00e0 la Base de connaissances. Les questions sont analys\u00e9es avant int\u00e9gration afin de pr\u00e9server la coh\u00e9rence p\u00e9dagogique.\" \/>\n<meta property=\"og:url\" content=\"http:\/\/blueportance.com\/en\/base-de-connaissances\/faq\/suggestion-question\/\" \/>\n<meta property=\"og:site_name\" content=\"Blue Portance\" \/>\n<meta property=\"article:publisher\" content=\"https:\/\/www.facebook.com\/people\/Blue-Portance\/100095243965964\/\" \/>\n<meta property=\"article:modified_time\" content=\"2026-02-09T11:31:09+00:00\" \/>\n<meta property=\"og:image\" content=\"https:\/\/blueportance.com\/wp-content\/uploads\/Logo-Blue-Portance.webp\" \/>\n\t<meta property=\"og:image:width\" content=\"246\" \/>\n\t<meta property=\"og:image:height\" content=\"50\" \/>\n\t<meta property=\"og:image:type\" content=\"image\/webp\" \/>\n<meta name=\"twitter:card\" content=\"summary_large_image\" \/>\n<meta name=\"twitter:label1\" content=\"Estimated reading time\" \/>\n\t<meta name=\"twitter:data1\" content=\"1 minute\" \/>\n<!-- \/ Yoast SEO Premium plugin. -->","yoast_head_json":{"title":"FAF | Suggestion de question","description":"Proposer une question \u00e0 la Base de connaissances. Les questions sont analys\u00e9es avant int\u00e9gration afin de pr\u00e9server la coh\u00e9rence p\u00e9dagogique.","robots":{"index":"index","follow":"follow","max-snippet":"max-snippet:-1","max-image-preview":"max-image-preview:large","max-video-preview":"max-video-preview:-1"},"canonical":"http:\/\/blueportance.com\/en\/base-de-connaissances\/faq\/suggestion-question\/","og_locale":"en_GB","og_type":"article","og_title":"FAQ_00 : Suggestion de question","og_description":"Proposer une question \u00e0 la Base de connaissances. Les questions sont analys\u00e9es avant int\u00e9gration afin de pr\u00e9server la coh\u00e9rence p\u00e9dagogique.","og_url":"http:\/\/blueportance.com\/en\/base-de-connaissances\/faq\/suggestion-question\/","og_site_name":"Blue Portance","article_publisher":"https:\/\/www.facebook.com\/people\/Blue-Portance\/100095243965964\/","article_modified_time":"2026-02-09T11:31:09+00:00","og_image":[{"width":246,"height":50,"url":"https:\/\/blueportance.com\/wp-content\/uploads\/Logo-Blue-Portance.webp","type":"image\/webp"}],"twitter_card":"summary_large_image","twitter_misc":{"Estimated reading time":"1 minute"},"schema":{"@context":"https:\/\/schema.org","@graph":[{"@type":"WebPage","@id":"http:\/\/blueportance.com\/base-de-connaissances\/faq\/suggestion-question\/","url":"http:\/\/blueportance.com\/base-de-connaissances\/faq\/suggestion-question\/","name":"FAF | Suggestion de question","isPartOf":{"@id":"https:\/\/blueportance.com\/#website"},"datePublished":"2026-02-09T11:21:02+00:00","dateModified":"2026-02-09T11:31:09+00:00","description":"Proposer une question \u00e0 la Base de connaissances. Les questions sont analys\u00e9es avant int\u00e9gration afin de pr\u00e9server la coh\u00e9rence p\u00e9dagogique.","breadcrumb":{"@id":"http:\/\/blueportance.com\/base-de-connaissances\/faq\/suggestion-question\/#breadcrumb"},"inLanguage":"en-GB","potentialAction":[{"@type":"ReadAction","target":["http:\/\/blueportance.com\/base-de-connaissances\/faq\/suggestion-question\/"]}]},{"@type":"BreadcrumbList","@id":"http:\/\/blueportance.com\/base-de-connaissances\/faq\/suggestion-question\/#breadcrumb","itemListElement":[{"@type":"ListItem","position":1,"name":"Accueil","item":"https:\/\/blueportance.com\/"},{"@type":"ListItem","position":2,"name":"Base de connaissances &#8211; le HUB","item":"https:\/\/blueportance.com\/base-de-connaissances\/"},{"@type":"ListItem","position":3,"name":"FAQ_00 : Hub des FAQs","item":"https:\/\/blueportance.com\/en\/base-de-connaissances\/faq\/"},{"@type":"ListItem","position":4,"name":"FAQ_00 : Suggestion de question"}]},{"@type":"WebSite","@id":"https:\/\/blueportance.com\/#website","url":"https:\/\/blueportance.com\/","name":"Blue Portance","description":"Assises ergonomiques pour une posture saine et dynamique","publisher":{"@id":"https:\/\/blueportance.com\/#organization"},"potentialAction":[{"@type":"SearchAction","target":{"@type":"EntryPoint","urlTemplate":"https:\/\/blueportance.com\/?s={search_term_string}"},"query-input":{"@type":"PropertyValueSpecification","valueRequired":true,"valueName":"search_term_string"}}],"inLanguage":"en-GB"},{"@type":"Organization","@id":"https:\/\/blueportance.com\/#organization","name":"Blue Portance","url":"https:\/\/blueportance.com\/","logo":{"@type":"ImageObject","inLanguage":"en-GB","@id":"https:\/\/blueportance.com\/#\/schema\/logo\/image\/","url":"https:\/\/blueportance.com\/wp-content\/uploads\/Logo-Blue-Portance.webp","contentUrl":"https:\/\/blueportance.com\/wp-content\/uploads\/Logo-Blue-Portance.webp","width":246,"height":50,"caption":"Blue Portance"},"image":{"@id":"https:\/\/blueportance.com\/#\/schema\/logo\/image\/"},"sameAs":["https:\/\/www.facebook.com\/people\/Blue-Portance\/100095243965964\/"]}]}},"_links":{"self":[{"href":"https:\/\/blueportance.com\/en\/wp-json\/wp\/v2\/pages\/4194","targetHints":{"allow":["GET"]}}],"collection":[{"href":"https:\/\/blueportance.com\/en\/wp-json\/wp\/v2\/pages"}],"about":[{"href":"https:\/\/blueportance.com\/en\/wp-json\/wp\/v2\/types\/page"}],"author":[{"embeddable":true,"href":"https:\/\/blueportance.com\/en\/wp-json\/wp\/v2\/users\/6"}],"replies":[{"embeddable":true,"href":"https:\/\/blueportance.com\/en\/wp-json\/wp\/v2\/comments?post=4194"}],"version-history":[{"count":2,"href":"https:\/\/blueportance.com\/en\/wp-json\/wp\/v2\/pages\/4194\/revisions"}],"predecessor-version":[{"id":4197,"href":"https:\/\/blueportance.com\/en\/wp-json\/wp\/v2\/pages\/4194\/revisions\/4197"}],"up":[{"embeddable":true,"href":"https:\/\/blueportance.com\/en\/wp-json\/wp\/v2\/pages\/4177"}],"wp:attachment":[{"href":"https:\/\/blueportance.com\/en\/wp-json\/wp\/v2\/media?parent=4194"}],"wp:term":[{"taxonomy":"pathologie_secondaire","embeddable":true,"href":"https:\/\/blueportance.com\/en\/wp-json\/wp\/v2\/pathologie_secondaire?post=4194"},{"taxonomy":"effet_positif","embeddable":true,"href":"https:\/\/blueportance.com\/en\/wp-json\/wp\/v2\/effet_positif?post=4194"}],"curies":[{"name":"wp","href":"https:\/\/api.w.org\/{rel}","templated":true}]}}