{"id":4082,"date":"2026-02-06T10:54:05","date_gmt":"2026-02-06T09:54:05","guid":{"rendered":"https:\/\/blueportance.com\/?page_id=4082"},"modified":"2026-03-17T13:55:21","modified_gmt":"2026-03-17T12:55:21","slug":"reliance","status":"publish","type":"page","link":"https:\/\/blueportance.com\/en\/reliance\/","title":{"rendered":"Reliance &#8211; Espace de partage d&rsquo;experiences de soins"},"content":{"rendered":"<section class=\"bp-private-gate\">\n\n<header class=\"bp-reliance-hero\">\n  <div class=\"bp-reliance-content\">\n    <div class=\"bp-reliance-text\">\n      <h1>Reliance<\/h1>\n      <h2 class=\"bp-reliance-subtitle\">\n        Cr\u00e9er du lien entre les membres<br>\n        de la communaut\u00e9 Blue Portance\n      <\/h2>\n    <\/div>\n    <div class=\"bp-reliance-image\">\n      <img decoding=\"async\" src=\"http:\/\/blueportance.com\/wp-content\/uploads\/reliance-connexion-entre-personnes.png\" alt=\"Reliance \u2013 Connexion et partage entre personnes\">\n    <\/div>\n  <\/div>\n<\/header>\n\n  <div class=\"bp-box bp-box--warning\">\n    <p><strong>Pourquoi un espace priv\u00e9 ?<\/strong><\/p>\n\n    <p>\n      Cet espace est n\u00e9 d\u2019une demande r\u00e9currente de personnes confront\u00e9es\n      \u00e0 des parcours de soin parfois longs et marqu\u00e9s par l\u2019errance m\u00e9dicale.\n    <\/p>\n\n    <p>\n      Un espace priv\u00e9 pour garantir la confidentialit\u00e9, l\u2019acc\u00e8s \u00e0 des informations mieux encadr\u00e9es,\n      dans le respect du cadre l\u00e9gal, ainsi que la protection contre les intrusions malveillantes.\n    <\/p>\n\n    <p>\n      Il permet de partager et consulter des <strong>exp\u00e9riences v\u00e9cues positives<\/strong> :\n      une rencontre, une posture d\u2019\u00e9coute, une approche ou une d\u00e9marche\n      ayant permis de mieux comprendre, mieux s\u2019orienter ou mieux vivre l\u2019assise.\n    <\/p>\n\n    <p style=\"margin-bottom:0;\">\n      Les contenus sont structur\u00e9s, relus et valid\u00e9s.\n      Cet espace ne constitue ni un annuaire public, ni une recommandation m\u00e9dicale.\n    <\/p>\n  <\/div>\n\n  <div class=\"bp-box bp-box--warning bp-private-gate-intro\">\n    <p style=\"margin-bottom:0;\">\n     <h3>\n  Partager et consulter des retours d\u2019exp\u00e9rience\n<\/h3>\n    <\/p>\n  <\/div>\n\n  <div class=\"bp-private-gate__actions\">\n   <a class=\"bp-btn-primary\" href=\"\/en\/reliance\/adhesion\/\">\n  Pas encore membre ? Adh\u00e9rer \u00e0 la charte\n<\/a>\n\n<a class=\"bp-btn-primary\" href=\"\/en\/reliance\/membres\/\">\n  D\u00e9j\u00e0 membre ? Acc\u00e9der \u00e0 l\u2019espace partag\u00e9\n<\/a>\n  <\/div>\n\n\n<\/section>\n\n<style>\n  .bp-private-gate {\n    max-width: 1100px;\n    margin: 0 auto;\n  }\n\n  .bp-private-gate .bp-reliance-hero {\n    padding: 18px 16px;\n    border-radius: 14px;\n    background: #f3f7fb;\n    border-left: 6px solid #2c5b8f;\n    border-top: 1px solid #f3f7fb;\n    border-right: 1px solid #f3f7fb;\n    border-bottom: 1px solid #f3f7fb;\n    margin-bottom: 18px;\n    box-sizing: border-box;\n    width: 100%;\n  }\n\n  .bp-private-gate .bp-reliance-content {\n    display: flex;\n    align-items: center;\n    gap: 20px;\n    width: 100%;\n    box-sizing: border-box;\n  }\n\n  .bp-private-gate .bp-reliance-text {\n    flex: 1 1 auto;\n    text-align: left;\n    min-width: 0;\n  }\n\n  .bp-private-gate .bp-reliance-text h1 {\n    margin: 0 0 8px;\n    font-size: 28px;\n    line-height: 1.15;\n    color: #0e2a47;\n  }\n\n  .bp-private-gate .bp-reliance-subtitle {\n    margin: 0;\n    font-size: 18px;\n    font-weight: 500;\n    line-height: 1.35;\n    color: #1e2f3f;\n  }\n\n  .bp-private-gate .bp-reliance-image {\n    flex: 0 0 auto;\n    align-self: center;\n  }\n\n  .bp-private-gate .bp-reliance-image img {\n    display: block;\n    max-width: 100%;\n    height: auto;\n    max-height: 150px;\n    border-radius: 8px;\n    box-shadow: 0 2px 8px rgba(0,0,0,0.10);\n  }\n\n  .bp-private-gate .bp-private-gate-intro {\n    margin-top: 18px;\n  }\n\n  .bp-private-gate .bp-private-gate__actions {\n    margin-top: 22px;\n    text-align: center;\n  }\n\n  .bp-private-gate .bp-btn-primary {\n    display: inline-block;\n    margin: 10px 8px;\n    padding: 12px 24px;\n    background: #0e2a47;\n    color: #ffffff !important;\n    text-decoration: none;\n    font-weight: 600;\n    border-radius: 8px;\n    transition: all .25s ease;\n  }\n\n  .bp-private-gate .bp-btn-primary:hover {\n    background: #2c5b8f;\n    color: #ffffff !important;\n  }\n\n  .bp-private-gate .bp-private-gate__links {\n    text-align: center;\n    margin-top: 18px;\n  }\n\n  @media (max-width: 768px) {\n    .bp-private-gate .bp-reliance-content {\n      flex-direction: column;\n      align-items: flex-start;\n    }\n\n    .bp-private-gate .bp-reliance-image {\n      width: 100%;\n      text-align: center;\n    }\n\n    .bp-private-gate .bp-btn-primary {\n      display: block;\n      margin: 12px auto;\n      max-width: 280px;\n      text-align: center;\n    }\n  }\n<\/style>","protected":false},"excerpt":{"rendered":"<p>Reliance Cr\u00e9er du lien entre les membres de la communaut\u00e9 Blue Portance Pourquoi un espace priv\u00e9 ? Cet espace est n\u00e9 d\u2019une demande r\u00e9currente de personnes confront\u00e9es \u00e0 des parcours de soin parfois longs et marqu\u00e9s par l\u2019errance m\u00e9dicale. Un espace priv\u00e9 pour garantir la confidentialit\u00e9, l\u2019acc\u00e8s \u00e0 des informations mieux encadr\u00e9es, dans le respect [&#8230;]\n","protected":false},"author":6,"featured_media":0,"parent":0,"menu_order":0,"comment_status":"closed","ping_status":"closed","template":"","meta":{"_acf_changed":false,"footnotes":""},"pathologie_secondaire":[],"effet_positif":[],"class_list":["post-4082","page","type-page","status-publish","hentry"],"acf":[],"yoast_head":"<!-- This site is optimized with the Yoast SEO Premium plugin v26.9 (Yoast SEO v27.3) - https:\/\/yoast.com\/product\/yoast-seo-premium-wordpress\/ -->\n<title>Partage d\u2019exp\u00e9riences de soins et de pratiques aidantes<\/title>\n<meta name=\"description\" content=\"Espace priv\u00e9 de partage d\u2019exp\u00e9riences de soins et de pratiques aidantes, r\u00e9serv\u00e9 aux membres confront\u00e9s \u00e0 des parcours de soins complexes.\" \/>\n<meta name=\"robots\" content=\"index, follow, max-snippet:-1, max-image-preview:large, max-video-preview:-1\" \/>\n<link rel=\"canonical\" href=\"https:\/\/blueportance.com\/en\/reliance\/\" \/>\n<meta property=\"og:locale\" content=\"en_GB\" \/>\n<meta property=\"og:type\" content=\"article\" \/>\n<meta property=\"og:title\" content=\"Reliance - Espace de partage d&#039;experiences de soins\" \/>\n<meta property=\"og:description\" content=\"Espace priv\u00e9 de partage d\u2019exp\u00e9riences de soins et de pratiques aidantes, r\u00e9serv\u00e9 aux membres confront\u00e9s \u00e0 des parcours de soins complexes.\" \/>\n<meta property=\"og:url\" content=\"https:\/\/blueportance.com\/en\/reliance\/\" \/>\n<meta property=\"og:site_name\" content=\"Blue Portance\" \/>\n<meta property=\"article:publisher\" content=\"https:\/\/www.facebook.com\/people\/Blue-Portance\/100095243965964\/\" \/>\n<meta property=\"article:modified_time\" content=\"2026-03-17T12:55:21+00:00\" \/>\n<meta property=\"og:image\" content=\"http:\/\/blueportance.com\/wp-content\/uploads\/reliance-connexion-entre-personnes.png\" \/>\n<meta name=\"twitter:card\" content=\"summary_large_image\" \/>\n<meta name=\"twitter:label1\" content=\"Estimated reading time\" \/>\n\t<meta name=\"twitter:data1\" content=\"1 minute\" \/>\n<!-- \/ Yoast SEO Premium plugin. -->","yoast_head_json":{"title":"Partage d\u2019exp\u00e9riences de soins et de pratiques aidantes","description":"Espace priv\u00e9 de partage d\u2019exp\u00e9riences de soins et de pratiques aidantes, r\u00e9serv\u00e9 aux membres confront\u00e9s \u00e0 des parcours de soins complexes.","robots":{"index":"index","follow":"follow","max-snippet":"max-snippet:-1","max-image-preview":"max-image-preview:large","max-video-preview":"max-video-preview:-1"},"canonical":"https:\/\/blueportance.com\/en\/reliance\/","og_locale":"en_GB","og_type":"article","og_title":"Reliance - Espace de partage d'experiences de soins","og_description":"Espace priv\u00e9 de partage d\u2019exp\u00e9riences de soins et de pratiques aidantes, r\u00e9serv\u00e9 aux membres confront\u00e9s \u00e0 des parcours de soins complexes.","og_url":"https:\/\/blueportance.com\/en\/reliance\/","og_site_name":"Blue Portance","article_publisher":"https:\/\/www.facebook.com\/people\/Blue-Portance\/100095243965964\/","article_modified_time":"2026-03-17T12:55:21+00:00","og_image":[{"url":"http:\/\/blueportance.com\/wp-content\/uploads\/reliance-connexion-entre-personnes.png","type":"","width":"","height":""}],"twitter_card":"summary_large_image","twitter_misc":{"Estimated reading time":"1 minute"},"schema":{"@context":"https:\/\/schema.org","@graph":[{"@type":"WebPage","@id":"https:\/\/blueportance.com\/reliance\/","url":"https:\/\/blueportance.com\/reliance\/","name":"Partage d\u2019exp\u00e9riences de soins et de pratiques aidantes","isPartOf":{"@id":"https:\/\/blueportance.com\/#website"},"primaryImageOfPage":{"@id":"https:\/\/blueportance.com\/reliance\/#primaryimage"},"image":{"@id":"https:\/\/blueportance.com\/reliance\/#primaryimage"},"thumbnailUrl":"http:\/\/blueportance.com\/wp-content\/uploads\/reliance-connexion-entre-personnes.png","datePublished":"2026-02-06T09:54:05+00:00","dateModified":"2026-03-17T12:55:21+00:00","description":"Espace priv\u00e9 de partage d\u2019exp\u00e9riences de soins et de pratiques aidantes, r\u00e9serv\u00e9 aux membres confront\u00e9s \u00e0 des parcours de soins complexes.","breadcrumb":{"@id":"https:\/\/blueportance.com\/reliance\/#breadcrumb"},"inLanguage":"en-GB","potentialAction":[{"@type":"ReadAction","target":["https:\/\/blueportance.com\/reliance\/"]}]},{"@type":"ImageObject","inLanguage":"en-GB","@id":"https:\/\/blueportance.com\/reliance\/#primaryimage","url":"http:\/\/blueportance.com\/wp-content\/uploads\/reliance-connexion-entre-personnes.png","contentUrl":"http:\/\/blueportance.com\/wp-content\/uploads\/reliance-connexion-entre-personnes.png"},{"@type":"BreadcrumbList","@id":"https:\/\/blueportance.com\/reliance\/#breadcrumb","itemListElement":[{"@type":"ListItem","position":1,"name":"Accueil","item":"https:\/\/blueportance.com\/"},{"@type":"ListItem","position":2,"name":"Reliance &#8211; Espace de partage d&#8217;experiences de soins"}]},{"@type":"WebSite","@id":"https:\/\/blueportance.com\/#website","url":"https:\/\/blueportance.com\/","name":"Blue Portance","description":"Assises ergonomiques pour une posture saine et dynamique","publisher":{"@id":"https:\/\/blueportance.com\/#organization"},"potentialAction":[{"@type":"SearchAction","target":{"@type":"EntryPoint","urlTemplate":"https:\/\/blueportance.com\/?s={search_term_string}"},"query-input":{"@type":"PropertyValueSpecification","valueRequired":true,"valueName":"search_term_string"}}],"inLanguage":"en-GB"},{"@type":"Organization","@id":"https:\/\/blueportance.com\/#organization","name":"Blue Portance","url":"https:\/\/blueportance.com\/","logo":{"@type":"ImageObject","inLanguage":"en-GB","@id":"https:\/\/blueportance.com\/#\/schema\/logo\/image\/","url":"https:\/\/blueportance.com\/wp-content\/uploads\/Logo-Blue-Portance.webp","contentUrl":"https:\/\/blueportance.com\/wp-content\/uploads\/Logo-Blue-Portance.webp","width":246,"height":50,"caption":"Blue Portance"},"image":{"@id":"https:\/\/blueportance.com\/#\/schema\/logo\/image\/"},"sameAs":["https:\/\/www.facebook.com\/people\/Blue-Portance\/100095243965964\/"]}]}},"_links":{"self":[{"href":"https:\/\/blueportance.com\/en\/wp-json\/wp\/v2\/pages\/4082","targetHints":{"allow":["GET"]}}],"collection":[{"href":"https:\/\/blueportance.com\/en\/wp-json\/wp\/v2\/pages"}],"about":[{"href":"https:\/\/blueportance.com\/en\/wp-json\/wp\/v2\/types\/page"}],"author":[{"embeddable":true,"href":"https:\/\/blueportance.com\/en\/wp-json\/wp\/v2\/users\/6"}],"replies":[{"embeddable":true,"href":"https:\/\/blueportance.com\/en\/wp-json\/wp\/v2\/comments?post=4082"}],"version-history":[{"count":38,"href":"https:\/\/blueportance.com\/en\/wp-json\/wp\/v2\/pages\/4082\/revisions"}],"predecessor-version":[{"id":4822,"href":"https:\/\/blueportance.com\/en\/wp-json\/wp\/v2\/pages\/4082\/revisions\/4822"}],"wp:attachment":[{"href":"https:\/\/blueportance.com\/en\/wp-json\/wp\/v2\/media?parent=4082"}],"wp:term":[{"taxonomy":"pathologie_secondaire","embeddable":true,"href":"https:\/\/blueportance.com\/en\/wp-json\/wp\/v2\/pathologie_secondaire?post=4082"},{"taxonomy":"effet_positif","embeddable":true,"href":"https:\/\/blueportance.com\/en\/wp-json\/wp\/v2\/effet_positif?post=4082"}],"curies":[{"name":"wp","href":"https:\/\/api.w.org\/{rel}","templated":true}]}}