{"id":3808,"date":"2026-02-01T11:31:52","date_gmt":"2026-02-01T10:31:52","guid":{"rendered":"https:\/\/blueportance.com\/?page_id=3808"},"modified":"2026-02-01T14:14:53","modified_gmt":"2026-02-01T13:14:53","slug":"guide-express-usages","status":"publish","type":"page","link":"https:\/\/blueportance.com\/en\/guide-express-usages\/","title":{"rendered":"MON GUIDE EXPRESS POUR CHOISIR MON ASSISE PARFAITE (Validation des usages)"},"content":{"rendered":"<style>\n    \/* VOTRE STYLE INITIAL INTEGRAL *\/\n    .guide-express {\n        max-width: 900px;\n        margin: auto;\n        padding: 1.5rem;\n        font-family: 'Helvetica Neue', sans-serif;\n        line-height: 1.6;\n        color: #333;\n    }\n\n    h1, h2, h3, h4 { color: #003366; }\n    .guide-step { margin-top: 30px; }\n    .version-row { display: flex; flex-direction: column; margin-bottom: 30px; }\n    .version-col { padding: 15px; display: flex; flex-direction: column; background-color: #ffffff; border-radius: 12px; box-shadow: 0 4px 10px rgba(0,0,0,0.05); margin-bottom: 10px; }\n    .left-col { background-color: #f0f8ff; flex: 0.75; }\n    .right-col { background-color: #f8f8f8; flex: 0.25; overflow-y: auto; position: relative; }\n    .version-col img { max-width: 100%; height: auto; margin: 0 auto; }\n\n    .choose-btn {\n        background-color: #003366;\n        color: white;\n        border: none;\n        padding: 8px 12px;\n        text-align: center;\n        text-decoration: none;\n        display: flex;\n        justify-content: center;\n        align-items: center;\n        font-size: 12px;\n        margin: 10px 0;\n        cursor: pointer;\n        width: 100%;\n        text-transform: none;\n        border-radius: 30px;\n        transition: transform 0.3s, background-color 0.3s;\n        height: 40px;\n        white-space: nowrap;\n        box-sizing: border-box;\n    }\n\n    .choose-btn:hover { transform: scale(1.05); }\n    .choose-btn.selected { background-color: #4CAF50; }\n    \n    .contact-section { text-align: center; margin: 20px 0; }\n\n    .contact-btn {\n        background-color: white;\n        color: #003366;\n        border: 2px solid #003366;\n        padding: 10px 20px;\n        text-align: center;\n        text-decoration: none;\n        font-size: 16px;\n        margin: 10px 0;\n        cursor: pointer;\n        border-radius: 30px;\n        display: inline-flex;\n        align-items: center;\n    }\n\n    \/* CORRECTION UNIQUE : AJOUT DU !IMPORTANT POUR WP *\/\n    .contact-btn img {\n        margin-left: 10px;\n        width: 20px !important;\n        height: 20px !important;\n    }\n\n    .image-row { display: flex; flex-direction: column; margin-bottom: 20px; }\n    .image-col { margin: 0 0 10px 0; position: relative; }\n    .image-col img { width: 100%; height: 200px; object-fit: cover; border-radius: 12px; }\n    .overlay-text { position: absolute; bottom: 10px; left: 0; right: 0; background-color: rgba(255, 255, 255, 0.8); padding: 10px; text-align: center; font-weight: bold; }\n    .button-link { display: inline-block; padding: 8px 12px; background-color: #003366; color: white; text-decoration: none; border-radius: 30px; transition: transform 0.3s; }\n    .button-link:hover { transform: scale(1.05); }\n\n    .essentia-bg { background-color: #f5f5f5; }\n    .chrysalis-bg { background-color: #f0f0f0; }\n    .evolia-bg { background-color: #e9e9e9; }\n    .imago-bg { background-color: #e0e0e0; }\n\n    .version-title {\n        font-size: 1.5rem;\n        color: #003366;\n        font-weight: bold;\n        margin-bottom: 10px;\n        background-color: #d9e8f5;\n        padding: 10px;\n        border-radius: 5px;\n    }\n\n    @media (min-width: 768px) {\n        .version-row { flex-direction: row; }\n        .version-col { flex: 1; height: 400px; }\n        .left-col { flex: 0.75; }\n        .right-col { flex: 0.25; }\n        .image-row { flex-direction: row; }\n        .image-col { flex: 1; margin: 0 10px; }\n    }\n\n    ul { list-style-type: disc; padding-left: 20px; font-size: 14px; }\n    li { padding: 8px 0; transition: transform 0.3s; }\n    li:hover { transform: scale(1.05); }\n<\/style>\n\n<div class=\"guide-express\">\n    <h1><strong>MON GUIDE EXPRESS POUR CHOISIR MON ASSISE ID\u00c9ALE<\/strong> (Validation de l\u2019usage)<\/h1>\n\n    <section id=\"guide-express-usages\" class=\"guide-step\">\n        <h2><strong>2. Maintenant que j\u2019ai choisi la bonne version, je peux s\u00e9lectionner le produit qui correspond le mieux \u00e0 mon usage<\/strong><\/h2>\n        <p><em>Pas d\u2019inqui\u00e9tude : si vous n\u2019avez pas encore choisi la bonne version, chaque page produit vous permettra de confirmer votre choix entre les versions Aporia\u00ae.<\/em><\/p>\n\n        <div class=\"guide-products\">\n            <h3><strong>USAGE NOMADE<\/strong><\/h3>\n            <ul>\n                <li>\n                    <h4>\n                        <strong>Coussin Aporia\u00ae :<\/strong> le coussin vous accompagne partout pour offrir le confort incomparable attendu dans toutes les situations du quotidien\n                        (maison, travail, d\u00e9placements (voiture, train, avion), restaurant, cin\u00e9ma, m\u00e9ditation, etc.)\n                        <a class=\"button-link\" href=\"https:\/\/blueportance.us\/product-category\/cushions\/\" onclick=\"selectProduct('coussin')\">Je choisis \u2794<\/a>\n                    <\/h4>\n                <\/li>\n            <\/ul>\n\n            <div class=\"image-row\">\n                <div class=\"image-col\">\n                    <img decoding=\"async\" src=\"https:\/\/blueportance.us\/wp-content\/uploads\/IMG-20241218-WA0026.jpg\" alt=\"\u00c0 la maison\">\n                    <div class=\"overlay-text\">\u00c0 la maison<\/div>\n                <\/div>\n                <div class=\"image-col\">\n                    <img decoding=\"async\" src=\"https:\/\/blueportance.us\/wp-content\/uploads\/630c2987648ad528186d161f776fad6b9ae12e1b.jpg\" alt=\"Au bureau\">\n                    <div class=\"overlay-text\">Au bureau<\/div>\n                <\/div>\n                <div class=\"image-col\">\n                    <img decoding=\"async\" src=\"https:\/\/blueportance.us\/wp-content\/uploads\/Coussin-pour-mal-de-dos-voiture.jpg\" alt=\"En voiture\">\n                    <div class=\"overlay-text\">En voiture<\/div>\n                <\/div>\n            <\/div>\n        <\/div>\n    <\/section>\n\n    <section class=\"guide-step\">\n        <h2><strong>Usage stationnaire<\/strong><\/h2>\n        <p>Pour les situations o\u00f9 vous \u00eates assis(e) \u00e0 un poste fixe (bureau, ligne de production, caisse, atelier, loisirs, etc.),\n        choisissez l\u2019assise qui vous convient le mieux pour un confort optimal et une posture naturellement \u00e9quilibr\u00e9e.<\/p>\n    <\/section>\n\n    <div class=\"version-row\">\n        <section class=\"version-col left-col essentia-bg\">\n            <h4 class=\"version-title\">Tabouret Essentia<\/h4>\n            <h5><em>Le confort dynamique d\u2019Aporia\u00ae dans un format minimaliste pour les espaces et usages contraints<\/em><\/h5>\n            <div class=\"list-container\">\n                <ul>\n                    <li>Id\u00e9al pour les espaces restreints ou les postes mobiles (cabines, soins, consultations, accueil, etc.)<\/li>\n                    <li>Un r\u00e9glage de hauteur simple pour une mise en place rapide<\/li>\n                    <li>Dossier discret sans r\u00e9glage, laissant une libert\u00e9 de mouvement totale<\/li>\n                    <li>Assise Aporia\u00ae int\u00e9gr\u00e9e : soutien pelvien actif, m\u00eame sans r\u00e9glages m\u00e9caniques<\/li>\n                <\/ul>\n            <\/div>\n        <\/section>\n        <aside class=\"version-col right-col\">\n            <img decoding=\"async\" src=\"https:\/\/blueportance.us\/wp-content\/uploads\/Tabouret_Essentia_Mal_de_dos_Nevralgie_pudendale_Mal_coccyx_Fibromyalgie_Lombalgier.detoure.png\" alt=\"Tabouret Essentia\">\n            <button class=\"choose-btn\" onclick=\"selectVersion(this, 'essentia')\">Je choisis Essentia<\/button>\n        <\/aside>\n    <\/div>\n\n    <div class=\"version-row\">\n        <section class=\"version-col left-col chrysalis-bg\">\n            <h4 class=\"version-title\">Tabouret Chrysalis<\/h4>\n            <h5><em>Le tabouret ergonomique pour les postes assis-debout, avec r\u00e9glages pr\u00e9cis et confort dynamique<\/em><\/h5>\n            <div class=\"list-container\">\n                <ul>\n                    <li>Repose-pieds int\u00e9gr\u00e9 pour les positions hautes (comptoir, dessin, caisse, atelier\u2026)<\/li>\n                    <li>M\u00e9canisme asynchrone avec dossier inclinable et r\u00e9glable<\/li>\n                    <li>Libert\u00e9 posturale accrue pour alterner appui et mouvement<\/li>\n                    <li>Assise Aporia\u00ae int\u00e9gr\u00e9e : soutien pelvien actif et micro-mobilit\u00e9 permanente<\/li>\n                <\/ul>\n            <\/div>\n        <\/section>\n        <aside class=\"version-col right-col\">\n            <img decoding=\"async\" src=\"https:\/\/blueportance.us\/wp-content\/uploads\/Tabouret_Chrysalis_Mal_de_dos_Nevralgie_pudendale_Mal_coccyx_Fibromyalgie_Lombalgier.detoure.png\" alt=\"Tabouret Chrysalis\">\n            <button class=\"choose-btn\" onclick=\"selectVersion(this, 'chrysalis')\">Je choisis Chrysalis<\/button>\n        <\/aside>\n    <\/div>\n\n    <div class=\"version-row\">\n        <section class=\"version-col left-col evolia-bg\">\n            <h4 class=\"version-title\">Chaise Evolia<\/h4>\n            <h5><em>Pour un r\u00e9glage postural personnalis\u00e9 tout en conservant une mobilit\u00e9 pelvienne adaptative via Aporia\u00ae<\/em><\/h5>\n            <div class=\"list-container\">\n                <ul>\n                    <li>Possibilit\u00e9 de verrouiller ind\u00e9pendamment l\u2019assise ou le dossier<\/li>\n                    <li>Permet des postures asym\u00e9triques (dossier inclin\u00e9 mais bassin stable, ou l\u2019inverse)<\/li>\n                    <li>Id\u00e9al en cas de contraintes posturales (discopathie, douleurs chroniques)<\/li>\n                    <li>Parfait pour un usage prolong\u00e9 ou exigeant n\u00e9cessitant des r\u00e9glages fins<\/li>\n                <\/ul>\n            <\/div>\n        <\/section>\n        <aside class=\"version-col right-col\">\n            <img decoding=\"async\" src=\"https:\/\/blueportance.us\/wp-content\/uploads\/Chaise-Evolia__Mal-de-dos_Nevralgie-pudendale_Mal-coccyx_Fibromyalgie_Lombalgier.detoure.png\" alt=\"Chaise Evolia\">\n            <button class=\"choose-btn\" onclick=\"selectVersion(this, 'evolia')\">Je choisis Evolia<\/button>\n        <\/aside>\n    <\/div>\n\n    <div class=\"version-row\">\n        <section class=\"version-col left-col imago-bg\">\n            <h4 class=\"version-title\">Chaise Imago<\/h4>\n            <h5><em>Pour un usage fluide sans r\u00e9glages complexes, avec libert\u00e9 pelvienne dynamique int\u00e9gr\u00e9e<\/em><\/h5>\n            <div class=\"list-container\">\n                <ul>\n                    <li>Le m\u00e9canisme accompagne les mouvements du dos<\/li>\n                    <li>L\u2019assise Aporia\u00ae g\u00e8re la micro-mobilit\u00e9 du bassin<\/li>\n                    <li>Id\u00e9al pour bouger naturellement, sans y penser<\/li>\n                    <li>Excellente chaise polyvalente ou collaborative, avec confort imm\u00e9diat<\/li>\n                <\/ul>\n            <\/div>\n        <\/section>\n        <aside class=\"version-col right-col\">\n            <img decoding=\"async\" src=\"https:\/\/blueportance.us\/wp-content\/uploads\/Chaise-Imago__Mal-de-dos_Nevralgie-pudendale_Mal-coccyx_Fibromyalgie_Lombalgier.detoure.png\" alt=\"Chaise Imago\">\n            <button class=\"choose-btn\" onclick=\"selectVersion(this, 'imago')\">Je choisis Imago<\/button>\n        <\/aside>\n    <\/div>\n<\/div>\n\n<section class=\"contact-section\">\n    <h4><strong>Vous n&rsquo;\u00eates pas s\u00fbr de la version qui convient le mieux \u00e0 vos sp\u00e9cificit\u00e9s ? N&rsquo;h\u00e9sitez pas !<\/strong><\/h4>\n    <div style=\"display: flex; justify-content: center; gap: 15px; flex-wrap: wrap; margin-top: 15px;\">\n        \n        <a href=\"tel:+33615778136\" class=\"contact-btn\" name=\"contact-us\">\n            Contactez-nous\n            <img decoding=\"async\" src=\"https:\/\/blueportance.com\/wp-content\/uploads\/telephone-handle-silhouette.png\" alt=\"Phone Icon\">\n        <\/a>\n        \n        <a href=\"mailto:contact@blueportance.com\" class=\"contact-btn\" name=\"email-us\">\n            \u00c9crivez-nous\n            <svg width=\"20\" height=\"20\" viewbox=\"0 0 24 24\" fill=\"none\" stroke=\"currentColor\" stroke-width=\"2\" stroke-linecap=\"round\" stroke-linejoin=\"round\" style=\"margin-left: 10px;\">\n                <path d=\"M4 4h16c1.1 0 2 .9 2 2v12c0 1.1-.9 2-2 2H4c-1.1 0-2-.9-2-2V6c0-1.1.9-2 2-2z\"><\/path>\n                <polyline points=\"22,6 12,13 2,6\"><\/polyline>\n            <\/svg>\n        <\/a>\n        \n    <\/div>\n<\/section>\n\n<script>\n    function selectVersion(button, version) {\n        const buttons = document.querySelectorAll('.choose-btn');\n        buttons.forEach(button => { button.classList.remove('selected'); });\n        button.classList.add('selected');\n\n        localStorage.setItem('selectedVersion', version);\n\n        let url;\n        switch(version) {\n            case 'essentia': url = 'https:\/\/blueportance.us\/products\/essentia-stool\/'; break;\n            case 'chrysalis': url = 'https:\/\/blueportance.us\/products\/chrysalis-stool\/'; break;\n            case 'evolia': url = 'https:\/\/blueportance.us\/products\/evolia-chair\/'; break;\n            case 'imago': url = 'https:\/\/blueportance.us\/products\/imago-chair\/'; break;\n            default: url = '#';\n        }\n        window.location.href = url;\n    }\n\n    function selectProduct(product) {\n        localStorage.setItem('selectedProduct', product);\n    }\n<\/script>","protected":false},"excerpt":{"rendered":"<p>MON GUIDE EXPRESS POUR CHOISIR MON ASSISE ID\u00c9ALE (Validation de l\u2019usage) 2. Maintenant que j\u2019ai choisi la bonne version, je peux s\u00e9lectionner le produit qui correspond le mieux \u00e0 mon usage Pas d\u2019inqui\u00e9tude : si vous n\u2019avez pas encore choisi la bonne version, chaque page produit vous permettra de confirmer votre choix entre les versions [&#8230;]\n","protected":false},"author":6,"featured_media":0,"parent":0,"menu_order":0,"comment_status":"closed","ping_status":"closed","template":"","meta":{"_acf_changed":false,"footnotes":""},"pathologie_secondaire":[],"effet_positif":[],"class_list":["post-3808","page","type-page","status-publish","hentry"],"acf":[],"yoast_head":"<!-- This site is optimized with the Yoast SEO Premium plugin v26.9 (Yoast SEO v27.3) - https:\/\/yoast.com\/product\/yoast-seo-premium-wordpress\/ -->\n<title>Guide Express Aporia\u00ae : choisir l\u2019assise adapt\u00e9e \u00e0 mes usages<\/title>\n<meta name=\"description\" content=\"Apr\u00e8s avoir choisi la version Aporia\u00ae, ce guide vous aide \u00e0 s\u00e9lectionner l\u2019assise la plus adapt\u00e9e \u00e0 vos usages nomades ou stationnaires.\" \/>\n<meta name=\"robots\" content=\"index, follow, max-snippet:-1, max-image-preview:large, max-video-preview:-1\" \/>\n<link rel=\"canonical\" href=\"http:\/\/blueportance.com\/en\/guide-express-usages\/\" \/>\n<meta property=\"og:locale\" content=\"en_GB\" \/>\n<meta property=\"og:type\" content=\"article\" \/>\n<meta property=\"og:title\" content=\"MON GUIDE EXPRESS POUR CHOISIR MON ASSISE PARFAITE (Validation des usages)\" \/>\n<meta property=\"og:description\" content=\"Apr\u00e8s avoir choisi la version Aporia\u00ae, ce guide vous aide \u00e0 s\u00e9lectionner l\u2019assise la plus adapt\u00e9e \u00e0 vos usages nomades ou stationnaires.\" \/>\n<meta property=\"og:url\" content=\"http:\/\/blueportance.com\/en\/guide-express-usages\/\" \/>\n<meta property=\"og:site_name\" content=\"Blue Portance\" \/>\n<meta property=\"article:publisher\" content=\"https:\/\/www.facebook.com\/people\/Blue-Portance\/100095243965964\/\" \/>\n<meta property=\"article:modified_time\" content=\"2026-02-01T13:14:53+00:00\" \/>\n<meta property=\"og:image\" content=\"https:\/\/blueportance.us\/wp-content\/uploads\/IMG-20241218-WA0026.jpg\" \/>\n<meta name=\"twitter:card\" content=\"summary_large_image\" \/>\n<meta name=\"twitter:label1\" content=\"Estimated reading time\" \/>\n\t<meta name=\"twitter:data1\" content=\"4 minutes\" \/>\n<!-- \/ Yoast SEO Premium plugin. -->","yoast_head_json":{"title":"Guide Express Aporia\u00ae : choisir l\u2019assise adapt\u00e9e \u00e0 mes usages","description":"Apr\u00e8s avoir choisi la version Aporia\u00ae, ce guide vous aide \u00e0 s\u00e9lectionner l\u2019assise la plus adapt\u00e9e \u00e0 vos usages nomades ou stationnaires.","robots":{"index":"index","follow":"follow","max-snippet":"max-snippet:-1","max-image-preview":"max-image-preview:large","max-video-preview":"max-video-preview:-1"},"canonical":"http:\/\/blueportance.com\/en\/guide-express-usages\/","og_locale":"en_GB","og_type":"article","og_title":"MON GUIDE EXPRESS POUR CHOISIR MON ASSISE PARFAITE (Validation des usages)","og_description":"Apr\u00e8s avoir choisi la version Aporia\u00ae, ce guide vous aide \u00e0 s\u00e9lectionner l\u2019assise la plus adapt\u00e9e \u00e0 vos usages nomades ou stationnaires.","og_url":"http:\/\/blueportance.com\/en\/guide-express-usages\/","og_site_name":"Blue Portance","article_publisher":"https:\/\/www.facebook.com\/people\/Blue-Portance\/100095243965964\/","article_modified_time":"2026-02-01T13:14:53+00:00","og_image":[{"url":"https:\/\/blueportance.us\/wp-content\/uploads\/IMG-20241218-WA0026.jpg","type":"","width":"","height":""}],"twitter_card":"summary_large_image","twitter_misc":{"Estimated reading time":"4 minutes"},"schema":{"@context":"https:\/\/schema.org","@graph":[{"@type":"WebPage","@id":"http:\/\/blueportance.com\/guide-express-usages\/","url":"http:\/\/blueportance.com\/guide-express-usages\/","name":"Guide Express Aporia\u00ae : choisir l\u2019assise adapt\u00e9e \u00e0 mes usages","isPartOf":{"@id":"https:\/\/blueportance.com\/#website"},"primaryImageOfPage":{"@id":"http:\/\/blueportance.com\/guide-express-usages\/#primaryimage"},"image":{"@id":"http:\/\/blueportance.com\/guide-express-usages\/#primaryimage"},"thumbnailUrl":"https:\/\/blueportance.us\/wp-content\/uploads\/IMG-20241218-WA0026.jpg","datePublished":"2026-02-01T10:31:52+00:00","dateModified":"2026-02-01T13:14:53+00:00","description":"Apr\u00e8s avoir choisi la version Aporia\u00ae, ce guide vous aide \u00e0 s\u00e9lectionner l\u2019assise la plus adapt\u00e9e \u00e0 vos usages nomades ou stationnaires.","breadcrumb":{"@id":"http:\/\/blueportance.com\/guide-express-usages\/#breadcrumb"},"inLanguage":"en-GB","potentialAction":[{"@type":"ReadAction","target":["http:\/\/blueportance.com\/guide-express-usages\/"]}]},{"@type":"ImageObject","inLanguage":"en-GB","@id":"http:\/\/blueportance.com\/guide-express-usages\/#primaryimage","url":"https:\/\/blueportance.us\/wp-content\/uploads\/IMG-20241218-WA0026.jpg","contentUrl":"https:\/\/blueportance.us\/wp-content\/uploads\/IMG-20241218-WA0026.jpg"},{"@type":"BreadcrumbList","@id":"http:\/\/blueportance.com\/guide-express-usages\/#breadcrumb","itemListElement":[{"@type":"ListItem","position":1,"name":"Accueil","item":"https:\/\/blueportance.com\/"},{"@type":"ListItem","position":2,"name":"MON GUIDE EXPRESS POUR CHOISIR MON ASSISE PARFAITE (Validation des usages)"}]},{"@type":"WebSite","@id":"https:\/\/blueportance.com\/#website","url":"https:\/\/blueportance.com\/","name":"Blue Portance","description":"Assises ergonomiques pour une posture saine et dynamique","publisher":{"@id":"https:\/\/blueportance.com\/#organization"},"potentialAction":[{"@type":"SearchAction","target":{"@type":"EntryPoint","urlTemplate":"https:\/\/blueportance.com\/?s={search_term_string}"},"query-input":{"@type":"PropertyValueSpecification","valueRequired":true,"valueName":"search_term_string"}}],"inLanguage":"en-GB"},{"@type":"Organization","@id":"https:\/\/blueportance.com\/#organization","name":"Blue Portance","url":"https:\/\/blueportance.com\/","logo":{"@type":"ImageObject","inLanguage":"en-GB","@id":"https:\/\/blueportance.com\/#\/schema\/logo\/image\/","url":"https:\/\/blueportance.com\/wp-content\/uploads\/Logo-Blue-Portance.webp","contentUrl":"https:\/\/blueportance.com\/wp-content\/uploads\/Logo-Blue-Portance.webp","width":246,"height":50,"caption":"Blue Portance"},"image":{"@id":"https:\/\/blueportance.com\/#\/schema\/logo\/image\/"},"sameAs":["https:\/\/www.facebook.com\/people\/Blue-Portance\/100095243965964\/"]}]}},"_links":{"self":[{"href":"https:\/\/blueportance.com\/en\/wp-json\/wp\/v2\/pages\/3808","targetHints":{"allow":["GET"]}}],"collection":[{"href":"https:\/\/blueportance.com\/en\/wp-json\/wp\/v2\/pages"}],"about":[{"href":"https:\/\/blueportance.com\/en\/wp-json\/wp\/v2\/types\/page"}],"author":[{"embeddable":true,"href":"https:\/\/blueportance.com\/en\/wp-json\/wp\/v2\/users\/6"}],"replies":[{"embeddable":true,"href":"https:\/\/blueportance.com\/en\/wp-json\/wp\/v2\/comments?post=3808"}],"version-history":[{"count":20,"href":"https:\/\/blueportance.com\/en\/wp-json\/wp\/v2\/pages\/3808\/revisions"}],"predecessor-version":[{"id":3835,"href":"https:\/\/blueportance.com\/en\/wp-json\/wp\/v2\/pages\/3808\/revisions\/3835"}],"wp:attachment":[{"href":"https:\/\/blueportance.com\/en\/wp-json\/wp\/v2\/media?parent=3808"}],"wp:term":[{"taxonomy":"pathologie_secondaire","embeddable":true,"href":"https:\/\/blueportance.com\/en\/wp-json\/wp\/v2\/pathologie_secondaire?post=3808"},{"taxonomy":"effet_positif","embeddable":true,"href":"https:\/\/blueportance.com\/en\/wp-json\/wp\/v2\/effet_positif?post=3808"}],"curies":[{"name":"wp","href":"https:\/\/api.w.org\/{rel}","templated":true}]}}