{"id":1384,"date":"2024-10-21T11:44:22","date_gmt":"2024-10-21T09:44:22","guid":{"rendered":"https:\/\/x3wa81tzml.onrocket.site\/?page_id=1384"},"modified":"2024-11-06T22:29:44","modified_gmt":"2024-11-06T21:29:44","slug":"coccyx-douloureux-coussin-aporia","status":"publish","type":"page","link":"https:\/\/blueportance.com\/en\/coccyx-douloureux-coussin-aporia\/","title":{"rendered":"Coussin pour coccyx douloureux APORIA\u00ae : Dites adieu aux douleurs en position assise"},"content":{"rendered":"<figure class=\"wp-block-image aligncenter size-full is-resized\"><a href=\"https:\/\/blueportance.com\/wp-content\/uploads\/Douleur-coccyx-APORIA-scaled.jpg\"><img loading=\"lazy\" decoding=\"async\" width=\"2560\" height=\"1673\" src=\"https:\/\/blueportance.com\/wp-content\/uploads\/Douleur-coccyx-APORIA-scaled.jpg\" alt=\"Douleur coccyx APORIA\" class=\"wp-image-498\" style=\"width:840px;height:auto\" srcset=\"https:\/\/blueportance.com\/wp-content\/uploads\/Douleur-coccyx-APORIA-scaled.jpg 2560w, https:\/\/blueportance.com\/wp-content\/uploads\/Douleur-coccyx-APORIA-scaled-510x333.jpg 510w, https:\/\/blueportance.com\/wp-content\/uploads\/Douleur-coccyx-APORIA-612x400.jpg 612w, https:\/\/blueportance.com\/wp-content\/uploads\/Douleur-coccyx-APORIA-1224x800.jpg 1224w, https:\/\/blueportance.com\/wp-content\/uploads\/Douleur-coccyx-APORIA-768x502.jpg 768w, https:\/\/blueportance.com\/wp-content\/uploads\/Douleur-coccyx-APORIA-1536x1004.jpg 1536w, https:\/\/blueportance.com\/wp-content\/uploads\/Douleur-coccyx-APORIA-2048x1338.jpg 2048w\" sizes=\"auto, (max-width: 2560px) 100vw, 2560px\" \/><\/a><\/figure>\n\n\n\n<p><\/p>\n\n\n\n<p>Les douleurs au<strong> coccyx<\/strong>, connues sous le nom de coccygodynie, provoquent des douleurs aigu\u00ebs dans la partie inf\u00e9rieure du dos. Ces douleurs surviennent souvent apr\u00e8s un traumatisme (chute), des pressions prolong\u00e9es sur le<strong> <\/strong>coccyx (comme une position assise prolong\u00e9e) ou apr\u00e8s un accouchement difficile. Peuvent \u00e9galement appara\u00eetre des douleurs progressives, rendant inconfortable, voire douloureux le fait de rester assis.<\/p>\n\n\n\n<p>Pour r\u00e9pondre \u00e0 cette probl\u00e9matique, Blue Portance a d\u00e9velopp\u00e9 le <a href=\"https:\/\/blueportance.com\/en\/produits\/coussin-coccyx-aporia\/\">coussin pour coccyx douloureux<\/a> APORIA\u00ae, un produit ergonomique sp\u00e9cialement con\u00e7u pour soulager efficacement les douleurs dans cette zone sensible.<\/p>\n\n\n\n<p>Blue Portance se positionne comme un acteur de premier plan dans le domaine des solutions d&rsquo;assise ergonomiques, en offrant un <strong>coussin pour coccyx douloureux<\/strong> de haute qualit\u00e9, enti\u00e8rement fabriqu\u00e9 en France. Gr\u00e2ce \u00e0 notre technologie brevet\u00e9e APORIA\u00ae, issue de recherches approfondies dans le secteur de la sant\u00e9, nous proposons des produits innovants qui r\u00e9pondent aux besoins de confort et de bien-\u00eatre. Notre engagement en mati\u00e8re de recherche et d\u00e9veloppement est soutenu par des partenariats m\u00e9dicaux solides, notamment avec le CHU de Nantes, qui contribue \u00e0 l&rsquo;efficacit\u00e9 de la gamme APORIA\u00ae. Pour d\u00e9couvrir nos produits, rendez-vous sur le site officiel de Blue Portance.<\/p>\n\n\n\n<h2 class=\"wp-block-heading\">Pourquoi adopter le coussin pour coccyx douloureux APORIA\u00ae ?<\/h2>\n\n\n\n<p>Adopter le <a href=\"https:\/\/blueportance.com\/en\/produits\/coussin-coccyx-aporia\/\">coussin pour coccyx douloureux<\/a><strong><a href=\"https:\/\/blueportance.com\/en\/produits\/coussin-coccyx-aporia\/\"> <\/a><\/strong>APORIA\u00ae, c&rsquo;est profiter d&rsquo;un soulagement imm\u00e9diat et notable des douleurs en position assise. Con\u00e7u pour att\u00e9nuer les tensions musculo-articulaires dans la r\u00e9gion du <strong>coccyx,<\/strong> il r\u00e9duit efficacement l&rsquo;inflammation et favorise le r\u00e9tablissement de la mobilit\u00e9. \u00c0 long terme, il vous aide \u00e0 retrouver une posture naturelle, sans avoir \u00e0 d\u00e9pendre d\u2019un coussin pour vous asseoir confortablement.<\/p>\n\n\n\n<p>Le <strong>coussin pour coccyx douloureux APORIA\u00ae<\/strong> se distingue par son design r\u00e9volutionnaire, combinant les avantages d\u2019un exosquelette et d\u2019un coussin traditionnel. Cette technologie avanc\u00e9e permet au coussin de s&rsquo;adapter aux mouvements de l&rsquo;utilisateur, offrant ainsi un soutien dynamique et personnalis\u00e9. En suivant parfaitement la morphologie de chacun, il aide \u00e0 maintenir une posture correcte tout en r\u00e9duisant la pression exerc\u00e9e sur le coccyx.<\/p>\n\n\n\n<p>L&rsquo;innovation de ce coussin repose sur ses quatre pads articul\u00e9s, qui s\u2019ajustent individuellement pour \u00e9pouser les contours des cuisses et du fessier. Ce syst\u00e8me permet de r\u00e9duire efficacement les tensions musculo-squelettiques et d\u2019apporter un soulagement significatif des douleurs, offrant une exp\u00e9rience assise plus confortable.<\/p>\n\n\n\n<p>Id\u00e9al pour les longues heures assises, le <strong>coussin pour coccyx douloureux<\/strong> APORIA\u00ae garantit un confort ergonomique au quotidien. Que ce soit au bureau, \u00e0 la maison ou en d\u00e9placement, il est con\u00e7u pour maintenir une posture saine tout en soulageant la pression sur le coccyx, r\u00e9duisant ainsi les douleurs chroniques.<\/p>\n\n\n\n<h3 class=\"wp-block-heading\">Contactez-nous pour en savoir plus sur le coussin coccyx douloureux APORIA\u00ae<\/h3>\n\n\n\n<p>Pour obtenir des informations sur le<strong> coussin coccyx douloureux APORIA<\/strong>\u00ae, n&rsquo;h\u00e9sitez pas \u00e0 contacter l&rsquo;\u00e9quipe de Blue Portance. Situ\u00e9e \u00e0 l&rsquo;H\u00f4tel Technoptic, 2 rue Marc Donadille, 13013 Marseille, l&rsquo;\u00e9quipe est joignable sur son site en ligne, par t\u00e9l\u00e9phone au 07 83 86 40 61, ou par email \u00e0 <a href=\"mailto:sharon@blueportance.com\">sharon@blueportance.com<\/a> du Lundi au Vendredi de 10h \u00e0 17h. Livraisons disponibles en France et \u00e0 l\u2019international.<\/p>\n\n\n\n<p>Nos produits sont sp\u00e9cialement con\u00e7us pour r\u00e9pondre aux besoins des professionnels de la sant\u00e9 et des particuliers, offrant des solutions efficaces contre les douleurs au coccyx.<\/p>\n\n\n\n<p><\/p>","protected":false},"excerpt":{"rendered":"<p>Les douleurs au coccyx, connues sous le nom de coccygodynie, provoquent des douleurs aigu\u00ebs dans la partie inf\u00e9rieure du dos. Ces douleurs surviennent souvent apr\u00e8s un traumatisme (chute), des pressions prolong\u00e9es sur le coccyx (comme une position assise prolong\u00e9e) ou apr\u00e8s un accouchement difficile. Peuvent \u00e9galement appara\u00eetre des douleurs progressives, rendant inconfortable, voire douloureux le [&#8230;]\n","protected":false},"author":6,"featured_media":0,"parent":0,"menu_order":0,"comment_status":"closed","ping_status":"closed","template":"","meta":{"_acf_changed":false,"footnotes":""},"pathologie_secondaire":[],"effet_positif":[],"class_list":["post-1384","page","type-page","status-publish","hentry"],"acf":[],"yoast_head":"<!-- This site is optimized with the Yoast SEO Premium plugin v26.9 (Yoast SEO v27.4) - https:\/\/yoast.com\/product\/yoast-seo-premium-wordpress\/ -->\n<title>Coussin pour coccyx douloureux APORIA\u00ae : Dites adieu aux douleurs en position assise - Blue Portance<\/title>\n<meta name=\"robots\" content=\"index, follow, max-snippet:-1, max-image-preview:large, max-video-preview:-1\" \/>\n<link rel=\"canonical\" href=\"http:\/\/blueportance.com\/en\/coccyx-douloureux-coussin-aporia\/\" \/>\n<meta property=\"og:locale\" content=\"en_GB\" \/>\n<meta property=\"og:type\" content=\"article\" \/>\n<meta property=\"og:title\" content=\"Coussin pour coccyx douloureux APORIA\u00ae : Dites adieu aux douleurs en position assise\" \/>\n<meta property=\"og:description\" content=\"Les douleurs au coccyx, connues sous le nom de coccygodynie, provoquent des douleurs aigu\u00ebs dans la partie inf\u00e9rieure du dos. Ces douleurs surviennent souvent apr\u00e8s un traumatisme (chute), des pressions prolong\u00e9es sur le coccyx (comme une position assise prolong\u00e9e) ou apr\u00e8s un accouchement difficile. Peuvent \u00e9galement appara\u00eetre des douleurs progressives, rendant inconfortable, voire douloureux le [...]\" \/>\n<meta property=\"og:url\" content=\"http:\/\/blueportance.com\/en\/coccyx-douloureux-coussin-aporia\/\" \/>\n<meta property=\"og:site_name\" content=\"Blue Portance\" \/>\n<meta property=\"article:publisher\" content=\"https:\/\/www.facebook.com\/people\/Blue-Portance\/100095243965964\/\" \/>\n<meta property=\"article:modified_time\" content=\"2024-11-06T21:29:44+00:00\" \/>\n<meta property=\"og:image\" content=\"https:\/\/blueportance.com\/wp-content\/uploads\/Douleur-coccyx-APORIA-scaled.jpg\" \/>\n<meta name=\"twitter:card\" content=\"summary_large_image\" \/>\n<meta name=\"twitter:label1\" content=\"Estimated reading time\" \/>\n\t<meta name=\"twitter:data1\" content=\"3 minutes\" \/>\n<!-- \/ Yoast SEO Premium plugin. -->","yoast_head_json":{"title":"Coussin pour coccyx douloureux APORIA\u00ae : Dites adieu aux douleurs en position assise - Blue Portance","robots":{"index":"index","follow":"follow","max-snippet":"max-snippet:-1","max-image-preview":"max-image-preview:large","max-video-preview":"max-video-preview:-1"},"canonical":"http:\/\/blueportance.com\/en\/coccyx-douloureux-coussin-aporia\/","og_locale":"en_GB","og_type":"article","og_title":"Coussin pour coccyx douloureux APORIA\u00ae : Dites adieu aux douleurs en position assise","og_description":"Les douleurs au coccyx, connues sous le nom de coccygodynie, provoquent des douleurs aigu\u00ebs dans la partie inf\u00e9rieure du dos. Ces douleurs surviennent souvent apr\u00e8s un traumatisme (chute), des pressions prolong\u00e9es sur le coccyx (comme une position assise prolong\u00e9e) ou apr\u00e8s un accouchement difficile. Peuvent \u00e9galement appara\u00eetre des douleurs progressives, rendant inconfortable, voire douloureux le [...]","og_url":"http:\/\/blueportance.com\/en\/coccyx-douloureux-coussin-aporia\/","og_site_name":"Blue Portance","article_publisher":"https:\/\/www.facebook.com\/people\/Blue-Portance\/100095243965964\/","article_modified_time":"2024-11-06T21:29:44+00:00","og_image":[{"url":"https:\/\/blueportance.com\/wp-content\/uploads\/Douleur-coccyx-APORIA-scaled.jpg","type":"","width":"","height":""}],"twitter_card":"summary_large_image","twitter_misc":{"Estimated reading time":"3 minutes"},"schema":{"@context":"https:\/\/schema.org","@graph":[{"@type":"WebPage","@id":"http:\/\/blueportance.com\/coccyx-douloureux-coussin-aporia\/","url":"http:\/\/blueportance.com\/coccyx-douloureux-coussin-aporia\/","name":"Coussin pour coccyx douloureux APORIA\u00ae : Dites adieu aux douleurs en position assise - Blue Portance","isPartOf":{"@id":"https:\/\/blueportance.com\/#website"},"primaryImageOfPage":{"@id":"http:\/\/blueportance.com\/coccyx-douloureux-coussin-aporia\/#primaryimage"},"image":{"@id":"http:\/\/blueportance.com\/coccyx-douloureux-coussin-aporia\/#primaryimage"},"thumbnailUrl":"https:\/\/blueportance.com\/wp-content\/uploads\/Douleur-coccyx-APORIA-scaled.jpg","datePublished":"2024-10-21T09:44:22+00:00","dateModified":"2024-11-06T21:29:44+00:00","breadcrumb":{"@id":"http:\/\/blueportance.com\/coccyx-douloureux-coussin-aporia\/#breadcrumb"},"inLanguage":"en-GB","potentialAction":[{"@type":"ReadAction","target":["http:\/\/blueportance.com\/coccyx-douloureux-coussin-aporia\/"]}]},{"@type":"ImageObject","inLanguage":"en-GB","@id":"http:\/\/blueportance.com\/coccyx-douloureux-coussin-aporia\/#primaryimage","url":"https:\/\/blueportance.com\/wp-content\/uploads\/Douleur-coccyx-APORIA-scaled.jpg","contentUrl":"https:\/\/blueportance.com\/wp-content\/uploads\/Douleur-coccyx-APORIA-scaled.jpg"},{"@type":"BreadcrumbList","@id":"http:\/\/blueportance.com\/coccyx-douloureux-coussin-aporia\/#breadcrumb","itemListElement":[{"@type":"ListItem","position":1,"name":"Accueil","item":"https:\/\/blueportance.com\/"},{"@type":"ListItem","position":2,"name":"Coussin pour coccyx douloureux APORIA\u00ae : Dites adieu aux douleurs en position assise"}]},{"@type":"WebSite","@id":"https:\/\/blueportance.com\/#website","url":"https:\/\/blueportance.com\/","name":"Blue Portance","description":"Assises ergonomiques pour une posture saine et dynamique","publisher":{"@id":"https:\/\/blueportance.com\/#organization"},"potentialAction":[{"@type":"SearchAction","target":{"@type":"EntryPoint","urlTemplate":"https:\/\/blueportance.com\/?s={search_term_string}"},"query-input":{"@type":"PropertyValueSpecification","valueRequired":true,"valueName":"search_term_string"}}],"inLanguage":"en-GB"},{"@type":"Organization","@id":"https:\/\/blueportance.com\/#organization","name":"Blue Portance","url":"https:\/\/blueportance.com\/","logo":{"@type":"ImageObject","inLanguage":"en-GB","@id":"https:\/\/blueportance.com\/#\/schema\/logo\/image\/","url":"https:\/\/blueportance.com\/wp-content\/uploads\/Logo-Blue-Portance.webp","contentUrl":"https:\/\/blueportance.com\/wp-content\/uploads\/Logo-Blue-Portance.webp","width":246,"height":50,"caption":"Blue Portance"},"image":{"@id":"https:\/\/blueportance.com\/#\/schema\/logo\/image\/"},"sameAs":["https:\/\/www.facebook.com\/people\/Blue-Portance\/100095243965964\/"]}]}},"_links":{"self":[{"href":"https:\/\/blueportance.com\/en\/wp-json\/wp\/v2\/pages\/1384","targetHints":{"allow":["GET"]}}],"collection":[{"href":"https:\/\/blueportance.com\/en\/wp-json\/wp\/v2\/pages"}],"about":[{"href":"https:\/\/blueportance.com\/en\/wp-json\/wp\/v2\/types\/page"}],"author":[{"embeddable":true,"href":"https:\/\/blueportance.com\/en\/wp-json\/wp\/v2\/users\/6"}],"replies":[{"embeddable":true,"href":"https:\/\/blueportance.com\/en\/wp-json\/wp\/v2\/comments?post=1384"}],"version-history":[{"count":0,"href":"https:\/\/blueportance.com\/en\/wp-json\/wp\/v2\/pages\/1384\/revisions"}],"wp:attachment":[{"href":"https:\/\/blueportance.com\/en\/wp-json\/wp\/v2\/media?parent=1384"}],"wp:term":[{"taxonomy":"pathologie_secondaire","embeddable":true,"href":"https:\/\/blueportance.com\/en\/wp-json\/wp\/v2\/pathologie_secondaire?post=1384"},{"taxonomy":"effet_positif","embeddable":true,"href":"https:\/\/blueportance.com\/en\/wp-json\/wp\/v2\/effet_positif?post=1384"}],"curies":[{"name":"wp","href":"https:\/\/api.w.org\/{rel}","templated":true}]}}